{"id":10082,"date":"2022-02-21T10:15:57","date_gmt":"2022-02-21T09:15:57","guid":{"rendered":"https:\/\/www.oldtimerfreunde-freising.de\/offpress\/?page_id=10082"},"modified":"2024-03-13T12:40:37","modified_gmt":"2024-03-13T11:40:37","slug":"ausflug-in-die-motorworld-muenchen","status":"publish","type":"page","link":"https:\/\/www.oldtimerfreunde-freising.de\/offpress\/ausflug-in-die-motorworld-muenchen\/","title":{"rendered":"Ausflug in die Motorworld M\u00fcnchen 2022"},"content":{"rendered":"\n<p>Als eine der ersten Gruppen nach mehreren Monaten der Einschr\u00e4nkungen wurden wir am 19. Februar durch die neue Motorworld im ehemaligen Ausbesserungswerk der Deutschen Bahn in M\u00fcnchen-Freimann gef\u00fchrt. Alle !! 25 angemeldeten Teilnehmer aus unserem Mitgliederkreis trafen sich am fr\u00fchen Nachmittag im Eingangsbereich des denkmalgesch\u00fctzten Geb\u00e4udes.<\/p>\n\n\n\n<p>Hier wurden wir von unserem Reisegruppenf\u00fchrer in Empfang genommen und erhielten zuerst einen Einblick in die Baugeschichte dieses denkw\u00fcrdigen Geb\u00e4udes. Dann machten wir einen Rundgang\u00a0vorbei an diversen exklusiven Autosalons wie Bugatti, McLaren, Morgan oder Alpine-Renault um nur einige zu nennen. Dazwischen waren erwerbbare Schaust\u00fccke exklusiver Oldtimerrestauratoren. Reizvolle Dekorationsst\u00fccke wie eine historische Tankstelle oder ein amerikanischer Truck dienen hier zur Auflockerung. Nicht zuletzt sei eine riesige Carrerabahn zu erw\u00e4hnen und ein Hutmacher, der f\u00fcr die richtige Kopfbedeckung f\u00fcr Cabrioletinsassen sorgen kann.<\/p>\n\n\n\n<p>Bemerkenswert ist das vielseitige gastronomische Angebot von Caf\u00e9s bis zum integrierten Ameron-Hotel. In diesem ist es sogar m\u00f6glich, mit dem eigenen Auto im Zimmer zu \u00fcbernachten. Kleine und gro\u00dfe Themen-B\u00fcros zur stunden- oder tageweisen Vermietung wurden uns gezeigt bis hin zur Eventhalle f\u00fcr mehrere hundert Personen. Die Kosten f\u00fcr die F\u00fchrung und damit f\u00fcr die tieferen Einblicke in die Motorworld wurden vom Verein getragen.<\/p>\n\n\n\n<p>Man k\u00f6nnte sich hier den ganzen Tag aufhalten.<\/p>\n\n\n\n<p>Anschlie\u00dfend hatten wir Pl\u00e4tze im Motorworld Inn reserviert ,\u00a0obwohl noch viel mehr zu sehen gewesen w\u00e4re. Hier st\u00e4rkten wir uns bei Kaffee und Kuchen und fuhren dann voll mit interessanten und neuen Eindr\u00fccken wieder nach Hause.<\/p>\n\n\n\n<div class=\"wp-block-advgb-accordions advgb-accordion-wrapper\">\n<div class=\"wp-block-advgb-accordion-item advgb-accordion-item\" style=\"margin-bottom:15px\"><div class=\"advgb-accordion-header\" style=\"background-color:#000;color:#eee;border-style:solid;border-width:1px;border-radius:2px\"><span class=\"advgb-accordion-header-icon\"><svg fill=\"#fff\" xmlns=\"http:\/\/www.w3.org\/2000\/svg\" width=\"24\" height=\"24\" viewbox=\"0 0 24 24\"><path fill=\"none\" d=\"M0,0h24v24H0V0z\"><\/path><path d=\"M13,7h-2v4H7v2h4v4h2v-4h4v-2h-4V7z M12,2C6.48,2,2,6.48,2,12s4.48,10,10,10s10-4.48,10-10S17.52,2,12,2z M12,20 c-4.41,0-8-3.59-8-8s3.59-8,8-8s8,3.59,8,8S16.41,20,12,20z\"><\/path><\/svg><\/span><h4 class=\"advgb-accordion-header-title\" style=\"color:inherit\">Impressionen aus der Motorworld M\u00fcnchen<\/h4><\/div><div class=\"advgb-accordion-body\" style=\"border-style:solid !important;border-width:1px !important;border-color:undefined !important;border-top:none !important;border-radius:2px !important\">\n<figure class=\"wp-block-gallery has-nested-images columns-default is-cropped wp-block-gallery-1 is-layout-flex wp-block-gallery-is-layout-flex\">\n<figure class=\"wp-block-image size-large\"><img loading=\"lazy\" decoding=\"async\" width=\"2000\" height=\"1333\" data-id=\"10074\" src=\"https:\/\/www.oldtimerfreunde-freising.de\/offpress\/wp-content\/uploads\/2022\/02\/DSC_0026.jpg\" alt=\"\" class=\"wp-image-10074\" srcset=\"https:\/\/www.oldtimerfreunde-freising.de\/offpress\/wp-content\/uploads\/2022\/02\/DSC_0026.jpg 2000w, https:\/\/www.oldtimerfreunde-freising.de\/offpress\/wp-content\/uploads\/2022\/02\/DSC_0026-300x200.jpg 300w, https:\/\/www.oldtimerfreunde-freising.de\/offpress\/wp-content\/uploads\/2022\/02\/DSC_0026-1024x682.jpg 1024w, https:\/\/www.oldtimerfreunde-freising.de\/offpress\/wp-content\/uploads\/2022\/02\/DSC_0026-768x512.jpg 768w, https:\/\/www.oldtimerfreunde-freising.de\/offpress\/wp-content\/uploads\/2022\/02\/DSC_0026-1536x1024.jpg 1536w\" sizes=\"auto, (max-width: 2000px) 100vw, 2000px\" \/><\/figure>\n\n\n\n<figure class=\"wp-block-image size-large\"><img loading=\"lazy\" decoding=\"async\" width=\"2000\" height=\"1333\" data-id=\"10072\" src=\"https:\/\/www.oldtimerfreunde-freising.de\/offpress\/wp-content\/uploads\/2022\/02\/DSC_0024.jpg\" alt=\"\" class=\"wp-image-10072\" srcset=\"https:\/\/www.oldtimerfreunde-freising.de\/offpress\/wp-content\/uploads\/2022\/02\/DSC_0024.jpg 2000w, https:\/\/www.oldtimerfreunde-freising.de\/offpress\/wp-content\/uploads\/2022\/02\/DSC_0024-300x200.jpg 300w, https:\/\/www.oldtimerfreunde-freising.de\/offpress\/wp-content\/uploads\/2022\/02\/DSC_0024-1024x682.jpg 1024w, https:\/\/www.oldtimerfreunde-freising.de\/offpress\/wp-content\/uploads\/2022\/02\/DSC_0024-768x512.jpg 768w, https:\/\/www.oldtimerfreunde-freising.de\/offpress\/wp-content\/uploads\/2022\/02\/DSC_0024-1536x1024.jpg 1536w\" sizes=\"auto, (max-width: 2000px) 100vw, 2000px\" \/><\/figure>\n\n\n\n<figure class=\"wp-block-image size-large\"><img loading=\"lazy\" decoding=\"async\" width=\"2000\" height=\"1333\" data-id=\"10071\" src=\"https:\/\/www.oldtimerfreunde-freising.de\/offpress\/wp-content\/uploads\/2022\/02\/DSC_0022.jpg\" alt=\"\" class=\"wp-image-10071\" srcset=\"https:\/\/www.oldtimerfreunde-freising.de\/offpress\/wp-content\/uploads\/2022\/02\/DSC_0022.jpg 2000w, https:\/\/www.oldtimerfreunde-freising.de\/offpress\/wp-content\/uploads\/2022\/02\/DSC_0022-300x200.jpg 300w, https:\/\/www.oldtimerfreunde-freising.de\/offpress\/wp-content\/uploads\/2022\/02\/DSC_0022-1024x682.jpg 1024w, https:\/\/www.oldtimerfreunde-freising.de\/offpress\/wp-content\/uploads\/2022\/02\/DSC_0022-768x512.jpg 768w, https:\/\/www.oldtimerfreunde-freising.de\/offpress\/wp-content\/uploads\/2022\/02\/DSC_0022-1536x1024.jpg 1536w\" sizes=\"auto, (max-width: 2000px) 100vw, 2000px\" \/><\/figure>\n\n\n\n<figure class=\"wp-block-image size-large\"><img loading=\"lazy\" decoding=\"async\" width=\"2000\" height=\"1333\" data-id=\"10065\" src=\"https:\/\/www.oldtimerfreunde-freising.de\/offpress\/wp-content\/uploads\/2022\/02\/DSC_0015.jpg\" alt=\"\" class=\"wp-image-10065\" srcset=\"https:\/\/www.oldtimerfreunde-freising.de\/offpress\/wp-content\/uploads\/2022\/02\/DSC_0015.jpg 2000w, https:\/\/www.oldtimerfreunde-freising.de\/offpress\/wp-content\/uploads\/2022\/02\/DSC_0015-300x200.jpg 300w, https:\/\/www.oldtimerfreunde-freising.de\/offpress\/wp-content\/uploads\/2022\/02\/DSC_0015-1024x682.jpg 1024w, https:\/\/www.oldtimerfreunde-freising.de\/offpress\/wp-content\/uploads\/2022\/02\/DSC_0015-768x512.jpg 768w, https:\/\/www.oldtimerfreunde-freising.de\/offpress\/wp-content\/uploads\/2022\/02\/DSC_0015-1536x1024.jpg 1536w\" sizes=\"auto, (max-width: 2000px) 100vw, 2000px\" \/><\/figure>\n\n\n\n<figure class=\"wp-block-image size-large\"><img loading=\"lazy\" decoding=\"async\" width=\"2000\" height=\"1333\" data-id=\"10073\" src=\"https:\/\/www.oldtimerfreunde-freising.de\/offpress\/wp-content\/uploads\/2022\/02\/DSC_0025.jpg\" alt=\"\" class=\"wp-image-10073\" srcset=\"https:\/\/www.oldtimerfreunde-freising.de\/offpress\/wp-content\/uploads\/2022\/02\/DSC_0025.jpg 2000w, https:\/\/www.oldtimerfreunde-freising.de\/offpress\/wp-content\/uploads\/2022\/02\/DSC_0025-300x200.jpg 300w, https:\/\/www.oldtimerfreunde-freising.de\/offpress\/wp-content\/uploads\/2022\/02\/DSC_0025-1024x682.jpg 1024w, https:\/\/www.oldtimerfreunde-freising.de\/offpress\/wp-content\/uploads\/2022\/02\/DSC_0025-768x512.jpg 768w, https:\/\/www.oldtimerfreunde-freising.de\/offpress\/wp-content\/uploads\/2022\/02\/DSC_0025-1536x1024.jpg 1536w\" sizes=\"auto, (max-width: 2000px) 100vw, 2000px\" \/><\/figure>\n\n\n\n<figure class=\"wp-block-image size-large\"><img loading=\"lazy\" decoding=\"async\" width=\"2000\" height=\"1333\" data-id=\"10079\" src=\"https:\/\/www.oldtimerfreunde-freising.de\/offpress\/wp-content\/uploads\/2022\/02\/DSC_0032.jpg\" alt=\"\" class=\"wp-image-10079\" srcset=\"https:\/\/www.oldtimerfreunde-freising.de\/offpress\/wp-content\/uploads\/2022\/02\/DSC_0032.jpg 2000w, https:\/\/www.oldtimerfreunde-freising.de\/offpress\/wp-content\/uploads\/2022\/02\/DSC_0032-300x200.jpg 300w, https:\/\/www.oldtimerfreunde-freising.de\/offpress\/wp-content\/uploads\/2022\/02\/DSC_0032-1024x682.jpg 1024w, https:\/\/www.oldtimerfreunde-freising.de\/offpress\/wp-content\/uploads\/2022\/02\/DSC_0032-768x512.jpg 768w, https:\/\/www.oldtimerfreunde-freising.de\/offpress\/wp-content\/uploads\/2022\/02\/DSC_0032-1536x1024.jpg 1536w\" sizes=\"auto, (max-width: 2000px) 100vw, 2000px\" \/><\/figure>\n\n\n\n<figure class=\"wp-block-image size-large\"><img loading=\"lazy\" decoding=\"async\" width=\"2000\" height=\"1333\" data-id=\"10076\" src=\"https:\/\/www.oldtimerfreunde-freising.de\/offpress\/wp-content\/uploads\/2022\/02\/DSC_0028.jpg\" alt=\"\" class=\"wp-image-10076\" srcset=\"https:\/\/www.oldtimerfreunde-freising.de\/offpress\/wp-content\/uploads\/2022\/02\/DSC_0028.jpg 2000w, https:\/\/www.oldtimerfreunde-freising.de\/offpress\/wp-content\/uploads\/2022\/02\/DSC_0028-300x200.jpg 300w, https:\/\/www.oldtimerfreunde-freising.de\/offpress\/wp-content\/uploads\/2022\/02\/DSC_0028-1024x682.jpg 1024w, https:\/\/www.oldtimerfreunde-freising.de\/offpress\/wp-content\/uploads\/2022\/02\/DSC_0028-768x512.jpg 768w, https:\/\/www.oldtimerfreunde-freising.de\/offpress\/wp-content\/uploads\/2022\/02\/DSC_0028-1536x1024.jpg 1536w\" sizes=\"auto, (max-width: 2000px) 100vw, 2000px\" \/><\/figure>\n\n\n\n<figure class=\"wp-block-image size-large\"><img loading=\"lazy\" decoding=\"async\" width=\"2000\" height=\"1333\" data-id=\"10080\" src=\"https:\/\/www.oldtimerfreunde-freising.de\/offpress\/wp-content\/uploads\/2022\/02\/DSC_0033.jpg\" alt=\"\" class=\"wp-image-10080\" srcset=\"https:\/\/www.oldtimerfreunde-freising.de\/offpress\/wp-content\/uploads\/2022\/02\/DSC_0033.jpg 2000w, https:\/\/www.oldtimerfreunde-freising.de\/offpress\/wp-content\/uploads\/2022\/02\/DSC_0033-300x200.jpg 300w, https:\/\/www.oldtimerfreunde-freising.de\/offpress\/wp-content\/uploads\/2022\/02\/DSC_0033-1024x682.jpg 1024w, https:\/\/www.oldtimerfreunde-freising.de\/offpress\/wp-content\/uploads\/2022\/02\/DSC_0033-768x512.jpg 768w, https:\/\/www.oldtimerfreunde-freising.de\/offpress\/wp-content\/uploads\/2022\/02\/DSC_0033-1536x1024.jpg 1536w\" sizes=\"auto, (max-width: 2000px) 100vw, 2000px\" \/><\/figure>\n\n\n\n<figure class=\"wp-block-image size-large\"><img loading=\"lazy\" decoding=\"async\" width=\"2000\" height=\"1333\" data-id=\"10064\" src=\"https:\/\/www.oldtimerfreunde-freising.de\/offpress\/wp-content\/uploads\/2022\/02\/DSC_0014.jpg\" alt=\"\" class=\"wp-image-10064\" srcset=\"https:\/\/www.oldtimerfreunde-freising.de\/offpress\/wp-content\/uploads\/2022\/02\/DSC_0014.jpg 2000w, https:\/\/www.oldtimerfreunde-freising.de\/offpress\/wp-content\/uploads\/2022\/02\/DSC_0014-300x200.jpg 300w, https:\/\/www.oldtimerfreunde-freising.de\/offpress\/wp-content\/uploads\/2022\/02\/DSC_0014-1024x682.jpg 1024w, https:\/\/www.oldtimerfreunde-freising.de\/offpress\/wp-content\/uploads\/2022\/02\/DSC_0014-768x512.jpg 768w, https:\/\/www.oldtimerfreunde-freising.de\/offpress\/wp-content\/uploads\/2022\/02\/DSC_0014-1536x1024.jpg 1536w\" sizes=\"auto, (max-width: 2000px) 100vw, 2000px\" \/><\/figure>\n\n\n\n<figure class=\"wp-block-image size-large\"><img loading=\"lazy\" decoding=\"async\" width=\"2000\" height=\"1333\" data-id=\"10070\" src=\"https:\/\/www.oldtimerfreunde-freising.de\/offpress\/wp-content\/uploads\/2022\/02\/DSC_0021.jpg\" alt=\"\" class=\"wp-image-10070\" srcset=\"https:\/\/www.oldtimerfreunde-freising.de\/offpress\/wp-content\/uploads\/2022\/02\/DSC_0021.jpg 2000w, https:\/\/www.oldtimerfreunde-freising.de\/offpress\/wp-content\/uploads\/2022\/02\/DSC_0021-300x200.jpg 300w, https:\/\/www.oldtimerfreunde-freising.de\/offpress\/wp-content\/uploads\/2022\/02\/DSC_0021-1024x682.jpg 1024w, https:\/\/www.oldtimerfreunde-freising.de\/offpress\/wp-content\/uploads\/2022\/02\/DSC_0021-768x512.jpg 768w, https:\/\/www.oldtimerfreunde-freising.de\/offpress\/wp-content\/uploads\/2022\/02\/DSC_0021-1536x1024.jpg 1536w\" sizes=\"auto, (max-width: 2000px) 100vw, 2000px\" \/><\/figure>\n\n\n\n<figure class=\"wp-block-image size-large\"><img loading=\"lazy\" decoding=\"async\" width=\"2000\" height=\"1333\" data-id=\"10069\" src=\"https:\/\/www.oldtimerfreunde-freising.de\/offpress\/wp-content\/uploads\/2022\/02\/DSC_0020.jpg\" alt=\"\" class=\"wp-image-10069\" srcset=\"https:\/\/www.oldtimerfreunde-freising.de\/offpress\/wp-content\/uploads\/2022\/02\/DSC_0020.jpg 2000w, https:\/\/www.oldtimerfreunde-freising.de\/offpress\/wp-content\/uploads\/2022\/02\/DSC_0020-300x200.jpg 300w, https:\/\/www.oldtimerfreunde-freising.de\/offpress\/wp-content\/uploads\/2022\/02\/DSC_0020-1024x682.jpg 1024w, https:\/\/www.oldtimerfreunde-freising.de\/offpress\/wp-content\/uploads\/2022\/02\/DSC_0020-768x512.jpg 768w, https:\/\/www.oldtimerfreunde-freising.de\/offpress\/wp-content\/uploads\/2022\/02\/DSC_0020-1536x1024.jpg 1536w\" sizes=\"auto, (max-width: 2000px) 100vw, 2000px\" \/><\/figure>\n\n\n\n<figure class=\"wp-block-image size-large\"><img loading=\"lazy\" decoding=\"async\" width=\"2000\" height=\"1333\" data-id=\"10068\" src=\"https:\/\/www.oldtimerfreunde-freising.de\/offpress\/wp-content\/uploads\/2022\/02\/DSC_0019.jpg\" alt=\"\" class=\"wp-image-10068\" srcset=\"https:\/\/www.oldtimerfreunde-freising.de\/offpress\/wp-content\/uploads\/2022\/02\/DSC_0019.jpg 2000w, https:\/\/www.oldtimerfreunde-freising.de\/offpress\/wp-content\/uploads\/2022\/02\/DSC_0019-300x200.jpg 300w, https:\/\/www.oldtimerfreunde-freising.de\/offpress\/wp-content\/uploads\/2022\/02\/DSC_0019-1024x682.jpg 1024w, https:\/\/www.oldtimerfreunde-freising.de\/offpress\/wp-content\/uploads\/2022\/02\/DSC_0019-768x512.jpg 768w, https:\/\/www.oldtimerfreunde-freising.de\/offpress\/wp-content\/uploads\/2022\/02\/DSC_0019-1536x1024.jpg 1536w\" sizes=\"auto, (max-width: 2000px) 100vw, 2000px\" \/><\/figure>\n\n\n\n<figure class=\"wp-block-image size-large\"><img loading=\"lazy\" decoding=\"async\" width=\"2000\" height=\"1333\" data-id=\"10081\" src=\"https:\/\/www.oldtimerfreunde-freising.de\/offpress\/wp-content\/uploads\/2022\/02\/DSC_0035.jpg\" alt=\"\" class=\"wp-image-10081\" srcset=\"https:\/\/www.oldtimerfreunde-freising.de\/offpress\/wp-content\/uploads\/2022\/02\/DSC_0035.jpg 2000w, https:\/\/www.oldtimerfreunde-freising.de\/offpress\/wp-content\/uploads\/2022\/02\/DSC_0035-300x200.jpg 300w, https:\/\/www.oldtimerfreunde-freising.de\/offpress\/wp-content\/uploads\/2022\/02\/DSC_0035-1024x682.jpg 1024w, https:\/\/www.oldtimerfreunde-freising.de\/offpress\/wp-content\/uploads\/2022\/02\/DSC_0035-768x512.jpg 768w, https:\/\/www.oldtimerfreunde-freising.de\/offpress\/wp-content\/uploads\/2022\/02\/DSC_0035-1536x1024.jpg 1536w\" sizes=\"auto, (max-width: 2000px) 100vw, 2000px\" \/><\/figure>\n\n\n\n<figure class=\"wp-block-image size-large\"><img loading=\"lazy\" decoding=\"async\" width=\"2000\" height=\"1333\" data-id=\"10075\" src=\"https:\/\/www.oldtimerfreunde-freising.de\/offpress\/wp-content\/uploads\/2022\/02\/DSC_0027.jpg\" alt=\"\" class=\"wp-image-10075\" srcset=\"https:\/\/www.oldtimerfreunde-freising.de\/offpress\/wp-content\/uploads\/2022\/02\/DSC_0027.jpg 2000w, https:\/\/www.oldtimerfreunde-freising.de\/offpress\/wp-content\/uploads\/2022\/02\/DSC_0027-300x200.jpg 300w, https:\/\/www.oldtimerfreunde-freising.de\/offpress\/wp-content\/uploads\/2022\/02\/DSC_0027-1024x682.jpg 1024w, https:\/\/www.oldtimerfreunde-freising.de\/offpress\/wp-content\/uploads\/2022\/02\/DSC_0027-768x512.jpg 768w, https:\/\/www.oldtimerfreunde-freising.de\/offpress\/wp-content\/uploads\/2022\/02\/DSC_0027-1536x1024.jpg 1536w\" sizes=\"auto, (max-width: 2000px) 100vw, 2000px\" \/><\/figure>\n\n\n\n<figure class=\"wp-block-image size-large\"><img loading=\"lazy\" decoding=\"async\" width=\"1333\" height=\"2000\" data-id=\"10077\" src=\"https:\/\/www.oldtimerfreunde-freising.de\/offpress\/wp-content\/uploads\/2022\/02\/DSC_0029.jpg\" alt=\"\" class=\"wp-image-10077\" srcset=\"https:\/\/www.oldtimerfreunde-freising.de\/offpress\/wp-content\/uploads\/2022\/02\/DSC_0029.jpg 1333w, https:\/\/www.oldtimerfreunde-freising.de\/offpress\/wp-content\/uploads\/2022\/02\/DSC_0029-200x300.jpg 200w, https:\/\/www.oldtimerfreunde-freising.de\/offpress\/wp-content\/uploads\/2022\/02\/DSC_0029-682x1024.jpg 682w, https:\/\/www.oldtimerfreunde-freising.de\/offpress\/wp-content\/uploads\/2022\/02\/DSC_0029-768x1152.jpg 768w, https:\/\/www.oldtimerfreunde-freising.de\/offpress\/wp-content\/uploads\/2022\/02\/DSC_0029-1024x1536.jpg 1024w\" sizes=\"auto, (max-width: 1333px) 100vw, 1333px\" \/><\/figure>\n\n\n\n<figure class=\"wp-block-image size-large\"><img loading=\"lazy\" decoding=\"async\" width=\"2000\" height=\"1333\" data-id=\"10078\" src=\"https:\/\/www.oldtimerfreunde-freising.de\/offpress\/wp-content\/uploads\/2022\/02\/DSC_0030.jpg\" alt=\"\" class=\"wp-image-10078\" srcset=\"https:\/\/www.oldtimerfreunde-freising.de\/offpress\/wp-content\/uploads\/2022\/02\/DSC_0030.jpg 2000w, https:\/\/www.oldtimerfreunde-freising.de\/offpress\/wp-content\/uploads\/2022\/02\/DSC_0030-300x200.jpg 300w, https:\/\/www.oldtimerfreunde-freising.de\/offpress\/wp-content\/uploads\/2022\/02\/DSC_0030-1024x682.jpg 1024w, https:\/\/www.oldtimerfreunde-freising.de\/offpress\/wp-content\/uploads\/2022\/02\/DSC_0030-768x512.jpg 768w, https:\/\/www.oldtimerfreunde-freising.de\/offpress\/wp-content\/uploads\/2022\/02\/DSC_0030-1536x1024.jpg 1536w\" sizes=\"auto, (max-width: 2000px) 100vw, 2000px\" \/><\/figure>\n<\/figure>\n<\/div><\/div>\n<\/div>\n","protected":false},"excerpt":{"rendered":"<p>Als eine der ersten Gruppen nach mehreren Monaten der Einschr\u00e4nkungen wurden wir am 19. Februar durch die neue Motorworld im ehemaligen Ausbesserungswerk der Deutschen Bahn in M\u00fcnchen-Freimann gef\u00fchrt. Alle !! [&hellip;]<\/p>\n","protected":false},"author":4,"featured_media":0,"parent":0,"menu_order":0,"comment_status":"closed","ping_status":"closed","template":"","meta":{"_EventAllDay":false,"_EventTimezone":"","_EventStartDate":"","_EventEndDate":"","_EventStartDateUTC":"","_EventEndDateUTC":"","_EventShowMap":false,"_EventShowMapLink":false,"_EventURL":"","_EventCost":"","_EventCostDescription":"","_EventCurrencySymbol":"","_EventCurrencyCode":"","_EventCurrencyPosition":"","_EventDateTimeSeparator":"","_EventTimeRangeSeparator":"","_EventOrganizerID":[],"_EventVenueID":[],"_OrganizerEmail":"","_OrganizerPhone":"","_OrganizerWebsite":"","_VenueAddress":"","_VenueCity":"","_VenueCountry":"","_VenueProvince":"","_VenueState":"","_VenueZip":"","_VenuePhone":"","_VenueURL":"","_VenueStateProvince":"","_VenueLat":"","_VenueLng":"","_VenueShowMap":false,"_VenueShowMapLink":false,"_mc_calendar":[],"footnotes":""},"class_list":["post-10082","page","type-page","status-publish","hentry","entry"],"_links":{"self":[{"href":"https:\/\/www.oldtimerfreunde-freising.de\/offpress\/wp-json\/wp\/v2\/pages\/10082","targetHints":{"allow":["GET"]}}],"collection":[{"href":"https:\/\/www.oldtimerfreunde-freising.de\/offpress\/wp-json\/wp\/v2\/pages"}],"about":[{"href":"https:\/\/www.oldtimerfreunde-freising.de\/offpress\/wp-json\/wp\/v2\/types\/page"}],"author":[{"embeddable":true,"href":"https:\/\/www.oldtimerfreunde-freising.de\/offpress\/wp-json\/wp\/v2\/users\/4"}],"replies":[{"embeddable":true,"href":"https:\/\/www.oldtimerfreunde-freising.de\/offpress\/wp-json\/wp\/v2\/comments?post=10082"}],"version-history":[{"count":4,"href":"https:\/\/www.oldtimerfreunde-freising.de\/offpress\/wp-json\/wp\/v2\/pages\/10082\/revisions"}],"predecessor-version":[{"id":11821,"href":"https:\/\/www.oldtimerfreunde-freising.de\/offpress\/wp-json\/wp\/v2\/pages\/10082\/revisions\/11821"}],"wp:attachment":[{"href":"https:\/\/www.oldtimerfreunde-freising.de\/offpress\/wp-json\/wp\/v2\/media?parent=10082"}],"curies":[{"name":"wp","href":"https:\/\/api.w.org\/{rel}","templated":true}]}}