{"id":10102,"date":"2022-03-04T07:19:20","date_gmt":"2022-03-04T06:19:20","guid":{"rendered":"https:\/\/www.oldtimerfreunde-freising.de\/offpress\/?page_id=10102"},"modified":"2022-03-04T08:08:46","modified_gmt":"2022-03-04T07:08:46","slug":"zauberhafter-lago-maggiore","status":"publish","type":"page","link":"https:\/\/www.oldtimerfreunde-freising.de\/offpress\/veranstaltungen\/die-herbstausfahrt\/zauberhafter-lago-maggiore\/","title":{"rendered":"Zauberhafter Lago Maggiore"},"content":{"rendered":"\n<div class=\"wp-block-image tour-header\"><figure class=\"alignright size-large is-resized\"><img loading=\"lazy\" decoding=\"async\" src=\"https:\/\/www.oldtimerfreunde-freising.de\/offpress\/wp-content\/uploads\/2022\/02\/Header_Herbsttour_2022-1024x391.jpg\" alt=\"\" class=\"wp-image-10091\" width=\"399\" height=\"152\" srcset=\"https:\/\/www.oldtimerfreunde-freising.de\/offpress\/wp-content\/uploads\/2022\/02\/Header_Herbsttour_2022-1024x391.jpg 1024w, https:\/\/www.oldtimerfreunde-freising.de\/offpress\/wp-content\/uploads\/2022\/02\/Header_Herbsttour_2022-300x114.jpg 300w, https:\/\/www.oldtimerfreunde-freising.de\/offpress\/wp-content\/uploads\/2022\/02\/Header_Herbsttour_2022-768x293.jpg 768w, https:\/\/www.oldtimerfreunde-freising.de\/offpress\/wp-content\/uploads\/2022\/02\/Header_Herbsttour_2022-1536x586.jpg 1536w, https:\/\/www.oldtimerfreunde-freising.de\/offpress\/wp-content\/uploads\/2022\/02\/Header_Herbsttour_2022.jpg 2002w\" sizes=\"auto, (max-width: 399px) 100vw, 399px\" \/><figcaption>Herbsttour 2022<\/figcaption><\/figure><\/div>\n\n\n\n<p>Unsere diesj\u00e4hrige Herbsttour f\u00fchrt uns vom 22. bis 25. September an den Lago Maggiore. Ausgangspunkt unserer Tagestouren wird das <br>4-Sterne-Hotel La Rocca in Porto Ronco. Von dort aus sind die folgenden Touren geplant:<\/p>\n\n\n\n<p>\u00a0\u00a0\u00a0\u00a0<\/p>\n\n\n\n<p><\/p>\n\n\n\n<p><strong>1. Tagestour Tag &#8211; Freitag, 23.09.2022, Rund um den See 161 km<br><\/strong>Nach dem Fr\u00fchst\u00fcck beginnt unsere Rundtour um den See. Wir fahren zuerst nach Ascona durch die Stadt, bis wir nach 40 Minuten auf der anderen Seite des Sees den Botanico Garden besuchen und eine Kaffeepause einlegen. Weiter geht es ca. eine Stunde den See entlang bis zur Osteria il Grotto zur Mittagspause. Anschlie\u00dfend fahren wir zum Parkplatz nach Stresna und unternehmen einen Ausflug zur Isola Bella mit Besichtigung und Kaffeepause. Zum Abschluss fahren wir noch ca. 1 Stunde am See entlang bis zu unserem Hotel.<\/p>\n\n\n\n<p><strong>2. Tagestour &#8211; Samstag, 24.09.2022, Bergtour ins italienische Hinterland, ca. 160 km<\/strong><br>Nach dem Fr\u00fchst\u00fcck fahren wir ca. eine Stunde \u00fcber kurvige Passstra\u00dfen zu einem der sch\u00f6nsten Orte in der Region nach Santa Maria Maggiore. Wir parken im Zentrum und unternehmen eine kurze Besichtigung der Stadt inkl. Kaffeepause. Weiter geht die Fahrt \u00fcber den Lag di Mergozzo zum ber\u00fchmten Hotel Splendid (bekannt aus dem Peter Kraus Film Conny und Peter machen Musik) zur Mittagspause. Anschlie\u00dfend haben wir eine atemberaubende kurvenreichen Passstrecke vor uns mit herrlichem Blick auf den See. Nach ca. 1\u00bd Stunden erreichen wir unser Ziel zur Kaffeepause. Danach geht es noch etwas bergab bis zum See. Die R\u00fcckfahrt erfolgt entlang des Sees zu unserem Hotel. Am Abend gibt es wieder ein gemeinsames Abendessen und den Ausklang mit Verabschiedung.<\/p>\n\n\n\n<p>Weitere Informationen auch zur Anmeldung finden Sie in unserem Flyer:<\/p>\n\n\n\n<div class=\"wp-block-buttons is-layout-flex wp-block-buttons-is-layout-flex\">\n<div class=\"wp-block-button\"><a class=\"wp-block-button__link has-white-color has-luminous-vivid-orange-background-color has-text-color has-background\" href=\"https:\/\/www.oldtimerfreunde-freising.de\/offpress\/wp-content\/uploads\/2022\/02\/Oldtimer_TourFlyer_FE_Lago_Magiore_Sept_2022-P.pdf\" target=\"_blank\" rel=\"noreferrer noopener\">Flyer zur Herbsttour 2022<\/a><\/div>\n<\/div>\n","protected":false},"excerpt":{"rendered":"<p>Unsere diesj\u00e4hrige Herbsttour f\u00fchrt uns vom 22. bis 25. September an den Lago Maggiore. Ausgangspunkt unserer Tagestouren wird das 4-Sterne-Hotel La Rocca in Porto Ronco. Von dort aus sind die [&hellip;]<\/p>\n","protected":false},"author":4,"featured_media":0,"parent":204,"menu_order":0,"comment_status":"closed","ping_status":"closed","template":"","meta":{"_EventAllDay":false,"_EventTimezone":"","_EventStartDate":"","_EventEndDate":"","_EventStartDateUTC":"","_EventEndDateUTC":"","_EventShowMap":false,"_EventShowMapLink":false,"_EventURL":"","_EventCost":"","_EventCostDescription":"","_EventCurrencySymbol":"","_EventCurrencyCode":"","_EventCurrencyPosition":"","_EventDateTimeSeparator":"","_EventTimeRangeSeparator":"","_EventOrganizerID":[],"_EventVenueID":[],"_OrganizerEmail":"","_OrganizerPhone":"","_OrganizerWebsite":"","_VenueAddress":"","_VenueCity":"","_VenueCountry":"","_VenueProvince":"","_VenueState":"","_VenueZip":"","_VenuePhone":"","_VenueURL":"","_VenueStateProvince":"","_VenueLat":"","_VenueLng":"","_VenueShowMap":false,"_VenueShowMapLink":false,"_mc_calendar":[],"footnotes":""},"class_list":["post-10102","page","type-page","status-publish","hentry","entry"],"_links":{"self":[{"href":"https:\/\/www.oldtimerfreunde-freising.de\/offpress\/wp-json\/wp\/v2\/pages\/10102","targetHints":{"allow":["GET"]}}],"collection":[{"href":"https:\/\/www.oldtimerfreunde-freising.de\/offpress\/wp-json\/wp\/v2\/pages"}],"about":[{"href":"https:\/\/www.oldtimerfreunde-freising.de\/offpress\/wp-json\/wp\/v2\/types\/page"}],"author":[{"embeddable":true,"href":"https:\/\/www.oldtimerfreunde-freising.de\/offpress\/wp-json\/wp\/v2\/users\/4"}],"replies":[{"embeddable":true,"href":"https:\/\/www.oldtimerfreunde-freising.de\/offpress\/wp-json\/wp\/v2\/comments?post=10102"}],"version-history":[{"count":16,"href":"https:\/\/www.oldtimerfreunde-freising.de\/offpress\/wp-json\/wp\/v2\/pages\/10102\/revisions"}],"predecessor-version":[{"id":10126,"href":"https:\/\/www.oldtimerfreunde-freising.de\/offpress\/wp-json\/wp\/v2\/pages\/10102\/revisions\/10126"}],"up":[{"embeddable":true,"href":"https:\/\/www.oldtimerfreunde-freising.de\/offpress\/wp-json\/wp\/v2\/pages\/204"}],"wp:attachment":[{"href":"https:\/\/www.oldtimerfreunde-freising.de\/offpress\/wp-json\/wp\/v2\/media?parent=10102"}],"curies":[{"name":"wp","href":"https:\/\/api.w.org\/{rel}","templated":true}]}}