{"id":10871,"date":"2022-12-27T12:06:26","date_gmt":"2022-12-27T11:06:26","guid":{"rendered":"https:\/\/www.oldtimerfreunde-freising.de\/offpress\/?page_id=10871"},"modified":"2023-07-20T10:12:44","modified_gmt":"2023-07-20T08:12:44","slug":"alpentour-2022","status":"publish","type":"page","link":"https:\/\/www.oldtimerfreunde-freising.de\/offpress\/veranstaltungen\/die-alpentour\/alpentour-2022\/","title":{"rendered":"Alpentour 2022"},"content":{"rendered":"\n<figure class=\"wp-block-image alignwide size-large tour-header\"><img loading=\"lazy\" decoding=\"async\" width=\"1024\" height=\"341\" src=\"https:\/\/www.oldtimerfreunde-freising.de\/offpress\/wp-content\/uploads\/2022\/12\/OFF-Wachau-2022-01-1024x341.jpg\" alt=\"\" class=\"wp-image-10852\" srcset=\"https:\/\/www.oldtimerfreunde-freising.de\/offpress\/wp-content\/uploads\/2022\/12\/OFF-Wachau-2022-01-1024x341.jpg 1024w, https:\/\/www.oldtimerfreunde-freising.de\/offpress\/wp-content\/uploads\/2022\/12\/OFF-Wachau-2022-01-300x100.jpg 300w, https:\/\/www.oldtimerfreunde-freising.de\/offpress\/wp-content\/uploads\/2022\/12\/OFF-Wachau-2022-01-768x256.jpg 768w, https:\/\/www.oldtimerfreunde-freising.de\/offpress\/wp-content\/uploads\/2022\/12\/OFF-Wachau-2022-01-1536x511.jpg 1536w, https:\/\/www.oldtimerfreunde-freising.de\/offpress\/wp-content\/uploads\/2022\/12\/OFF-Wachau-2022-01.jpg 2000w\" sizes=\"auto, (max-width: 1024px) 100vw, 1024px\" \/><figcaption class=\"wp-element-caption\">24. Alpentour<\/figcaption><\/figure>\n\n\n\n<p>Kultur, Genuss und Tradition ist das Motto der diesj\u00e4hrigen Alpentour. Unser kleines Hotel liegt in einer der \u00e4ltesten und traditionsreichsten Weinanbaugebiete \u00d6sterreichs.<\/p>\n\n\n\n<p>Die Wachau, eine Jahrhunderte alte Schatzkammer und Weltkulturerbe. Unser Hotel liegt direkt am Tor zur Wachau, in Melk an der Donau mit Blick zum Stiftskloster.<\/p>\n\n\n\n<p><a href=\"http:\/\/www.hotel-wachau.at\">www.hotel-wachau.at<\/a> \u2013 Hotel Wachau &amp; Restaurant Wachauer Stube<\/p>\n\n\n\n<p><strong>Tag 1 \u2013 Donaurunde \u2013 ca. 150 km<\/strong><\/p>\n\n\n\n<p>Abfahrt vom Hotel an der Donau entlang in Richtung Ybbs. \u00dcberquerung der Donau und Fahrt in den Nibelungengau mit herrlicher H\u00fcgellandschaft. Kurzer Stopp im Wallfahrtsort Maria Taferl mit Besichtigungsm\u00f6glichkeit der Klosterkirche. Weiterfahrt \u00fcber Artstetten&nbsp;&nbsp; ( Schlossanlage ) in den Naturpark Jauerling \u201e Am Dach der Donau\u201c. Wir fahren auf kurvenreicher Strecke&nbsp; runter zum Donauufer und genie\u00dfen den Blick mit kurzem Fotostopp auf das Weinanbaugebiet.&nbsp; Wir folgen der \u00f6sterreichischen Romantikstra\u00dfe in Richtung Krems. Vor Krems \u00fcberqueren wir die Donau nach Mautern und fahren weiter zu unserem Mittagsziel nach Krusstetten. Es erwartet uns die Familie Harm in Ihrem Weingut. Mittagspause mit Wein-Degustation und Jause. Im Anschluss R\u00fcckfahrt mit&nbsp; Kaffeepause und anschlie\u00dfendem Eintreffen im Hotel.<\/p>\n\n\n\n<p><strong>Tag 2 \u2013 Rax und Semmering &#8211; ca. 240 km<\/strong><\/p>\n\n\n\n<p>Wir starten vom Hotel und fahren auf der B1 in s\u00fcdlicher Richtung \u00fcber Gro\u00dfsierning, St. Margarethen Richtung Traisen. In Wilhelmsburg machen wir einen kurzen Cafe-Stopp in Florians&nbsp; Teichst\u00fcberl. Weiter geht die Fahrt \u00fcber St. Veit an der G\u00f6lsen, Rainfeld, Kalte Kuchl. In N\u00f6ster sto\u00dfen wir auf die B 27. Weiter geht es der H\u00f6llentalstra\u00dfe entlang&nbsp; der \u201eSchwarza\u201c in das Raxgebirge. In Kaiserbrunn machen wir einen kurzen Stopp am Wasserleitungsmuseum. Die letzten Kilometer bis zu unserem Mittagsziel sind ein richtiges Schmankerl, es geht rauf auf den Semmering! Seit dem 19. Jahrhundert ist der Ort ein beliebtes Ferienziel \u201eder feinen Gesellschaft\u201c Wiens im Sommer. In den mond\u00e4nen Villen des Kurortes versammelte sich nicht nur der feine Adel, sondern auch K\u00fcnstler wie Oskar Kokoschka, Adolf Loos oder Peter Altenberg. Sie gaben und geben dem Lebensgef\u00fchl diesen Namen. Dort oben angekommen machen wir Mittagspause im Ristorante Sonnblick mit hoffentlich herrlichem Ausblick auf den Semmering. Nach dem Essen fahren wir auf die Semmeringer Bundesstra\u00dfe und \u00fcberqueren die Landesgrenze zur Steiermark. Vorbei an Spital, M\u00fcrzzuschlag geht es immer dem Flusslauf der M\u00fcrz entlang. \u00dcber den Lahnsattel geht es kurvenreich weiter bis zum Gasthof G\u00f6llerblick. Kurze Kaffeepause und anschlie\u00dfende R\u00fcckfahrt ins Hotel.<\/p>\n\n\n\n<p><a rel=\"noreferrer noopener\" href=\"https:\/\/touren.kiwikars.de\/alpentouren\/alpentouren-2020-2029\/alpentour-2022\/\" target=\"_blank\">Route der Alpentour 2022<\/a><\/p>\n\n\n\n<div class=\"wp-block-advgb-accordions advgb-accordions-97dddb89-65f2-409d-99a2-d5b80aa7cac3 advgb-accordion-wrapper\">\n<div class=\"wp-block-advgb-accordion-item advgb-accordion-item\" style=\"margin-bottom:15px\"><div class=\"advgb-accordion-header\" style=\"background-color:#000;color:#ffffff;border-style:solid;border-width:1px;border-radius:2px\"><span class=\"advgb-accordion-header-icon\"><svg fill=\"#fff\" xmlns=\"http:\/\/www.w3.org\/2000\/svg\" width=\"24\" height=\"24\" viewBox=\"0 0 24 24\"><path fill=\"none\" d=\"M0,0h24v24H0V0z\"><\/path><path d=\"M13,7h-2v4H7v2h4v4h2v-4h4v-2h-4V7z M12,2C6.48,2,2,6.48,2,12s4.48,10,10,10s10-4.48,10-10S17.52,2,12,2z M12,20 c-4.41,0-8-3.59-8-8s3.59-8,8-8s8,3.59,8,8S16.41,20,12,20z\"><\/path><\/svg><\/span><h4 class=\"advgb-accordion-header-title\" style=\"color:inherit\">Impressionen der Alpentour<\/h4><\/div><div class=\"advgb-accordion-body\" style=\"border-style:solid !important;border-width:1px !important;border-color:undefined !important;border-top:none !important;border-radius:2px !important\">\n<figure class=\"wp-block-gallery has-nested-images columns-default is-cropped wp-block-gallery-1 is-layout-flex wp-block-gallery-is-layout-flex\">\n<figure class=\"wp-block-image size-large\"><img loading=\"lazy\" decoding=\"async\" width=\"758\" height=\"1024\" data-id=\"10853\" src=\"https:\/\/www.oldtimerfreunde-freising.de\/offpress\/wp-content\/uploads\/2022\/12\/OFF-Wachau-2022-6-758x1024.jpg\" alt=\"\" class=\"wp-image-10853\" srcset=\"https:\/\/www.oldtimerfreunde-freising.de\/offpress\/wp-content\/uploads\/2022\/12\/OFF-Wachau-2022-6-758x1024.jpg 758w, https:\/\/www.oldtimerfreunde-freising.de\/offpress\/wp-content\/uploads\/2022\/12\/OFF-Wachau-2022-6-222x300.jpg 222w, https:\/\/www.oldtimerfreunde-freising.de\/offpress\/wp-content\/uploads\/2022\/12\/OFF-Wachau-2022-6-768x1037.jpg 768w, https:\/\/www.oldtimerfreunde-freising.de\/offpress\/wp-content\/uploads\/2022\/12\/OFF-Wachau-2022-6-1137x1536.jpg 1137w, https:\/\/www.oldtimerfreunde-freising.de\/offpress\/wp-content\/uploads\/2022\/12\/OFF-Wachau-2022-6.jpg 1481w\" sizes=\"auto, (max-width: 758px) 100vw, 758px\" \/><\/figure>\n\n\n\n<figure class=\"wp-block-image size-large\"><img loading=\"lazy\" decoding=\"async\" width=\"1024\" height=\"692\" data-id=\"10854\" src=\"https:\/\/www.oldtimerfreunde-freising.de\/offpress\/wp-content\/uploads\/2022\/12\/OFF-Wachau-2022-13-1024x692.jpg\" alt=\"\" class=\"wp-image-10854\" srcset=\"https:\/\/www.oldtimerfreunde-freising.de\/offpress\/wp-content\/uploads\/2022\/12\/OFF-Wachau-2022-13-1024x692.jpg 1024w, https:\/\/www.oldtimerfreunde-freising.de\/offpress\/wp-content\/uploads\/2022\/12\/OFF-Wachau-2022-13-300x203.jpg 300w, https:\/\/www.oldtimerfreunde-freising.de\/offpress\/wp-content\/uploads\/2022\/12\/OFF-Wachau-2022-13-768x519.jpg 768w, https:\/\/www.oldtimerfreunde-freising.de\/offpress\/wp-content\/uploads\/2022\/12\/OFF-Wachau-2022-13-1536x1038.jpg 1536w, https:\/\/www.oldtimerfreunde-freising.de\/offpress\/wp-content\/uploads\/2022\/12\/OFF-Wachau-2022-13.jpg 2000w\" sizes=\"auto, (max-width: 1024px) 100vw, 1024px\" \/><\/figure>\n\n\n\n<figure class=\"wp-block-image size-large\"><img loading=\"lazy\" decoding=\"async\" width=\"1024\" height=\"681\" data-id=\"10855\" src=\"https:\/\/www.oldtimerfreunde-freising.de\/offpress\/wp-content\/uploads\/2022\/12\/OFF-Wachau-2022-18-1024x681.jpg\" alt=\"\" class=\"wp-image-10855\" srcset=\"https:\/\/www.oldtimerfreunde-freising.de\/offpress\/wp-content\/uploads\/2022\/12\/OFF-Wachau-2022-18-1024x681.jpg 1024w, https:\/\/www.oldtimerfreunde-freising.de\/offpress\/wp-content\/uploads\/2022\/12\/OFF-Wachau-2022-18-300x200.jpg 300w, https:\/\/www.oldtimerfreunde-freising.de\/offpress\/wp-content\/uploads\/2022\/12\/OFF-Wachau-2022-18-768x511.jpg 768w, https:\/\/www.oldtimerfreunde-freising.de\/offpress\/wp-content\/uploads\/2022\/12\/OFF-Wachau-2022-18-1536x1022.jpg 1536w, https:\/\/www.oldtimerfreunde-freising.de\/offpress\/wp-content\/uploads\/2022\/12\/OFF-Wachau-2022-18.jpg 2000w\" sizes=\"auto, (max-width: 1024px) 100vw, 1024px\" \/><\/figure>\n\n\n\n<figure class=\"wp-block-image size-large\"><img loading=\"lazy\" decoding=\"async\" width=\"1024\" height=\"681\" data-id=\"10856\" src=\"https:\/\/www.oldtimerfreunde-freising.de\/offpress\/wp-content\/uploads\/2022\/12\/OFF-Wachau-2022-19-1024x681.jpg\" alt=\"\" class=\"wp-image-10856\" srcset=\"https:\/\/www.oldtimerfreunde-freising.de\/offpress\/wp-content\/uploads\/2022\/12\/OFF-Wachau-2022-19-1024x681.jpg 1024w, https:\/\/www.oldtimerfreunde-freising.de\/offpress\/wp-content\/uploads\/2022\/12\/OFF-Wachau-2022-19-300x200.jpg 300w, https:\/\/www.oldtimerfreunde-freising.de\/offpress\/wp-content\/uploads\/2022\/12\/OFF-Wachau-2022-19-768x511.jpg 768w, https:\/\/www.oldtimerfreunde-freising.de\/offpress\/wp-content\/uploads\/2022\/12\/OFF-Wachau-2022-19-1536x1022.jpg 1536w, https:\/\/www.oldtimerfreunde-freising.de\/offpress\/wp-content\/uploads\/2022\/12\/OFF-Wachau-2022-19.jpg 2000w\" sizes=\"auto, (max-width: 1024px) 100vw, 1024px\" \/><\/figure>\n\n\n\n<figure class=\"wp-block-image size-large\"><img loading=\"lazy\" decoding=\"async\" width=\"1024\" height=\"317\" data-id=\"10857\" src=\"https:\/\/www.oldtimerfreunde-freising.de\/offpress\/wp-content\/uploads\/2022\/12\/OFF-Wachau-2022-19a-1024x317.jpg\" alt=\"\" class=\"wp-image-10857\" srcset=\"https:\/\/www.oldtimerfreunde-freising.de\/offpress\/wp-content\/uploads\/2022\/12\/OFF-Wachau-2022-19a-1024x317.jpg 1024w, https:\/\/www.oldtimerfreunde-freising.de\/offpress\/wp-content\/uploads\/2022\/12\/OFF-Wachau-2022-19a-300x93.jpg 300w, https:\/\/www.oldtimerfreunde-freising.de\/offpress\/wp-content\/uploads\/2022\/12\/OFF-Wachau-2022-19a-768x238.jpg 768w, https:\/\/www.oldtimerfreunde-freising.de\/offpress\/wp-content\/uploads\/2022\/12\/OFF-Wachau-2022-19a-1536x476.jpg 1536w, https:\/\/www.oldtimerfreunde-freising.de\/offpress\/wp-content\/uploads\/2022\/12\/OFF-Wachau-2022-19a.jpg 2000w\" sizes=\"auto, (max-width: 1024px) 100vw, 1024px\" \/><\/figure>\n\n\n\n<figure class=\"wp-block-image size-large\"><img loading=\"lazy\" decoding=\"async\" width=\"1024\" height=\"681\" data-id=\"10858\" src=\"https:\/\/www.oldtimerfreunde-freising.de\/offpress\/wp-content\/uploads\/2022\/12\/OFF-Wachau-2022-22-1024x681.jpg\" alt=\"\" class=\"wp-image-10858\" srcset=\"https:\/\/www.oldtimerfreunde-freising.de\/offpress\/wp-content\/uploads\/2022\/12\/OFF-Wachau-2022-22-1024x681.jpg 1024w, https:\/\/www.oldtimerfreunde-freising.de\/offpress\/wp-content\/uploads\/2022\/12\/OFF-Wachau-2022-22-300x200.jpg 300w, https:\/\/www.oldtimerfreunde-freising.de\/offpress\/wp-content\/uploads\/2022\/12\/OFF-Wachau-2022-22-768x511.jpg 768w, https:\/\/www.oldtimerfreunde-freising.de\/offpress\/wp-content\/uploads\/2022\/12\/OFF-Wachau-2022-22-1536x1022.jpg 1536w, https:\/\/www.oldtimerfreunde-freising.de\/offpress\/wp-content\/uploads\/2022\/12\/OFF-Wachau-2022-22.jpg 2000w\" sizes=\"auto, (max-width: 1024px) 100vw, 1024px\" \/><\/figure>\n\n\n\n<figure class=\"wp-block-image size-large\"><img loading=\"lazy\" decoding=\"async\" width=\"1024\" height=\"681\" data-id=\"10859\" src=\"https:\/\/www.oldtimerfreunde-freising.de\/offpress\/wp-content\/uploads\/2022\/12\/OFF-Wachau-2022-29-1024x681.jpg\" alt=\"\" class=\"wp-image-10859\" srcset=\"https:\/\/www.oldtimerfreunde-freising.de\/offpress\/wp-content\/uploads\/2022\/12\/OFF-Wachau-2022-29-1024x681.jpg 1024w, https:\/\/www.oldtimerfreunde-freising.de\/offpress\/wp-content\/uploads\/2022\/12\/OFF-Wachau-2022-29-300x200.jpg 300w, https:\/\/www.oldtimerfreunde-freising.de\/offpress\/wp-content\/uploads\/2022\/12\/OFF-Wachau-2022-29-768x511.jpg 768w, https:\/\/www.oldtimerfreunde-freising.de\/offpress\/wp-content\/uploads\/2022\/12\/OFF-Wachau-2022-29-1536x1022.jpg 1536w, https:\/\/www.oldtimerfreunde-freising.de\/offpress\/wp-content\/uploads\/2022\/12\/OFF-Wachau-2022-29.jpg 2000w\" sizes=\"auto, (max-width: 1024px) 100vw, 1024px\" \/><\/figure>\n\n\n\n<figure class=\"wp-block-image size-large\"><img loading=\"lazy\" decoding=\"async\" width=\"1024\" height=\"681\" data-id=\"10860\" src=\"https:\/\/www.oldtimerfreunde-freising.de\/offpress\/wp-content\/uploads\/2022\/12\/OFF-Wachau-2022-32-1024x681.jpg\" alt=\"\" class=\"wp-image-10860\" srcset=\"https:\/\/www.oldtimerfreunde-freising.de\/offpress\/wp-content\/uploads\/2022\/12\/OFF-Wachau-2022-32-1024x681.jpg 1024w, https:\/\/www.oldtimerfreunde-freising.de\/offpress\/wp-content\/uploads\/2022\/12\/OFF-Wachau-2022-32-300x200.jpg 300w, https:\/\/www.oldtimerfreunde-freising.de\/offpress\/wp-content\/uploads\/2022\/12\/OFF-Wachau-2022-32-768x511.jpg 768w, https:\/\/www.oldtimerfreunde-freising.de\/offpress\/wp-content\/uploads\/2022\/12\/OFF-Wachau-2022-32-1536x1022.jpg 1536w, https:\/\/www.oldtimerfreunde-freising.de\/offpress\/wp-content\/uploads\/2022\/12\/OFF-Wachau-2022-32.jpg 2000w\" sizes=\"auto, (max-width: 1024px) 100vw, 1024px\" \/><\/figure>\n\n\n\n<figure class=\"wp-block-image size-large\"><img loading=\"lazy\" decoding=\"async\" width=\"1024\" height=\"692\" data-id=\"10861\" src=\"https:\/\/www.oldtimerfreunde-freising.de\/offpress\/wp-content\/uploads\/2022\/12\/OFF-Wachau-2022-38-1024x692.jpg\" alt=\"\" class=\"wp-image-10861\" srcset=\"https:\/\/www.oldtimerfreunde-freising.de\/offpress\/wp-content\/uploads\/2022\/12\/OFF-Wachau-2022-38-1024x692.jpg 1024w, https:\/\/www.oldtimerfreunde-freising.de\/offpress\/wp-content\/uploads\/2022\/12\/OFF-Wachau-2022-38-300x203.jpg 300w, https:\/\/www.oldtimerfreunde-freising.de\/offpress\/wp-content\/uploads\/2022\/12\/OFF-Wachau-2022-38-768x519.jpg 768w, https:\/\/www.oldtimerfreunde-freising.de\/offpress\/wp-content\/uploads\/2022\/12\/OFF-Wachau-2022-38-1536x1038.jpg 1536w, https:\/\/www.oldtimerfreunde-freising.de\/offpress\/wp-content\/uploads\/2022\/12\/OFF-Wachau-2022-38.jpg 2000w\" sizes=\"auto, (max-width: 1024px) 100vw, 1024px\" \/><\/figure>\n\n\n\n<figure class=\"wp-block-image size-large\"><img loading=\"lazy\" decoding=\"async\" width=\"1024\" height=\"681\" data-id=\"10862\" src=\"https:\/\/www.oldtimerfreunde-freising.de\/offpress\/wp-content\/uploads\/2022\/12\/OFF-Wachau-2022-42-1024x681.jpg\" alt=\"\" class=\"wp-image-10862\" srcset=\"https:\/\/www.oldtimerfreunde-freising.de\/offpress\/wp-content\/uploads\/2022\/12\/OFF-Wachau-2022-42-1024x681.jpg 1024w, https:\/\/www.oldtimerfreunde-freising.de\/offpress\/wp-content\/uploads\/2022\/12\/OFF-Wachau-2022-42-300x200.jpg 300w, https:\/\/www.oldtimerfreunde-freising.de\/offpress\/wp-content\/uploads\/2022\/12\/OFF-Wachau-2022-42-768x511.jpg 768w, https:\/\/www.oldtimerfreunde-freising.de\/offpress\/wp-content\/uploads\/2022\/12\/OFF-Wachau-2022-42-1536x1022.jpg 1536w, https:\/\/www.oldtimerfreunde-freising.de\/offpress\/wp-content\/uploads\/2022\/12\/OFF-Wachau-2022-42.jpg 2000w\" sizes=\"auto, (max-width: 1024px) 100vw, 1024px\" \/><\/figure>\n\n\n\n<figure class=\"wp-block-image size-large\"><img loading=\"lazy\" decoding=\"async\" width=\"1024\" height=\"474\" data-id=\"10863\" src=\"https:\/\/www.oldtimerfreunde-freising.de\/offpress\/wp-content\/uploads\/2022\/12\/OFF-Wachau-2022-50-1024x474.jpg\" alt=\"\" class=\"wp-image-10863\" srcset=\"https:\/\/www.oldtimerfreunde-freising.de\/offpress\/wp-content\/uploads\/2022\/12\/OFF-Wachau-2022-50-1024x474.jpg 1024w, https:\/\/www.oldtimerfreunde-freising.de\/offpress\/wp-content\/uploads\/2022\/12\/OFF-Wachau-2022-50-300x139.jpg 300w, https:\/\/www.oldtimerfreunde-freising.de\/offpress\/wp-content\/uploads\/2022\/12\/OFF-Wachau-2022-50-768x356.jpg 768w, https:\/\/www.oldtimerfreunde-freising.de\/offpress\/wp-content\/uploads\/2022\/12\/OFF-Wachau-2022-50-1536x711.jpg 1536w, https:\/\/www.oldtimerfreunde-freising.de\/offpress\/wp-content\/uploads\/2022\/12\/OFF-Wachau-2022-50.jpg 2000w\" sizes=\"auto, (max-width: 1024px) 100vw, 1024px\" \/><\/figure>\n\n\n\n<figure class=\"wp-block-image size-large\"><img loading=\"lazy\" decoding=\"async\" width=\"1024\" height=\"681\" data-id=\"10864\" src=\"https:\/\/www.oldtimerfreunde-freising.de\/offpress\/wp-content\/uploads\/2022\/12\/OFF-Wachau-2022-55-1024x681.jpg\" alt=\"\" class=\"wp-image-10864\" srcset=\"https:\/\/www.oldtimerfreunde-freising.de\/offpress\/wp-content\/uploads\/2022\/12\/OFF-Wachau-2022-55-1024x681.jpg 1024w, https:\/\/www.oldtimerfreunde-freising.de\/offpress\/wp-content\/uploads\/2022\/12\/OFF-Wachau-2022-55-300x200.jpg 300w, https:\/\/www.oldtimerfreunde-freising.de\/offpress\/wp-content\/uploads\/2022\/12\/OFF-Wachau-2022-55-768x511.jpg 768w, https:\/\/www.oldtimerfreunde-freising.de\/offpress\/wp-content\/uploads\/2022\/12\/OFF-Wachau-2022-55-1536x1022.jpg 1536w, https:\/\/www.oldtimerfreunde-freising.de\/offpress\/wp-content\/uploads\/2022\/12\/OFF-Wachau-2022-55.jpg 2000w\" sizes=\"auto, (max-width: 1024px) 100vw, 1024px\" \/><\/figure>\n\n\n\n<figure class=\"wp-block-image size-large\"><img loading=\"lazy\" decoding=\"async\" width=\"1024\" height=\"1024\" data-id=\"10865\" src=\"https:\/\/www.oldtimerfreunde-freising.de\/offpress\/wp-content\/uploads\/2022\/12\/OFF-Wachau-2022-56-1024x1024.jpg\" alt=\"\" class=\"wp-image-10865\" srcset=\"https:\/\/www.oldtimerfreunde-freising.de\/offpress\/wp-content\/uploads\/2022\/12\/OFF-Wachau-2022-56-1024x1024.jpg 1024w, https:\/\/www.oldtimerfreunde-freising.de\/offpress\/wp-content\/uploads\/2022\/12\/OFF-Wachau-2022-56-300x300.jpg 300w, https:\/\/www.oldtimerfreunde-freising.de\/offpress\/wp-content\/uploads\/2022\/12\/OFF-Wachau-2022-56-150x150.jpg 150w, https:\/\/www.oldtimerfreunde-freising.de\/offpress\/wp-content\/uploads\/2022\/12\/OFF-Wachau-2022-56-768x768.jpg 768w, https:\/\/www.oldtimerfreunde-freising.de\/offpress\/wp-content\/uploads\/2022\/12\/OFF-Wachau-2022-56-1536x1536.jpg 1536w, https:\/\/www.oldtimerfreunde-freising.de\/offpress\/wp-content\/uploads\/2022\/12\/OFF-Wachau-2022-56.jpg 2000w\" sizes=\"auto, (max-width: 1024px) 100vw, 1024px\" \/><\/figure>\n\n\n\n<figure class=\"wp-block-image size-large\"><img loading=\"lazy\" decoding=\"async\" width=\"1024\" height=\"413\" data-id=\"10866\" src=\"https:\/\/www.oldtimerfreunde-freising.de\/offpress\/wp-content\/uploads\/2022\/12\/OFF-Wachau-2022-62-1024x413.jpg\" alt=\"\" class=\"wp-image-10866\" srcset=\"https:\/\/www.oldtimerfreunde-freising.de\/offpress\/wp-content\/uploads\/2022\/12\/OFF-Wachau-2022-62-1024x413.jpg 1024w, https:\/\/www.oldtimerfreunde-freising.de\/offpress\/wp-content\/uploads\/2022\/12\/OFF-Wachau-2022-62-300x121.jpg 300w, https:\/\/www.oldtimerfreunde-freising.de\/offpress\/wp-content\/uploads\/2022\/12\/OFF-Wachau-2022-62-768x310.jpg 768w, https:\/\/www.oldtimerfreunde-freising.de\/offpress\/wp-content\/uploads\/2022\/12\/OFF-Wachau-2022-62-1536x619.jpg 1536w, https:\/\/www.oldtimerfreunde-freising.de\/offpress\/wp-content\/uploads\/2022\/12\/OFF-Wachau-2022-62.jpg 2000w\" sizes=\"auto, (max-width: 1024px) 100vw, 1024px\" \/><\/figure>\n\n\n\n<figure class=\"wp-block-image size-large\"><img loading=\"lazy\" decoding=\"async\" width=\"1024\" height=\"537\" data-id=\"10867\" src=\"https:\/\/www.oldtimerfreunde-freising.de\/offpress\/wp-content\/uploads\/2022\/12\/OFF-Wachau-2022-64-1024x537.jpg\" alt=\"\" class=\"wp-image-10867\" srcset=\"https:\/\/www.oldtimerfreunde-freising.de\/offpress\/wp-content\/uploads\/2022\/12\/OFF-Wachau-2022-64-1024x537.jpg 1024w, https:\/\/www.oldtimerfreunde-freising.de\/offpress\/wp-content\/uploads\/2022\/12\/OFF-Wachau-2022-64-300x157.jpg 300w, https:\/\/www.oldtimerfreunde-freising.de\/offpress\/wp-content\/uploads\/2022\/12\/OFF-Wachau-2022-64-768x403.jpg 768w, https:\/\/www.oldtimerfreunde-freising.de\/offpress\/wp-content\/uploads\/2022\/12\/OFF-Wachau-2022-64-1536x806.jpg 1536w, https:\/\/www.oldtimerfreunde-freising.de\/offpress\/wp-content\/uploads\/2022\/12\/OFF-Wachau-2022-64.jpg 2000w\" sizes=\"auto, (max-width: 1024px) 100vw, 1024px\" \/><\/figure>\n\n\n\n<figure class=\"wp-block-image size-large\"><img loading=\"lazy\" decoding=\"async\" width=\"1024\" height=\"681\" data-id=\"10868\" src=\"https:\/\/www.oldtimerfreunde-freising.de\/offpress\/wp-content\/uploads\/2022\/12\/OFF-Wachau-2022-72-1024x681.jpg\" alt=\"\" class=\"wp-image-10868\" srcset=\"https:\/\/www.oldtimerfreunde-freising.de\/offpress\/wp-content\/uploads\/2022\/12\/OFF-Wachau-2022-72-1024x681.jpg 1024w, https:\/\/www.oldtimerfreunde-freising.de\/offpress\/wp-content\/uploads\/2022\/12\/OFF-Wachau-2022-72-300x200.jpg 300w, https:\/\/www.oldtimerfreunde-freising.de\/offpress\/wp-content\/uploads\/2022\/12\/OFF-Wachau-2022-72-768x511.jpg 768w, https:\/\/www.oldtimerfreunde-freising.de\/offpress\/wp-content\/uploads\/2022\/12\/OFF-Wachau-2022-72-1536x1022.jpg 1536w, https:\/\/www.oldtimerfreunde-freising.de\/offpress\/wp-content\/uploads\/2022\/12\/OFF-Wachau-2022-72.jpg 2000w\" sizes=\"auto, (max-width: 1024px) 100vw, 1024px\" \/><\/figure>\n\n\n\n<figure class=\"wp-block-image size-large\"><img loading=\"lazy\" decoding=\"async\" width=\"1024\" height=\"692\" data-id=\"10869\" src=\"https:\/\/www.oldtimerfreunde-freising.de\/offpress\/wp-content\/uploads\/2022\/12\/OFF-Wachau-2022-81-1024x692.jpg\" alt=\"\" class=\"wp-image-10869\" srcset=\"https:\/\/www.oldtimerfreunde-freising.de\/offpress\/wp-content\/uploads\/2022\/12\/OFF-Wachau-2022-81-1024x692.jpg 1024w, https:\/\/www.oldtimerfreunde-freising.de\/offpress\/wp-content\/uploads\/2022\/12\/OFF-Wachau-2022-81-300x203.jpg 300w, https:\/\/www.oldtimerfreunde-freising.de\/offpress\/wp-content\/uploads\/2022\/12\/OFF-Wachau-2022-81-768x519.jpg 768w, https:\/\/www.oldtimerfreunde-freising.de\/offpress\/wp-content\/uploads\/2022\/12\/OFF-Wachau-2022-81-1536x1038.jpg 1536w, https:\/\/www.oldtimerfreunde-freising.de\/offpress\/wp-content\/uploads\/2022\/12\/OFF-Wachau-2022-81.jpg 2000w\" sizes=\"auto, (max-width: 1024px) 100vw, 1024px\" \/><\/figure>\n\n\n\n<figure class=\"wp-block-image size-large\"><img loading=\"lazy\" decoding=\"async\" width=\"1024\" height=\"681\" data-id=\"10870\" src=\"https:\/\/www.oldtimerfreunde-freising.de\/offpress\/wp-content\/uploads\/2022\/12\/OFF-Wachau-2022-83-1024x681.jpg\" alt=\"\" class=\"wp-image-10870\" srcset=\"https:\/\/www.oldtimerfreunde-freising.de\/offpress\/wp-content\/uploads\/2022\/12\/OFF-Wachau-2022-83-1024x681.jpg 1024w, https:\/\/www.oldtimerfreunde-freising.de\/offpress\/wp-content\/uploads\/2022\/12\/OFF-Wachau-2022-83-300x200.jpg 300w, https:\/\/www.oldtimerfreunde-freising.de\/offpress\/wp-content\/uploads\/2022\/12\/OFF-Wachau-2022-83-768x511.jpg 768w, https:\/\/www.oldtimerfreunde-freising.de\/offpress\/wp-content\/uploads\/2022\/12\/OFF-Wachau-2022-83-1536x1022.jpg 1536w, https:\/\/www.oldtimerfreunde-freising.de\/offpress\/wp-content\/uploads\/2022\/12\/OFF-Wachau-2022-83.jpg 2000w\" sizes=\"auto, (max-width: 1024px) 100vw, 1024px\" \/><\/figure>\n<\/figure>\n<\/div><\/div>\n<\/div>\n","protected":false},"excerpt":{"rendered":"<p>Kultur, Genuss und Tradition ist das Motto der diesj\u00e4hrigen Alpentour. Unser kleines Hotel liegt in einer der \u00e4ltesten und traditionsreichsten Weinanbaugebiete \u00d6sterreichs. Die Wachau, eine Jahrhunderte alte Schatzkammer und Weltkulturerbe. [&hellip;]<\/p>\n","protected":false},"author":4,"featured_media":0,"parent":202,"menu_order":0,"comment_status":"closed","ping_status":"closed","template":"","meta":{"_EventAllDay":false,"_EventTimezone":"","_EventStartDate":"","_EventEndDate":"","_EventStartDateUTC":"","_EventEndDateUTC":"","_EventShowMap":false,"_EventShowMapLink":false,"_EventURL":"","_EventCost":"","_EventCostDescription":"","_EventCurrencySymbol":"","_EventCurrencyCode":"","_EventCurrencyPosition":"","_EventDateTimeSeparator":"","_EventTimeRangeSeparator":"","_EventOrganizerID":[],"_EventVenueID":[],"_OrganizerEmail":"","_OrganizerPhone":"","_OrganizerWebsite":"","_VenueAddress":"","_VenueCity":"","_VenueCountry":"","_VenueProvince":"","_VenueState":"","_VenueZip":"","_VenuePhone":"","_VenueURL":"","_VenueStateProvince":"","_VenueLat":"","_VenueLng":"","_VenueShowMap":false,"_VenueShowMapLink":false,"_mc_calendar":[],"footnotes":""},"class_list":["post-10871","page","type-page","status-publish","hentry","entry"],"_links":{"self":[{"href":"https:\/\/www.oldtimerfreunde-freising.de\/offpress\/wp-json\/wp\/v2\/pages\/10871","targetHints":{"allow":["GET"]}}],"collection":[{"href":"https:\/\/www.oldtimerfreunde-freising.de\/offpress\/wp-json\/wp\/v2\/pages"}],"about":[{"href":"https:\/\/www.oldtimerfreunde-freising.de\/offpress\/wp-json\/wp\/v2\/types\/page"}],"author":[{"embeddable":true,"href":"https:\/\/www.oldtimerfreunde-freising.de\/offpress\/wp-json\/wp\/v2\/users\/4"}],"replies":[{"embeddable":true,"href":"https:\/\/www.oldtimerfreunde-freising.de\/offpress\/wp-json\/wp\/v2\/comments?post=10871"}],"version-history":[{"count":5,"href":"https:\/\/www.oldtimerfreunde-freising.de\/offpress\/wp-json\/wp\/v2\/pages\/10871\/revisions"}],"predecessor-version":[{"id":11599,"href":"https:\/\/www.oldtimerfreunde-freising.de\/offpress\/wp-json\/wp\/v2\/pages\/10871\/revisions\/11599"}],"up":[{"embeddable":true,"href":"https:\/\/www.oldtimerfreunde-freising.de\/offpress\/wp-json\/wp\/v2\/pages\/202"}],"wp:attachment":[{"href":"https:\/\/www.oldtimerfreunde-freising.de\/offpress\/wp-json\/wp\/v2\/media?parent=10871"}],"curies":[{"name":"wp","href":"https:\/\/api.w.org\/{rel}","templated":true}]}}