{"id":10932,"date":"2023-02-20T10:07:29","date_gmt":"2023-02-20T09:07:29","guid":{"rendered":"https:\/\/www.oldtimerfreunde-freising.de\/offpress\/?page_id=10932"},"modified":"2023-02-20T10:07:30","modified_gmt":"2023-02-20T09:07:30","slug":"winterwanderung-2023","status":"publish","type":"page","link":"https:\/\/www.oldtimerfreunde-freising.de\/offpress\/bilder-videos\/bilder-touren\/winterwanderung-2023\/","title":{"rendered":"Winterwanderung 2023"},"content":{"rendered":"\n<p>Nach zwei Jahren coronabedingter Pause fand am 12. Februar endlich wieder unsere traditionelle Winterwanderung\u00a0im Erdinger Holzland statt. Unser Mitglied Toni Wiesheu hatte wie immer im Vorfeld die\u00a0\u201eF\u00e4den gekn\u00fcpft\u201c und mit den Oldtimerfreunden Kirchberg Verbindung aufgenommen, die uns auch heuer wieder gro\u00dfz\u00fcgig eingeladen haben.<\/p>\n\n\n\n<p>So chauffierte uns&nbsp;34 Teilnehmer ein Omnibus vom Br\u00e4ust\u00fcberl zum Museum der Kirchberger nach Thal. Zusammen mit unseren Gastgebern begann nach kurzer Weiterfahrt ein wundersch\u00f6ne sieben Kilometer lange Wanderung. Nach einem&nbsp;sch\u00f6nen Marsch \u00fcber die auch heuer wieder schneefreien Fluren erfolgte die traditionelle Zwischenrast mit k\u00f6stlichen Getr\u00e4nken zum St\u00e4rken und Aufw\u00e4rmen. Mitten im Wald kamen wir noch vorbei am verwunschenen Wallfahrtskircherl Br\u00fcndl, ehe wir dann im Museum gastlich empfangen wurden. Bei Kaffee und wunderbaren hausgemachten Kuchen konnten wir uns ratschend von den Strapazen erholen. Um auch noch die Heimreise zu \u00fcberstehen wurden wir zum Abschluss mit einem k\u00f6stlichen W\u00fcrstlgulasch gest\u00e4rkt.<\/p>\n\n\n\n<p>Schee wars wieder, wir danken auch auf diesem Weg den Kirchbergern und freuen uns schon auf n\u00e4chstes Jahr.<\/p>\n\n\n\n<figure class=\"wp-block-gallery has-nested-images columns-default is-cropped wp-block-gallery-1 is-layout-flex wp-block-gallery-is-layout-flex\">\n<figure class=\"wp-block-image size-large\"><img loading=\"lazy\" decoding=\"async\" width=\"576\" height=\"1024\" data-id=\"10916\" src=\"https:\/\/www.oldtimerfreunde-freising.de\/offpress\/wp-content\/uploads\/2023\/02\/3a05fba5-5f7f-4e45-accf-15065c9dfc18-576x1024.jpg\" alt=\"\" class=\"wp-image-10916\" srcset=\"https:\/\/www.oldtimerfreunde-freising.de\/offpress\/wp-content\/uploads\/2023\/02\/3a05fba5-5f7f-4e45-accf-15065c9dfc18-576x1024.jpg 576w, https:\/\/www.oldtimerfreunde-freising.de\/offpress\/wp-content\/uploads\/2023\/02\/3a05fba5-5f7f-4e45-accf-15065c9dfc18-169x300.jpg 169w, https:\/\/www.oldtimerfreunde-freising.de\/offpress\/wp-content\/uploads\/2023\/02\/3a05fba5-5f7f-4e45-accf-15065c9dfc18-768x1365.jpg 768w, https:\/\/www.oldtimerfreunde-freising.de\/offpress\/wp-content\/uploads\/2023\/02\/3a05fba5-5f7f-4e45-accf-15065c9dfc18-864x1536.jpg 864w, https:\/\/www.oldtimerfreunde-freising.de\/offpress\/wp-content\/uploads\/2023\/02\/3a05fba5-5f7f-4e45-accf-15065c9dfc18.jpg 900w\" sizes=\"auto, (max-width: 576px) 100vw, 576px\" \/><\/figure>\n\n\n\n<figure class=\"wp-block-image size-large\"><img loading=\"lazy\" decoding=\"async\" width=\"1024\" height=\"577\" data-id=\"10917\" src=\"https:\/\/www.oldtimerfreunde-freising.de\/offpress\/wp-content\/uploads\/2023\/02\/17a3a9f0-159c-438c-9ee3-647d2b91fa01-1024x577.jpg\" alt=\"\" class=\"wp-image-10917\" srcset=\"https:\/\/www.oldtimerfreunde-freising.de\/offpress\/wp-content\/uploads\/2023\/02\/17a3a9f0-159c-438c-9ee3-647d2b91fa01-1024x577.jpg 1024w, https:\/\/www.oldtimerfreunde-freising.de\/offpress\/wp-content\/uploads\/2023\/02\/17a3a9f0-159c-438c-9ee3-647d2b91fa01-300x169.jpg 300w, https:\/\/www.oldtimerfreunde-freising.de\/offpress\/wp-content\/uploads\/2023\/02\/17a3a9f0-159c-438c-9ee3-647d2b91fa01-768x432.jpg 768w, https:\/\/www.oldtimerfreunde-freising.de\/offpress\/wp-content\/uploads\/2023\/02\/17a3a9f0-159c-438c-9ee3-647d2b91fa01-1536x865.jpg 1536w, https:\/\/www.oldtimerfreunde-freising.de\/offpress\/wp-content\/uploads\/2023\/02\/17a3a9f0-159c-438c-9ee3-647d2b91fa01.jpg 1600w\" sizes=\"auto, (max-width: 1024px) 100vw, 1024px\" \/><\/figure>\n\n\n\n<figure class=\"wp-block-image size-large\"><img loading=\"lazy\" decoding=\"async\" width=\"1024\" height=\"577\" data-id=\"10918\" src=\"https:\/\/www.oldtimerfreunde-freising.de\/offpress\/wp-content\/uploads\/2023\/02\/26436015-a8e9-429d-8dc3-a12045875a54-1024x577.jpg\" alt=\"\" class=\"wp-image-10918\" srcset=\"https:\/\/www.oldtimerfreunde-freising.de\/offpress\/wp-content\/uploads\/2023\/02\/26436015-a8e9-429d-8dc3-a12045875a54-1024x577.jpg 1024w, https:\/\/www.oldtimerfreunde-freising.de\/offpress\/wp-content\/uploads\/2023\/02\/26436015-a8e9-429d-8dc3-a12045875a54-300x169.jpg 300w, https:\/\/www.oldtimerfreunde-freising.de\/offpress\/wp-content\/uploads\/2023\/02\/26436015-a8e9-429d-8dc3-a12045875a54-768x432.jpg 768w, https:\/\/www.oldtimerfreunde-freising.de\/offpress\/wp-content\/uploads\/2023\/02\/26436015-a8e9-429d-8dc3-a12045875a54-1536x865.jpg 1536w, https:\/\/www.oldtimerfreunde-freising.de\/offpress\/wp-content\/uploads\/2023\/02\/26436015-a8e9-429d-8dc3-a12045875a54.jpg 1600w\" sizes=\"auto, (max-width: 1024px) 100vw, 1024px\" \/><\/figure>\n\n\n\n<figure class=\"wp-block-image size-large\"><img loading=\"lazy\" decoding=\"async\" width=\"1024\" height=\"577\" data-id=\"10919\" src=\"https:\/\/www.oldtimerfreunde-freising.de\/offpress\/wp-content\/uploads\/2023\/02\/a9a5cc81-b32b-48f2-b695-89dec1788d64-1024x577.jpg\" alt=\"\" class=\"wp-image-10919\" srcset=\"https:\/\/www.oldtimerfreunde-freising.de\/offpress\/wp-content\/uploads\/2023\/02\/a9a5cc81-b32b-48f2-b695-89dec1788d64-1024x577.jpg 1024w, https:\/\/www.oldtimerfreunde-freising.de\/offpress\/wp-content\/uploads\/2023\/02\/a9a5cc81-b32b-48f2-b695-89dec1788d64-300x169.jpg 300w, https:\/\/www.oldtimerfreunde-freising.de\/offpress\/wp-content\/uploads\/2023\/02\/a9a5cc81-b32b-48f2-b695-89dec1788d64-768x432.jpg 768w, https:\/\/www.oldtimerfreunde-freising.de\/offpress\/wp-content\/uploads\/2023\/02\/a9a5cc81-b32b-48f2-b695-89dec1788d64-1536x865.jpg 1536w, https:\/\/www.oldtimerfreunde-freising.de\/offpress\/wp-content\/uploads\/2023\/02\/a9a5cc81-b32b-48f2-b695-89dec1788d64.jpg 1600w\" sizes=\"auto, (max-width: 1024px) 100vw, 1024px\" \/><\/figure>\n\n\n\n<figure class=\"wp-block-image size-large\"><img loading=\"lazy\" decoding=\"async\" width=\"1024\" height=\"577\" data-id=\"10920\" src=\"https:\/\/www.oldtimerfreunde-freising.de\/offpress\/wp-content\/uploads\/2023\/02\/abc019a3-e629-484e-8603-f3ea2df94893-1024x577.jpg\" alt=\"\" class=\"wp-image-10920\" srcset=\"https:\/\/www.oldtimerfreunde-freising.de\/offpress\/wp-content\/uploads\/2023\/02\/abc019a3-e629-484e-8603-f3ea2df94893-1024x577.jpg 1024w, https:\/\/www.oldtimerfreunde-freising.de\/offpress\/wp-content\/uploads\/2023\/02\/abc019a3-e629-484e-8603-f3ea2df94893-300x169.jpg 300w, https:\/\/www.oldtimerfreunde-freising.de\/offpress\/wp-content\/uploads\/2023\/02\/abc019a3-e629-484e-8603-f3ea2df94893-768x432.jpg 768w, https:\/\/www.oldtimerfreunde-freising.de\/offpress\/wp-content\/uploads\/2023\/02\/abc019a3-e629-484e-8603-f3ea2df94893-1536x865.jpg 1536w, https:\/\/www.oldtimerfreunde-freising.de\/offpress\/wp-content\/uploads\/2023\/02\/abc019a3-e629-484e-8603-f3ea2df94893.jpg 1600w\" sizes=\"auto, (max-width: 1024px) 100vw, 1024px\" \/><\/figure>\n\n\n\n<figure class=\"wp-block-image size-large\"><img loading=\"lazy\" decoding=\"async\" width=\"1024\" height=\"1024\" data-id=\"10921\" src=\"https:\/\/www.oldtimerfreunde-freising.de\/offpress\/wp-content\/uploads\/2023\/02\/df6b5cd2-c6b6-47fa-83b9-b6a9d7bc2620-1024x1024.jpg\" alt=\"\" class=\"wp-image-10921\" srcset=\"https:\/\/www.oldtimerfreunde-freising.de\/offpress\/wp-content\/uploads\/2023\/02\/df6b5cd2-c6b6-47fa-83b9-b6a9d7bc2620-1024x1024.jpg 1024w, https:\/\/www.oldtimerfreunde-freising.de\/offpress\/wp-content\/uploads\/2023\/02\/df6b5cd2-c6b6-47fa-83b9-b6a9d7bc2620-300x300.jpg 300w, https:\/\/www.oldtimerfreunde-freising.de\/offpress\/wp-content\/uploads\/2023\/02\/df6b5cd2-c6b6-47fa-83b9-b6a9d7bc2620-150x150.jpg 150w, https:\/\/www.oldtimerfreunde-freising.de\/offpress\/wp-content\/uploads\/2023\/02\/df6b5cd2-c6b6-47fa-83b9-b6a9d7bc2620-768x768.jpg 768w, https:\/\/www.oldtimerfreunde-freising.de\/offpress\/wp-content\/uploads\/2023\/02\/df6b5cd2-c6b6-47fa-83b9-b6a9d7bc2620-1536x1536.jpg 1536w, https:\/\/www.oldtimerfreunde-freising.de\/offpress\/wp-content\/uploads\/2023\/02\/df6b5cd2-c6b6-47fa-83b9-b6a9d7bc2620.jpg 1600w\" sizes=\"auto, (max-width: 1024px) 100vw, 1024px\" \/><\/figure>\n\n\n\n<figure class=\"wp-block-image size-large\"><img loading=\"lazy\" decoding=\"async\" width=\"1024\" height=\"577\" data-id=\"10922\" src=\"https:\/\/www.oldtimerfreunde-freising.de\/offpress\/wp-content\/uploads\/2023\/02\/e10f7174-62ed-4e13-9ffb-594ccf413e75-1024x577.jpg\" alt=\"\" class=\"wp-image-10922\" srcset=\"https:\/\/www.oldtimerfreunde-freising.de\/offpress\/wp-content\/uploads\/2023\/02\/e10f7174-62ed-4e13-9ffb-594ccf413e75-1024x577.jpg 1024w, https:\/\/www.oldtimerfreunde-freising.de\/offpress\/wp-content\/uploads\/2023\/02\/e10f7174-62ed-4e13-9ffb-594ccf413e75-300x169.jpg 300w, https:\/\/www.oldtimerfreunde-freising.de\/offpress\/wp-content\/uploads\/2023\/02\/e10f7174-62ed-4e13-9ffb-594ccf413e75-768x432.jpg 768w, https:\/\/www.oldtimerfreunde-freising.de\/offpress\/wp-content\/uploads\/2023\/02\/e10f7174-62ed-4e13-9ffb-594ccf413e75-1536x865.jpg 1536w, https:\/\/www.oldtimerfreunde-freising.de\/offpress\/wp-content\/uploads\/2023\/02\/e10f7174-62ed-4e13-9ffb-594ccf413e75.jpg 1600w\" sizes=\"auto, (max-width: 1024px) 100vw, 1024px\" \/><\/figure>\n\n\n\n<figure class=\"wp-block-image size-large\"><img loading=\"lazy\" decoding=\"async\" width=\"480\" height=\"640\" data-id=\"10923\" src=\"https:\/\/www.oldtimerfreunde-freising.de\/offpress\/wp-content\/uploads\/2023\/02\/IMG_7185-rotated.jpg\" alt=\"\" class=\"wp-image-10923\" srcset=\"https:\/\/www.oldtimerfreunde-freising.de\/offpress\/wp-content\/uploads\/2023\/02\/IMG_7185-rotated.jpg 480w, https:\/\/www.oldtimerfreunde-freising.de\/offpress\/wp-content\/uploads\/2023\/02\/IMG_7185-225x300.jpg 225w\" sizes=\"auto, (max-width: 480px) 100vw, 480px\" \/><\/figure>\n<\/figure>\n","protected":false},"excerpt":{"rendered":"<p>Nach zwei Jahren coronabedingter Pause fand am 12. Februar endlich wieder unsere traditionelle Winterwanderung\u00a0im Erdinger Holzland statt. Unser Mitglied Toni Wiesheu hatte wie immer im Vorfeld die\u00a0\u201eF\u00e4den gekn\u00fcpft\u201c und mit [&hellip;]<\/p>\n","protected":false},"author":4,"featured_media":0,"parent":217,"menu_order":0,"comment_status":"closed","ping_status":"closed","template":"","meta":{"_EventAllDay":false,"_EventTimezone":"","_EventStartDate":"","_EventEndDate":"","_EventStartDateUTC":"","_EventEndDateUTC":"","_EventShowMap":false,"_EventShowMapLink":false,"_EventURL":"","_EventCost":"","_EventCostDescription":"","_EventCurrencySymbol":"","_EventCurrencyCode":"","_EventCurrencyPosition":"","_EventDateTimeSeparator":"","_EventTimeRangeSeparator":"","_EventOrganizerID":[],"_EventVenueID":[],"_OrganizerEmail":"","_OrganizerPhone":"","_OrganizerWebsite":"","_VenueAddress":"","_VenueCity":"","_VenueCountry":"","_VenueProvince":"","_VenueState":"","_VenueZip":"","_VenuePhone":"","_VenueURL":"","_VenueStateProvince":"","_VenueLat":"","_VenueLng":"","_VenueShowMap":false,"_VenueShowMapLink":false,"_mc_calendar":[],"footnotes":""},"class_list":["post-10932","page","type-page","status-publish","hentry","entry"],"_links":{"self":[{"href":"https:\/\/www.oldtimerfreunde-freising.de\/offpress\/wp-json\/wp\/v2\/pages\/10932","targetHints":{"allow":["GET"]}}],"collection":[{"href":"https:\/\/www.oldtimerfreunde-freising.de\/offpress\/wp-json\/wp\/v2\/pages"}],"about":[{"href":"https:\/\/www.oldtimerfreunde-freising.de\/offpress\/wp-json\/wp\/v2\/types\/page"}],"author":[{"embeddable":true,"href":"https:\/\/www.oldtimerfreunde-freising.de\/offpress\/wp-json\/wp\/v2\/users\/4"}],"replies":[{"embeddable":true,"href":"https:\/\/www.oldtimerfreunde-freising.de\/offpress\/wp-json\/wp\/v2\/comments?post=10932"}],"version-history":[{"count":2,"href":"https:\/\/www.oldtimerfreunde-freising.de\/offpress\/wp-json\/wp\/v2\/pages\/10932\/revisions"}],"predecessor-version":[{"id":10935,"href":"https:\/\/www.oldtimerfreunde-freising.de\/offpress\/wp-json\/wp\/v2\/pages\/10932\/revisions\/10935"}],"up":[{"embeddable":true,"href":"https:\/\/www.oldtimerfreunde-freising.de\/offpress\/wp-json\/wp\/v2\/pages\/217"}],"wp:attachment":[{"href":"https:\/\/www.oldtimerfreunde-freising.de\/offpress\/wp-json\/wp\/v2\/media?parent=10932"}],"curies":[{"name":"wp","href":"https:\/\/api.w.org\/{rel}","templated":true}]}}