{"id":11653,"date":"2024-01-12T16:22:12","date_gmt":"2024-01-12T15:22:12","guid":{"rendered":"https:\/\/www.oldtimerfreunde-freising.de\/offpress\/?page_id=11653"},"modified":"2024-09-24T07:56:02","modified_gmt":"2024-09-24T05:56:02","slug":"termine-2024","status":"publish","type":"page","link":"https:\/\/www.oldtimerfreunde-freising.de\/offpress\/termine\/termine-2024\/","title":{"rendered":"Termine 2024"},"content":{"rendered":"\n<p><em>Stand 24.09.2024<\/em><\/p>\n\n\n\n<h2 class=\"wp-block-heading\">Die wichtigsten Termine:<\/h2>\n\n\n\n<p>Falls Sie noch mehr Termine f\u00fcr uns haben schicken sie uns diese bitte (<a href=\"\/offpress\/kontakt\/\">Kontaktformular<\/a>) wir ver\u00f6ffentlichen diese gerne und nat\u00fcrlich kostenfrei.<\/p>\n\n\n\n<p>Weitere Veranstaltungs-Termine siehe auch <strong><a rel=\"noreferrer noopener\" aria-label=\" (\u00f6ffnet in neuem Tab)\" href=\"http:\/\/oldtimer-veranstaltung.de\/kalender\/\" target=\"_blank\">oldtimer-veranstaltungen.de<\/a><\/strong>.<\/p>\n\n\n\n<table class=\"wp-block-advgb-table advgb-table-frontend\" style=\"table-layout:fixed\"><tbody><tr><td style=\"border-bottom-color:#eeeeee\" data-border-color=\"#eeeeee\"><h3>Januar<\/h3><\/td><td style=\"border-bottom-color:#eeeeee\" data-border-color=\"#eeeeee\"><\/td><td style=\"border-bottom-color:#eeeeee\" data-border-color=\"#eeeeee\"><\/td><td style=\"border-bottom-color:#eeeeee\" data-border-color=\"#eeeeee\"><\/td><td style=\"border-bottom-color:#eeeeee\" data-border-color=\"#eeeeee\"><\/td><\/tr><tr><td style=\"border-bottom-color:#eeeeee\" data-border-color=\"#eeeeee\">18.01.<\/td><td style=\"border-bottom-color:#eeeeee\" colspan=\"2\" data-border-color=\"#eeeeee\"><strong>Clubabend im Br\u00e4ust\u00fcberl<\/strong><\/td><td style=\"border-bottom-color:#eeeeee\" colspan=\"2\" data-border-color=\"#eeeeee\"><\/td><\/tr><\/tbody><\/table>\n\n\n\n<table class=\"wp-block-advgb-table advgb-table-frontend\" style=\"table-layout:fixed\"><tbody><tr><td style=\"border-bottom-color:#eeeeee\" data-border-color=\"#eeeeee\"><h3>Februar<\/h3><\/td><td style=\"border-bottom-color:#eeeeee\" data-border-color=\"#eeeeee\"><\/td><td style=\"border-bottom-color:#eeeeee\" data-border-color=\"#eeeeee\"><\/td><td style=\"border-bottom-color:#eeeeee\" data-border-color=\"#eeeeee\"><\/td><td style=\"border-bottom-color:#eeeeee\" data-border-color=\"#eeeeee\"><\/td><\/tr><tr><td style=\"border-bottom-color:#eeeeee\" data-border-color=\"#eeeeee\">01.02. <\/td><td style=\"border-bottom-color:#eeeeee\" colspan=\"2\" data-border-color=\"#eeeeee\"><strong>nicht\u00f6ffentliche Mitgliederversammlung<\/strong><\/td><td style=\"border-bottom-color:#eeeeee\" colspan=\"2\" data-border-color=\"#eeeeee\"><\/td><\/tr><tr><td style=\"border-bottom-color:#eeeeee\" data-border-color=\"#eeeeee\">25.02.<\/td><td style=\"border-bottom-color:#eeeeee\" colspan=\"2\" data-border-color=\"#eeeeee\"><strong>Winterwanderung <\/strong>bei den Oldtimerfreunden Kirchberg<\/td><td style=\"border-bottom-color:#eeeeee\" colspan=\"2\" data-border-color=\"#eeeeee\"><\/td><\/tr><\/tbody><\/table>\n\n\n\n<table class=\"wp-block-advgb-table advgb-table-frontend\" style=\"table-layout:fixed\"><tbody><tr><td style=\"border-bottom-color:#eeeeee\" data-border-color=\"#eeeeee\"><h3>M\u00e4rz<\/h3><\/td><td style=\"border-bottom-color:#eeeeee\" data-border-color=\"#eeeeee\"><\/td><td style=\"border-bottom-color:#eeeeee\" data-border-color=\"#eeeeee\"><\/td><td style=\"border-bottom-color:#eeeeee\" data-border-color=\"#eeeeee\"><\/td><td style=\"border-bottom-color:#eeeeee\" data-border-color=\"#eeeeee\"><\/td><\/tr><tr><td style=\"border-bottom-color:#eeeeee\" data-border-color=\"#eeeeee\">07.03. <\/td><td style=\"border-bottom-color:#eeeeee\" colspan=\"2\" data-border-color=\"#eeeeee\"><strong>Clubabend im Br\u00e4ust\u00fcberl<\/strong> <\/td><td style=\"border-bottom-color:#eeeeee\" colspan=\"2\" data-border-color=\"#eeeeee\"><\/td><\/tr><\/tbody><\/table>\n\n\n\n<table class=\"wp-block-advgb-table advgb-table-frontend\" style=\"table-layout:fixed\"><tbody><tr><td style=\"border-bottom-color:#eeeeee\" data-border-color=\"#eeeeee\"><h3>April<\/h3><\/td><td style=\"border-bottom-color:#eeeeee\" data-border-color=\"#eeeeee\"><\/td><td style=\"border-bottom-color:#eeeeee\" data-border-color=\"#eeeeee\"><\/td><td style=\"border-bottom-color:#eeeeee\" data-border-color=\"#eeeeee\"><\/td><td style=\"border-bottom-color:#eeeeee\" data-border-color=\"#eeeeee\"><\/td><\/tr><tr><td style=\"border-bottom-color:#eeeeee\" data-border-color=\"#eeeeee\">04.04.<\/td><td style=\"border-bottom-color:#eeeeee\" colspan=\"2\" data-border-color=\"#eeeeee\"><strong>Clubabend im Br\u00e4ust\u00fcberl<\/strong> <\/td><td style=\"border-bottom-color:#eeeeee\" colspan=\"2\" data-border-color=\"#eeeeee\"><\/td><\/tr><tr><td style=\"border-bottom-color:#eeeeee\" data-border-color=\"#eeeeee\">28.04.<\/td><td style=\"border-bottom-color:#eeeeee\" colspan=\"2\" data-border-color=\"#eeeeee\">Voralpentour<\/td><td style=\"border-bottom-color:#eeeeee\" colspan=\"2\" data-border-color=\"#eeeeee\"><\/td><\/tr><\/tbody><\/table>\n\n\n\n<table class=\"wp-block-advgb-table advgb-table-frontend\" style=\"table-layout:fixed\"><tbody><tr><td style=\"border-bottom-color:#eeeeee\" data-border-color=\"#eeeeee\"><h3>Mai<\/h3><\/td><td style=\"border-bottom-color:#eeeeee\" data-border-color=\"#eeeeee\"><\/td><td style=\"border-bottom-color:#eeeeee\" data-border-color=\"#eeeeee\"><\/td><td style=\"border-bottom-color:#eeeeee\" data-border-color=\"#eeeeee\"><\/td><td style=\"border-bottom-color:#eeeeee\" data-border-color=\"#eeeeee\"><\/td><\/tr><tr><td style=\"border-bottom-color:#eeeeee\" data-border-color=\"#eeeeee\">02.05. <\/td><td style=\"border-bottom-color:#eeeeee\" colspan=\"2\" data-border-color=\"#eeeeee\"><strong>Clubabend im Br\u00e4ust\u00fcberl<\/strong> <\/td><td style=\"border-bottom-color:#eeeeee\" colspan=\"2\" data-border-color=\"#eeeeee\"><\/td><\/tr><\/tbody><\/table>\n\n\n\n<table class=\"wp-block-advgb-table advgb-table-frontend\" style=\"table-layout:fixed\"><tbody><tr><td style=\"border-bottom-color:#eeeeee\" data-border-color=\"#eeeeee\"><h3>Juni<\/h3><\/td><td style=\"border-bottom-color:#eeeeee\" data-border-color=\"#eeeeee\"><\/td><td style=\"border-bottom-color:#eeeeee\" data-border-color=\"#eeeeee\"><\/td><td style=\"border-bottom-color:#eeeeee\" data-border-color=\"#eeeeee\"><\/td><td style=\"border-bottom-color:#eeeeee\" data-border-color=\"#eeeeee\"><\/td><\/tr><tr><td style=\"border-bottom-color:#eeeeee\" data-border-color=\"#eeeeee\">06.06. <\/td><td style=\"border-bottom-color:#eeeeee\" colspan=\"2\" data-border-color=\"#eeeeee\"><strong>Clubabend im Br\u00e4ust\u00fcberl<\/strong><\/td><td style=\"border-bottom-color:#eeeeee\" colspan=\"2\" data-border-color=\"#eeeeee\">bei gutem Wetter im Biergarten<\/td><\/tr><tr><td style=\"border-bottom-color:#eeeeee\" data-border-color=\"#eeeeee\">09.06.<\/td><td style=\"border-bottom-color:#eeeeee\" colspan=\"2\" data-border-color=\"#eeeeee\"><strong>Hopfentour <\/strong>(das Anmeldeformular ist unter &#8218;Veranstaltungen&#8216; zu finden)<\/td><td style=\"border-bottom-color:#eeeeee\" colspan=\"2\" data-border-color=\"#eeeeee\"><\/td><\/tr><tr><td style=\"border-bottom-color:#eeeeee\" data-border-color=\"#eeeeee\">27. &#8211; 30.06.<\/td><td style=\"border-bottom-color:#eeeeee\" colspan=\"2\" data-border-color=\"#eeeeee\"><strong>Alpentour <\/strong>der Oldtimerfreunde Freising<\/td><td style=\"border-bottom-color:#eeeeee\" colspan=\"2\" data-border-color=\"#eeeeee\"><\/td><\/tr><\/tbody><\/table>\n\n\n\n<table class=\"wp-block-advgb-table advgb-table-frontend\" style=\"table-layout:fixed\"><tbody><tr><td style=\"border-bottom-color:#eeeeee\" data-border-color=\"#eeeeee\"><h3>Juli<\/h3><\/td><td style=\"border-bottom-color:#eeeeee\" data-border-color=\"#eeeeee\"><\/td><td style=\"border-bottom-color:#eeeeee\" data-border-color=\"#eeeeee\"><\/td><td style=\"border-bottom-color:#eeeeee\" data-border-color=\"#eeeeee\"><\/td><td style=\"border-bottom-color:#eeeeee\" data-border-color=\"#eeeeee\"><\/td><\/tr><tr><td style=\"border-bottom-color:#eeeeee\" data-border-color=\"#eeeeee\">04.07.<\/td><td style=\"border-bottom-color:#eeeeee\" colspan=\"2\" data-border-color=\"#eeeeee\"><strong>Clubabend im Br\u00e4ust\u00fcberl<\/strong><\/td><td style=\"border-bottom-color:#eeeeee\" colspan=\"2\" data-border-color=\"#eeeeee\">bei gutem Wetter im Biergarten<\/td><\/tr><\/tbody><\/table>\n\n\n\n<table class=\"wp-block-advgb-table advgb-table-frontend\" style=\"table-layout:fixed\"><tbody><tr><td style=\"border-bottom-color:#eeeeee\" data-border-color=\"#eeeeee\"><h3>August<\/h3><\/td><td style=\"border-bottom-color:#eeeeee\" data-border-color=\"#eeeeee\"><\/td><td style=\"border-bottom-color:#eeeeee\" data-border-color=\"#eeeeee\"><\/td><td style=\"border-bottom-color:#eeeeee\" data-border-color=\"#eeeeee\"><\/td><td style=\"border-bottom-color:#eeeeee\" data-border-color=\"#eeeeee\"><\/td><\/tr><tr><td style=\"border-bottom-color:#eeeeee\" data-border-color=\"#eeeeee\">01.08. <\/td><td style=\"border-bottom-color:#eeeeee\" colspan=\"2\" data-border-color=\"#eeeeee\"><strong>Clubabend im Br\u00e4ust\u00fcberl<\/strong> <\/td><td style=\"border-bottom-color:#eeeeee\" colspan=\"2\" data-border-color=\"#eeeeee\">bei gutem Wetter im Biergarten<\/td><\/tr><\/tbody><\/table>\n\n\n\n<table class=\"wp-block-advgb-table advgb-table-frontend\" style=\"table-layout:fixed\"><tbody><tr><td style=\"border-bottom-color:#eeeeee\" colspan=\"2\" data-border-color=\"#eeeeee\"><h3>September<\/h3><\/td><td style=\"border-bottom-color:#eeeeee\" data-border-color=\"#eeeeee\"><\/td><td style=\"border-bottom-color:#eeeeee\" data-border-color=\"#eeeeee\"><\/td><td style=\"border-bottom-color:#eeeeee\" data-border-color=\"#eeeeee\"><\/td><\/tr><tr><td style=\"border-bottom-color:#eeeeee\" data-border-color=\"#eeeeee\">05.09. <\/td><td style=\"border-bottom-color:#eeeeee\" colspan=\"2\" data-border-color=\"#eeeeee\"><strong>Clubabend im Br\u00e4ust\u00fcberl<\/strong> <\/td><td style=\"border-bottom-color:#eeeeee\" colspan=\"2\" data-border-color=\"#eeeeee\"><\/td><\/tr><\/tbody><\/table>\n\n\n\n<table class=\"wp-block-advgb-table advgb-table-frontend\" style=\"table-layout:fixed\"><tbody><tr><td style=\"border-bottom-color:#eeeeee\" colspan=\"2\" data-border-color=\"#eeeeee\"><h3>Oktober<\/h3><\/td><td style=\"border-bottom-color:#eeeeee\" data-border-color=\"#eeeeee\"><\/td><td style=\"border-bottom-color:#eeeeee\" data-border-color=\"#eeeeee\"><\/td><td style=\"border-bottom-color:#eeeeee\" data-border-color=\"#eeeeee\"><\/td><\/tr><tr><td style=\"border-bottom-color:#eeeeee\" data-border-color=\"#eeeeee\">08.10. (Dienstag!)<\/td><td style=\"border-bottom-color:#eeeeee\" colspan=\"2\" data-border-color=\"#eeeeee\"><strong><strong>Clubabend <\/strong>im Br\u00e4ust\u00fcberl<\/strong> <\/td><td style=\"border-bottom-color:#eeeeee\" colspan=\"2\" data-border-color=\"#eeeeee\"><\/td><\/tr><\/tbody><\/table>\n\n\n\n<table class=\"wp-block-advgb-table advgb-table-frontend\" style=\"table-layout:fixed\"><tbody><tr><td style=\"border-bottom-color:#eeeeee\" colspan=\"2\" data-border-color=\"#eeeeee\"><h3>November<\/h3><\/td><td style=\"border-bottom-color:#eeeeee\" data-border-color=\"#eeeeee\"><\/td><td style=\"border-bottom-color:#eeeeee\" data-border-color=\"#eeeeee\"><\/td><td style=\"border-bottom-color:#eeeeee\" data-border-color=\"#eeeeee\"><\/td><\/tr><tr><td style=\"border-bottom-color:#eeeeee\" data-border-color=\"#eeeeee\">07.11. <\/td><td style=\"border-bottom-color:#eeeeee\" colspan=\"2\" data-border-color=\"#eeeeee\"><strong>Clubabend im Br\u00e4ust\u00fcberl<\/strong> <\/td><td style=\"border-bottom-color:#eeeeee\" colspan=\"2\" data-border-color=\"#eeeeee\"><\/td><\/tr><\/tbody><\/table>\n\n\n\n<table class=\"wp-block-advgb-table advgb-table-frontend\" style=\"table-layout:fixed\"><tbody><tr><td style=\"border-bottom-color:#eeeeee\" colspan=\"2\" data-border-color=\"#eeeeee\"><h3>Dezember<\/h3><\/td><td style=\"border-bottom-color:#eeeeee\" data-border-color=\"#eeeeee\"><\/td><td style=\"border-bottom-color:#eeeeee\" data-border-color=\"#eeeeee\"><\/td><td style=\"border-bottom-color:#eeeeee\" data-border-color=\"#eeeeee\"><\/td><\/tr><tr><td style=\"border-bottom-color:#eeeeee\" data-border-color=\"#eeeeee\">06.12. <\/td><td style=\"border-bottom-color:#eeeeee\" colspan=\"2\" data-border-color=\"#eeeeee\"><strong>Weihnachtsfeier im Br\u00e4ust\u00fcberl &#8211; Freitag<\/strong> <\/td><td style=\"border-bottom-color:#eeeeee\" colspan=\"2\" data-border-color=\"#eeeeee\"><\/td><\/tr><\/tbody><\/table>\n","protected":false},"excerpt":{"rendered":"<p>Stand 24.09.2024 Die wichtigsten Termine: Falls Sie noch mehr Termine f\u00fcr uns haben schicken sie uns diese bitte (Kontaktformular) wir ver\u00f6ffentlichen diese gerne und nat\u00fcrlich kostenfrei. Weitere Veranstaltungs-Termine siehe auch [&hellip;]<\/p>\n","protected":false},"author":4,"featured_media":0,"parent":48,"menu_order":0,"comment_status":"closed","ping_status":"closed","template":"","meta":{"_EventAllDay":false,"_EventTimezone":"","_EventStartDate":"","_EventEndDate":"","_EventStartDateUTC":"","_EventEndDateUTC":"","_EventShowMap":false,"_EventShowMapLink":false,"_EventURL":"","_EventCost":"","_EventCostDescription":"","_EventCurrencySymbol":"","_EventCurrencyCode":"","_EventCurrencyPosition":"","_EventDateTimeSeparator":"","_EventTimeRangeSeparator":"","_EventOrganizerID":[],"_EventVenueID":[],"_OrganizerEmail":"","_OrganizerPhone":"","_OrganizerWebsite":"","_VenueAddress":"","_VenueCity":"","_VenueCountry":"","_VenueProvince":"","_VenueState":"","_VenueZip":"","_VenuePhone":"","_VenueURL":"","_VenueStateProvince":"","_VenueLat":"","_VenueLng":"","_VenueShowMap":false,"_VenueShowMapLink":false,"_mc_calendar":[],"footnotes":""},"class_list":["post-11653","page","type-page","status-publish","hentry","entry"],"_links":{"self":[{"href":"https:\/\/www.oldtimerfreunde-freising.de\/offpress\/wp-json\/wp\/v2\/pages\/11653","targetHints":{"allow":["GET"]}}],"collection":[{"href":"https:\/\/www.oldtimerfreunde-freising.de\/offpress\/wp-json\/wp\/v2\/pages"}],"about":[{"href":"https:\/\/www.oldtimerfreunde-freising.de\/offpress\/wp-json\/wp\/v2\/types\/page"}],"author":[{"embeddable":true,"href":"https:\/\/www.oldtimerfreunde-freising.de\/offpress\/wp-json\/wp\/v2\/users\/4"}],"replies":[{"embeddable":true,"href":"https:\/\/www.oldtimerfreunde-freising.de\/offpress\/wp-json\/wp\/v2\/comments?post=11653"}],"version-history":[{"count":14,"href":"https:\/\/www.oldtimerfreunde-freising.de\/offpress\/wp-json\/wp\/v2\/pages\/11653\/revisions"}],"predecessor-version":[{"id":12266,"href":"https:\/\/www.oldtimerfreunde-freising.de\/offpress\/wp-json\/wp\/v2\/pages\/11653\/revisions\/12266"}],"up":[{"embeddable":true,"href":"https:\/\/www.oldtimerfreunde-freising.de\/offpress\/wp-json\/wp\/v2\/pages\/48"}],"wp:attachment":[{"href":"https:\/\/www.oldtimerfreunde-freising.de\/offpress\/wp-json\/wp\/v2\/media?parent=11653"}],"curies":[{"name":"wp","href":"https:\/\/api.w.org\/{rel}","templated":true}]}}