{"id":11818,"date":"2024-03-13T13:38:19","date_gmt":"2024-03-13T12:38:19","guid":{"rendered":"https:\/\/www.oldtimerfreunde-freising.de\/offpress\/?page_id=11818"},"modified":"2025-01-17T15:06:28","modified_gmt":"2025-01-17T14:06:28","slug":"winterwanderung-2024","status":"publish","type":"page","link":"https:\/\/www.oldtimerfreunde-freising.de\/offpress\/veranstaltungen\/winterwanderung-2024\/","title":{"rendered":"Winterwanderung 2024"},"content":{"rendered":"\n<div class=\"wp-block-group\"><div class=\"wp-block-group__inner-container is-layout-constrained wp-block-group-is-layout-constrained\">\n<p>Unser Ziel am 25.Februar 2024:<br>Eine Wanderung mit und zu unseren Kirchberger Oldtimerfreunden: <a href=\"https:\/\/www.oldtimerfreunde-kirchberg.de\">https:\/\/www.oldtimerfreunde-kirchberg.de<\/a><\/p>\n\n\n\n<p>Bei fast schon fr\u00fchlingshaftem Wetter fanden sich 20 wanderlustige Oldtimerfreunde Freising um die Mittagszeit vor dem Weihenstephaner Br\u00e4ust\u00fcberl ein.<br>Verschiedene Selbstgebrannte vom Thomas Wiedemann schmeckten vorz\u00fcglich und w\u00e4rmten uns von innen.<br>Mit dem Obermayr-Reisebus und seinem freundlichem Fahrer ging es gg. 12:30h \u00fcber Langenbach ins Holzland zu den \u201aFroschbachern\u2018 in ihrem Domizil Kirchberg.<br>Dort erwartete uns eine herzliche Begr\u00fc\u00dfung und auch hier fehlte ein Stamperl zum Empfang nicht.<br>Nach einem kurzen Ratsch und Begutachtung der Lokalit\u00e4ten ging es direkt weiter.<br>Wir bekamen unseren Bus nun ohne Probleme voll und fuhren gemeinsam weiter durch Steinkirchen zum Wanderpunkt vor dem Ortseingang Kienraching.<br>Die Sonne begr\u00fc\u00dfte uns bei +8 Grad C und sorgte f\u00fcr prima Stimmung.<br>Unser Tour-Guide Stephan der Kirchberger Oldtimerfreunde hatte alles perfekt geplant &amp; im Griff.<br>Nach ca. einer 3\/4h erreichten wir die Filialkirche Ebering St. Laurentius und Stephanus.<br><a href=\"https:\/\/www.erzbistum-muenchen.de\/news\/bistum\/Sanierung-historischer-Kirche-im-Erdinger-Holzland-beendet-39777.news\">https:\/\/www.erzbistum-muenchen.de\/news\/bistum\/Sanierung-historischer-Kirche-im-Erdinger-Holzland-beendet-39777.news<\/a><br>Dort erfuhren wir &#8211; live und erfrischend vorgetragen &#8211; sehr Interessantes \u00fcber dieses kleine Schmuckst\u00fcck kirchlicher Geschichte aus dem 13.Jhdt.<br>Nach unserem Gruppenfoto in der w\u00e4rmenden Sonne spendierten uns die Kirchberger gleich ums n\u00e4chste Eck eine leckere St\u00e4rkung mit Bier, Gl\u00fchwein, Geb\u00e4ck und Snacks.<\/p>\n\n\n\n<p>So ging es Frohgemut weiter \u00fcber sonnige Felder und durch W\u00e4lder dem Ziel zu &#8211; dem Stammsitz der Kirchberger &#8211; geradewegs in deren gem\u00fctliches Wirtshaus.<br>Nach Begr\u00fc\u00dfung durch die Vorst\u00e4nde (Hans &amp; Hans) konnten wir Selbstgemachtes (Herzhafte, hausgemachte Gulaschsuppe und selbstgebackene Kuchen) genie\u00dfen.<\/p>\n\n\n\n<p>Schon fast Tradition hat das \u00dcberreichen eines Dankesch\u00f6ns: Heuer war es ein antikes Spinnrad f\u00fcr das Heimat-Museum der Kirchberger.<\/p>\n\n\n\n<p>Danke an Toni Wiesheu f\u00fcr\u2019s Organisieren und die erfrischend herzliche Gastfreundschaft der Kirchberger.<\/p>\n\n\n\n<figure class=\"wp-block-gallery has-nested-images columns-default is-cropped wp-block-gallery-1 is-layout-flex wp-block-gallery-is-layout-flex\">\n<figure class=\"wp-block-image size-large\"><img loading=\"lazy\" decoding=\"async\" width=\"683\" height=\"1024\" data-id=\"11833\" src=\"https:\/\/www.oldtimerfreunde-freising.de\/offpress\/wp-content\/uploads\/2024\/03\/7184569A-987D-4369-BCA8-A86937F6E97D_1_201_a-683x1024.jpeg\" alt=\"\" class=\"wp-image-11833\" srcset=\"https:\/\/www.oldtimerfreunde-freising.de\/offpress\/wp-content\/uploads\/2024\/03\/7184569A-987D-4369-BCA8-A86937F6E97D_1_201_a-683x1024.jpeg 683w, https:\/\/www.oldtimerfreunde-freising.de\/offpress\/wp-content\/uploads\/2024\/03\/7184569A-987D-4369-BCA8-A86937F6E97D_1_201_a-200x300.jpeg 200w, https:\/\/www.oldtimerfreunde-freising.de\/offpress\/wp-content\/uploads\/2024\/03\/7184569A-987D-4369-BCA8-A86937F6E97D_1_201_a-768x1152.jpeg 768w, https:\/\/www.oldtimerfreunde-freising.de\/offpress\/wp-content\/uploads\/2024\/03\/7184569A-987D-4369-BCA8-A86937F6E97D_1_201_a.jpeg 922w\" sizes=\"auto, (max-width: 683px) 100vw, 683px\" \/><\/figure>\n\n\n\n<figure class=\"wp-block-image size-large\"><img loading=\"lazy\" decoding=\"async\" width=\"733\" height=\"992\" data-id=\"11834\" src=\"https:\/\/www.oldtimerfreunde-freising.de\/offpress\/wp-content\/uploads\/2024\/03\/2512E8C1-2164-4E5F-9C02-A0C5C74572E1_1_201_a.jpeg\" alt=\"\" class=\"wp-image-11834\" srcset=\"https:\/\/www.oldtimerfreunde-freising.de\/offpress\/wp-content\/uploads\/2024\/03\/2512E8C1-2164-4E5F-9C02-A0C5C74572E1_1_201_a.jpeg 733w, https:\/\/www.oldtimerfreunde-freising.de\/offpress\/wp-content\/uploads\/2024\/03\/2512E8C1-2164-4E5F-9C02-A0C5C74572E1_1_201_a-222x300.jpeg 222w\" sizes=\"auto, (max-width: 733px) 100vw, 733px\" \/><\/figure>\n\n\n\n<figure class=\"wp-block-image size-large\"><img loading=\"lazy\" decoding=\"async\" width=\"872\" height=\"640\" data-id=\"11819\" src=\"https:\/\/www.oldtimerfreunde-freising.de\/offpress\/wp-content\/uploads\/2024\/03\/F01F849C-B88A-4CCA-B395-EDD9F38624E2.png\" alt=\"\" class=\"wp-image-11819\" srcset=\"https:\/\/www.oldtimerfreunde-freising.de\/offpress\/wp-content\/uploads\/2024\/03\/F01F849C-B88A-4CCA-B395-EDD9F38624E2.png 872w, https:\/\/www.oldtimerfreunde-freising.de\/offpress\/wp-content\/uploads\/2024\/03\/F01F849C-B88A-4CCA-B395-EDD9F38624E2-300x220.png 300w, https:\/\/www.oldtimerfreunde-freising.de\/offpress\/wp-content\/uploads\/2024\/03\/F01F849C-B88A-4CCA-B395-EDD9F38624E2-768x564.png 768w\" sizes=\"auto, (max-width: 872px) 100vw, 872px\" \/><\/figure>\n<\/figure>\n<\/div><\/div>\n","protected":false},"excerpt":{"rendered":"<p>Unser Ziel am 25.Februar 2024:Eine Wanderung mit und zu unseren Kirchberger Oldtimerfreunden: https:\/\/www.oldtimerfreunde-kirchberg.de Bei fast schon fr\u00fchlingshaftem Wetter fanden sich 20 wanderlustige Oldtimerfreunde Freising um die Mittagszeit vor dem Weihenstephaner [&hellip;]<\/p>\n","protected":false},"author":4,"featured_media":0,"parent":54,"menu_order":0,"comment_status":"closed","ping_status":"closed","template":"","meta":{"_EventAllDay":false,"_EventTimezone":"","_EventStartDate":"","_EventEndDate":"","_EventStartDateUTC":"","_EventEndDateUTC":"","_EventShowMap":false,"_EventShowMapLink":false,"_EventURL":"","_EventCost":"","_EventCostDescription":"","_EventCurrencySymbol":"","_EventCurrencyCode":"","_EventCurrencyPosition":"","_EventDateTimeSeparator":"","_EventTimeRangeSeparator":"","_EventOrganizerID":[],"_EventVenueID":[],"_OrganizerEmail":"","_OrganizerPhone":"","_OrganizerWebsite":"","_VenueAddress":"","_VenueCity":"","_VenueCountry":"","_VenueProvince":"","_VenueState":"","_VenueZip":"","_VenuePhone":"","_VenueURL":"","_VenueStateProvince":"","_VenueLat":"","_VenueLng":"","_VenueShowMap":false,"_VenueShowMapLink":false,"_mc_calendar":[],"footnotes":""},"class_list":["post-11818","page","type-page","status-publish","hentry","entry"],"_links":{"self":[{"href":"https:\/\/www.oldtimerfreunde-freising.de\/offpress\/wp-json\/wp\/v2\/pages\/11818","targetHints":{"allow":["GET"]}}],"collection":[{"href":"https:\/\/www.oldtimerfreunde-freising.de\/offpress\/wp-json\/wp\/v2\/pages"}],"about":[{"href":"https:\/\/www.oldtimerfreunde-freising.de\/offpress\/wp-json\/wp\/v2\/types\/page"}],"author":[{"embeddable":true,"href":"https:\/\/www.oldtimerfreunde-freising.de\/offpress\/wp-json\/wp\/v2\/users\/4"}],"replies":[{"embeddable":true,"href":"https:\/\/www.oldtimerfreunde-freising.de\/offpress\/wp-json\/wp\/v2\/comments?post=11818"}],"version-history":[{"count":3,"href":"https:\/\/www.oldtimerfreunde-freising.de\/offpress\/wp-json\/wp\/v2\/pages\/11818\/revisions"}],"predecessor-version":[{"id":12519,"href":"https:\/\/www.oldtimerfreunde-freising.de\/offpress\/wp-json\/wp\/v2\/pages\/11818\/revisions\/12519"}],"up":[{"embeddable":true,"href":"https:\/\/www.oldtimerfreunde-freising.de\/offpress\/wp-json\/wp\/v2\/pages\/54"}],"wp:attachment":[{"href":"https:\/\/www.oldtimerfreunde-freising.de\/offpress\/wp-json\/wp\/v2\/media?parent=11818"}],"curies":[{"name":"wp","href":"https:\/\/api.w.org\/{rel}","templated":true}]}}