{"id":13524,"date":"2026-03-06T18:21:43","date_gmt":"2026-03-06T17:21:43","guid":{"rendered":"https:\/\/www.oldtimerfreunde-freising.de\/offpress\/?page_id=13524"},"modified":"2026-03-06T18:29:07","modified_gmt":"2026-03-06T17:29:07","slug":"winterwanderung-2026","status":"publish","type":"page","link":"https:\/\/www.oldtimerfreunde-freising.de\/offpress\/winterwanderung-2026\/","title":{"rendered":"Winterwanderung 2026"},"content":{"rendered":"\n<p>Am Sonntag, den 08.02.2026, f\u00fchrte uns unsere Winterwanderung zu den Oldtimerfreunden Kirchberg. Um 12.30 Uhr starteten wir gemeinsam mit dem Bus in Weihenstephan und machten uns auf den Weg nach Kirchberg.<\/p>\n\n\n\n<p>Vor Ort angekommen wurden wir herzlich mit einem kleinen Umtrunk begr\u00fc\u00dft. Nach einem kurzen Austausch und der Begr\u00fc\u00dfung ging es anschlie\u00dfend auf eine wundersch\u00f6ne Wanderung \u00fcber eine rund 7,5 km lange Strecke durch die Umgebung. Wir hatten gro\u00dfes Gl\u00fcck mit dem Wetter, denn die Sonne begleitete uns w\u00e4hrend der gesamten Wanderung. Etwa auf halber Strecke legten wir eine gem\u00fctliche Pause ein. Bei Kaffee, Gl\u00fchwein und kleinen Leckereien konnten wir uns aufw\u00e4rmen und neue Energie tanken.<\/p>\n\n\n\n<p>Ein besonderes Highlight war der \u201eBrezelk\u00e4fer\u201c, den ein Vereinsmitglied der Oldtimerfreunde Kirchberg mitgebracht hatte. Mit viel Begeisterung erz\u00e4hlte er uns die Geschichte dieses besonderen Fahrzeugs und lie\u00df uns den K\u00e4fer ausgiebig bestaunen. \u00dcber den gesamten Tag hinweg kam es zu vielen netten Gespr\u00e4chen rund um unser gemeinsames Hobby.<\/p>\n\n\n\n<p>Im Anschluss f\u00fchrte uns der Weg zur\u00fcck zum Museum der Oldtimerfreunde Kirchberg, wo wir kulinarisch mit einem k\u00f6stlichen Essen verw\u00f6hnt wurden: Zum Salzbraten gab es K\u00e4sesp\u00e4tzle, Zaziki, Kartoffelsalat und einen frischen Salatteller. Dazu gab es auch Kaffee und Kuchen, sodass jeder den Tag in entspannter Runde ausklingen lassen konnte.<\/p>\n\n\n\n<p>Ein besonderer Dank gilt den Oldtimerfreunden Kirchberg f\u00fcr die freundliche Einladung und die wunderbare Gastfreundschaft. Am Abend traten wir gl\u00fccklich und zufrieden die R\u00fcckfahrt nach Freising an.<\/p>\n\n\n\n<p><\/p>\n\n\n\n<figure class=\"wp-block-gallery has-nested-images columns-default is-cropped wp-block-gallery-1 is-layout-flex wp-block-gallery-is-layout-flex\">\n<figure class=\"wp-block-image size-large\"><img loading=\"lazy\" decoding=\"async\" width=\"768\" height=\"1024\" data-id=\"13525\" src=\"https:\/\/www.oldtimerfreunde-freising.de\/offpress\/wp-content\/uploads\/2026\/03\/0E26F110-F1F4-454E-AE0D-543CE3774874_1_105_c.jpeg\" alt=\"\" class=\"wp-image-13525\" srcset=\"https:\/\/www.oldtimerfreunde-freising.de\/offpress\/wp-content\/uploads\/2026\/03\/0E26F110-F1F4-454E-AE0D-543CE3774874_1_105_c.jpeg 768w, https:\/\/www.oldtimerfreunde-freising.de\/offpress\/wp-content\/uploads\/2026\/03\/0E26F110-F1F4-454E-AE0D-543CE3774874_1_105_c-225x300.jpeg 225w\" sizes=\"auto, (max-width: 768px) 100vw, 768px\" \/><\/figure>\n\n\n\n<figure class=\"wp-block-image size-large\"><img loading=\"lazy\" decoding=\"async\" width=\"768\" height=\"1024\" data-id=\"13526\" src=\"https:\/\/www.oldtimerfreunde-freising.de\/offpress\/wp-content\/uploads\/2026\/03\/3E1BAA80-1595-4D94-A164-891270E84CC1_1_105_c.jpeg\" alt=\"\" class=\"wp-image-13526\" srcset=\"https:\/\/www.oldtimerfreunde-freising.de\/offpress\/wp-content\/uploads\/2026\/03\/3E1BAA80-1595-4D94-A164-891270E84CC1_1_105_c.jpeg 768w, https:\/\/www.oldtimerfreunde-freising.de\/offpress\/wp-content\/uploads\/2026\/03\/3E1BAA80-1595-4D94-A164-891270E84CC1_1_105_c-225x300.jpeg 225w\" sizes=\"auto, (max-width: 768px) 100vw, 768px\" \/><\/figure>\n\n\n\n<figure class=\"wp-block-image size-large\"><img loading=\"lazy\" decoding=\"async\" width=\"768\" height=\"1024\" data-id=\"13527\" src=\"https:\/\/www.oldtimerfreunde-freising.de\/offpress\/wp-content\/uploads\/2026\/03\/WhatsApp-Image-2026-02-08-at-20.05.56-768x1024.jpeg\" alt=\"\" class=\"wp-image-13527\" srcset=\"https:\/\/www.oldtimerfreunde-freising.de\/offpress\/wp-content\/uploads\/2026\/03\/WhatsApp-Image-2026-02-08-at-20.05.56-768x1024.jpeg 768w, https:\/\/www.oldtimerfreunde-freising.de\/offpress\/wp-content\/uploads\/2026\/03\/WhatsApp-Image-2026-02-08-at-20.05.56-225x300.jpeg 225w, https:\/\/www.oldtimerfreunde-freising.de\/offpress\/wp-content\/uploads\/2026\/03\/WhatsApp-Image-2026-02-08-at-20.05.56-1152x1536.jpeg 1152w, https:\/\/www.oldtimerfreunde-freising.de\/offpress\/wp-content\/uploads\/2026\/03\/WhatsApp-Image-2026-02-08-at-20.05.56.jpeg 1200w\" sizes=\"auto, (max-width: 768px) 100vw, 768px\" \/><\/figure>\n\n\n\n<figure class=\"wp-block-image size-large\"><img loading=\"lazy\" decoding=\"async\" width=\"768\" height=\"1024\" data-id=\"13528\" src=\"https:\/\/www.oldtimerfreunde-freising.de\/offpress\/wp-content\/uploads\/2026\/03\/WhatsApp-Image-2026-02-08-at-20.38.08-768x1024.jpeg\" alt=\"\" class=\"wp-image-13528\" srcset=\"https:\/\/www.oldtimerfreunde-freising.de\/offpress\/wp-content\/uploads\/2026\/03\/WhatsApp-Image-2026-02-08-at-20.38.08-768x1024.jpeg 768w, https:\/\/www.oldtimerfreunde-freising.de\/offpress\/wp-content\/uploads\/2026\/03\/WhatsApp-Image-2026-02-08-at-20.38.08-225x300.jpeg 225w, https:\/\/www.oldtimerfreunde-freising.de\/offpress\/wp-content\/uploads\/2026\/03\/WhatsApp-Image-2026-02-08-at-20.38.08-1152x1536.jpeg 1152w, https:\/\/www.oldtimerfreunde-freising.de\/offpress\/wp-content\/uploads\/2026\/03\/WhatsApp-Image-2026-02-08-at-20.38.08.jpeg 1536w\" sizes=\"auto, (max-width: 768px) 100vw, 768px\" \/><\/figure>\n\n\n\n<figure class=\"wp-block-image size-large\"><img loading=\"lazy\" decoding=\"async\" width=\"768\" height=\"1024\" data-id=\"13529\" src=\"https:\/\/www.oldtimerfreunde-freising.de\/offpress\/wp-content\/uploads\/2026\/03\/WhatsApp-Image-2026-02-08-at-20.38.06-768x1024.jpeg\" alt=\"\" class=\"wp-image-13529\" srcset=\"https:\/\/www.oldtimerfreunde-freising.de\/offpress\/wp-content\/uploads\/2026\/03\/WhatsApp-Image-2026-02-08-at-20.38.06-768x1024.jpeg 768w, https:\/\/www.oldtimerfreunde-freising.de\/offpress\/wp-content\/uploads\/2026\/03\/WhatsApp-Image-2026-02-08-at-20.38.06-225x300.jpeg 225w, https:\/\/www.oldtimerfreunde-freising.de\/offpress\/wp-content\/uploads\/2026\/03\/WhatsApp-Image-2026-02-08-at-20.38.06-1152x1536.jpeg 1152w, https:\/\/www.oldtimerfreunde-freising.de\/offpress\/wp-content\/uploads\/2026\/03\/WhatsApp-Image-2026-02-08-at-20.38.06.jpeg 1536w\" sizes=\"auto, (max-width: 768px) 100vw, 768px\" \/><\/figure>\n\n\n\n<figure class=\"wp-block-image size-large\"><img loading=\"lazy\" decoding=\"async\" width=\"768\" height=\"1024\" data-id=\"13530\" src=\"https:\/\/www.oldtimerfreunde-freising.de\/offpress\/wp-content\/uploads\/2026\/03\/WhatsApp-Image-2026-02-08-at-20.05.55-768x1024.jpeg\" alt=\"\" class=\"wp-image-13530\" srcset=\"https:\/\/www.oldtimerfreunde-freising.de\/offpress\/wp-content\/uploads\/2026\/03\/WhatsApp-Image-2026-02-08-at-20.05.55-768x1024.jpeg 768w, https:\/\/www.oldtimerfreunde-freising.de\/offpress\/wp-content\/uploads\/2026\/03\/WhatsApp-Image-2026-02-08-at-20.05.55-225x300.jpeg 225w, https:\/\/www.oldtimerfreunde-freising.de\/offpress\/wp-content\/uploads\/2026\/03\/WhatsApp-Image-2026-02-08-at-20.05.55-1152x1536.jpeg 1152w, https:\/\/www.oldtimerfreunde-freising.de\/offpress\/wp-content\/uploads\/2026\/03\/WhatsApp-Image-2026-02-08-at-20.05.55.jpeg 1200w\" sizes=\"auto, (max-width: 768px) 100vw, 768px\" \/><\/figure>\n\n\n\n<figure class=\"wp-block-image size-large\"><img loading=\"lazy\" decoding=\"async\" width=\"768\" height=\"1024\" data-id=\"13531\" src=\"https:\/\/www.oldtimerfreunde-freising.de\/offpress\/wp-content\/uploads\/2026\/03\/WhatsApp-Image-2026-02-08-at-20.05.56-1-768x1024.jpeg\" alt=\"\" class=\"wp-image-13531\" srcset=\"https:\/\/www.oldtimerfreunde-freising.de\/offpress\/wp-content\/uploads\/2026\/03\/WhatsApp-Image-2026-02-08-at-20.05.56-1-768x1024.jpeg 768w, https:\/\/www.oldtimerfreunde-freising.de\/offpress\/wp-content\/uploads\/2026\/03\/WhatsApp-Image-2026-02-08-at-20.05.56-1-225x300.jpeg 225w, https:\/\/www.oldtimerfreunde-freising.de\/offpress\/wp-content\/uploads\/2026\/03\/WhatsApp-Image-2026-02-08-at-20.05.56-1-1152x1536.jpeg 1152w, https:\/\/www.oldtimerfreunde-freising.de\/offpress\/wp-content\/uploads\/2026\/03\/WhatsApp-Image-2026-02-08-at-20.05.56-1.jpeg 1200w\" sizes=\"auto, (max-width: 768px) 100vw, 768px\" \/><\/figure>\n\n\n\n<figure class=\"wp-block-image size-large\"><img loading=\"lazy\" decoding=\"async\" width=\"768\" height=\"1024\" data-id=\"13533\" src=\"https:\/\/www.oldtimerfreunde-freising.de\/offpress\/wp-content\/uploads\/2026\/03\/WhatsApp-Image-2026-02-08-at-20.05.56-3-768x1024.jpeg\" alt=\"\" class=\"wp-image-13533\" srcset=\"https:\/\/www.oldtimerfreunde-freising.de\/offpress\/wp-content\/uploads\/2026\/03\/WhatsApp-Image-2026-02-08-at-20.05.56-3-768x1024.jpeg 768w, https:\/\/www.oldtimerfreunde-freising.de\/offpress\/wp-content\/uploads\/2026\/03\/WhatsApp-Image-2026-02-08-at-20.05.56-3-225x300.jpeg 225w, https:\/\/www.oldtimerfreunde-freising.de\/offpress\/wp-content\/uploads\/2026\/03\/WhatsApp-Image-2026-02-08-at-20.05.56-3-1152x1536.jpeg 1152w, https:\/\/www.oldtimerfreunde-freising.de\/offpress\/wp-content\/uploads\/2026\/03\/WhatsApp-Image-2026-02-08-at-20.05.56-3.jpeg 1200w\" sizes=\"auto, (max-width: 768px) 100vw, 768px\" \/><\/figure>\n\n\n\n<figure class=\"wp-block-image size-large\"><img loading=\"lazy\" decoding=\"async\" width=\"576\" height=\"1024\" data-id=\"13534\" src=\"https:\/\/www.oldtimerfreunde-freising.de\/offpress\/wp-content\/uploads\/2026\/03\/EAF2D6F8-F4C6-49A8-8CD0-CC34E2D1CE4A_1_106_c-576x1024.jpeg\" alt=\"\" class=\"wp-image-13534\" srcset=\"https:\/\/www.oldtimerfreunde-freising.de\/offpress\/wp-content\/uploads\/2026\/03\/EAF2D6F8-F4C6-49A8-8CD0-CC34E2D1CE4A_1_106_c-576x1024.jpeg 576w, https:\/\/www.oldtimerfreunde-freising.de\/offpress\/wp-content\/uploads\/2026\/03\/EAF2D6F8-F4C6-49A8-8CD0-CC34E2D1CE4A_1_106_c-169x300.jpeg 169w, https:\/\/www.oldtimerfreunde-freising.de\/offpress\/wp-content\/uploads\/2026\/03\/EAF2D6F8-F4C6-49A8-8CD0-CC34E2D1CE4A_1_106_c-768x1365.jpeg 768w, https:\/\/www.oldtimerfreunde-freising.de\/offpress\/wp-content\/uploads\/2026\/03\/EAF2D6F8-F4C6-49A8-8CD0-CC34E2D1CE4A_1_106_c-864x1536.jpeg 864w, https:\/\/www.oldtimerfreunde-freising.de\/offpress\/wp-content\/uploads\/2026\/03\/EAF2D6F8-F4C6-49A8-8CD0-CC34E2D1CE4A_1_106_c.jpeg 1080w\" sizes=\"auto, (max-width: 576px) 100vw, 576px\" \/><\/figure>\n\n\n\n<figure class=\"wp-block-image size-large\"><img loading=\"lazy\" decoding=\"async\" width=\"1024\" height=\"768\" data-id=\"13532\" src=\"https:\/\/www.oldtimerfreunde-freising.de\/offpress\/wp-content\/uploads\/2026\/03\/WhatsApp-Image-2026-02-08-at-20.05.56-2-1024x768.jpeg\" alt=\"\" class=\"wp-image-13532\" srcset=\"https:\/\/www.oldtimerfreunde-freising.de\/offpress\/wp-content\/uploads\/2026\/03\/WhatsApp-Image-2026-02-08-at-20.05.56-2-1024x768.jpeg 1024w, https:\/\/www.oldtimerfreunde-freising.de\/offpress\/wp-content\/uploads\/2026\/03\/WhatsApp-Image-2026-02-08-at-20.05.56-2-300x225.jpeg 300w, https:\/\/www.oldtimerfreunde-freising.de\/offpress\/wp-content\/uploads\/2026\/03\/WhatsApp-Image-2026-02-08-at-20.05.56-2-768x576.jpeg 768w, https:\/\/www.oldtimerfreunde-freising.de\/offpress\/wp-content\/uploads\/2026\/03\/WhatsApp-Image-2026-02-08-at-20.05.56-2-1536x1152.jpeg 1536w, https:\/\/www.oldtimerfreunde-freising.de\/offpress\/wp-content\/uploads\/2026\/03\/WhatsApp-Image-2026-02-08-at-20.05.56-2.jpeg 1600w\" sizes=\"auto, (max-width: 1024px) 100vw, 1024px\" \/><\/figure>\n<\/figure>\n\n\n\n<div class=\"wp-block-columns is-layout-flex wp-container-core-columns-is-layout-9d6595d7 wp-block-columns-is-layout-flex\">\n<div class=\"wp-block-column is-layout-flow wp-block-column-is-layout-flow\">\n<figure class=\"wp-block-video\"><video height=\"1280\" style=\"aspect-ratio: 720 \/ 1280;\" width=\"720\" controls src=\"https:\/\/www.oldtimerfreunde-freising.de\/offpress\/wp-content\/uploads\/2026\/03\/Winterwanderung_Webseite.mp4\"><\/video><\/figure>\n<\/div>\n\n\n\n<div class=\"wp-block-column is-layout-flow wp-block-column-is-layout-flow\">\n<figure class=\"wp-block-video\"><video height=\"1280\" style=\"aspect-ratio: 720 \/ 1280;\" width=\"720\" controls src=\"https:\/\/www.oldtimerfreunde-freising.de\/offpress\/wp-content\/uploads\/2026\/03\/Kaefer_Webseite.mp4\"><\/video><\/figure>\n<\/div>\n<\/div>\n","protected":false},"excerpt":{"rendered":"<p>Am Sonntag, den 08.02.2026, f\u00fchrte uns unsere Winterwanderung zu den Oldtimerfreunden Kirchberg. Um 12.30 Uhr starteten wir gemeinsam mit dem Bus in Weihenstephan und machten uns auf den Weg nach [&hellip;]<\/p>\n","protected":false},"author":10,"featured_media":0,"parent":0,"menu_order":0,"comment_status":"closed","ping_status":"closed","template":"","meta":{"_EventAllDay":false,"_EventTimezone":"","_EventStartDate":"","_EventEndDate":"","_EventStartDateUTC":"","_EventEndDateUTC":"","_EventShowMap":false,"_EventShowMapLink":false,"_EventURL":"","_EventCost":"","_EventCostDescription":"","_EventCurrencySymbol":"","_EventCurrencyCode":"","_EventCurrencyPosition":"","_EventDateTimeSeparator":"","_EventTimeRangeSeparator":"","_EventOrganizerID":[],"_EventVenueID":[],"_OrganizerEmail":"","_OrganizerPhone":"","_OrganizerWebsite":"","_VenueAddress":"","_VenueCity":"","_VenueCountry":"","_VenueProvince":"","_VenueState":"","_VenueZip":"","_VenuePhone":"","_VenueURL":"","_VenueStateProvince":"","_VenueLat":"","_VenueLng":"","_VenueShowMap":false,"_VenueShowMapLink":false,"_mc_calendar":[],"footnotes":""},"class_list":["post-13524","page","type-page","status-publish","hentry","entry"],"_links":{"self":[{"href":"https:\/\/www.oldtimerfreunde-freising.de\/offpress\/wp-json\/wp\/v2\/pages\/13524","targetHints":{"allow":["GET"]}}],"collection":[{"href":"https:\/\/www.oldtimerfreunde-freising.de\/offpress\/wp-json\/wp\/v2\/pages"}],"about":[{"href":"https:\/\/www.oldtimerfreunde-freising.de\/offpress\/wp-json\/wp\/v2\/types\/page"}],"author":[{"embeddable":true,"href":"https:\/\/www.oldtimerfreunde-freising.de\/offpress\/wp-json\/wp\/v2\/users\/10"}],"replies":[{"embeddable":true,"href":"https:\/\/www.oldtimerfreunde-freising.de\/offpress\/wp-json\/wp\/v2\/comments?post=13524"}],"version-history":[{"count":2,"href":"https:\/\/www.oldtimerfreunde-freising.de\/offpress\/wp-json\/wp\/v2\/pages\/13524\/revisions"}],"predecessor-version":[{"id":13546,"href":"https:\/\/www.oldtimerfreunde-freising.de\/offpress\/wp-json\/wp\/v2\/pages\/13524\/revisions\/13546"}],"wp:attachment":[{"href":"https:\/\/www.oldtimerfreunde-freising.de\/offpress\/wp-json\/wp\/v2\/media?parent=13524"}],"curies":[{"name":"wp","href":"https:\/\/api.w.org\/{rel}","templated":true}]}}