{"id":204,"date":"2019-08-25T12:24:09","date_gmt":"2019-08-25T10:24:09","guid":{"rendered":"https:\/\/www.oldtimerfreunde-freising.de\/offpress\/?page_id=204"},"modified":"2022-03-04T07:25:55","modified_gmt":"2022-03-04T06:25:55","slug":"die-herbstausfahrt","status":"publish","type":"page","link":"https:\/\/www.oldtimerfreunde-freising.de\/offpress\/veranstaltungen\/die-herbstausfahrt\/","title":{"rendered":"Die Herbstausfahrt"},"content":{"rendered":"\n<p>Ende September, so zu sagen zum Abschluss der Saison, g\u00f6nnen wir unseren Oldies noch einmal einen l\u00e4ngeren Auslauf. Nachdem uns die Herbstausfahrten bis 2013 ins Frankenland gef\u00fchrt hatten, haben wir ab 2013 den Saisonabschluss geb\u00fchrend in hoffentlich etwas w\u00e4rmere Gefilde verlegt &#8211; S\u00fcdtirol, Gardasee oder Modena. <\/p>\n\n\n\n<p><strong><a href=\"https:\/\/www.oldtimerfreunde-freising.de\/offpress\/veranstaltungen\/die-herbstausfahrt\/zauberhafter-lago-maggiore\/\">Herbsttour 2022<\/a><\/strong><br><strong><a href=\"https:\/\/www.oldtimerfreunde-freising.de\/offpress\/veranstaltungen\/die-herbstausfahrt\/die-herbsttour-2020-ins-elsass\/\">Herbsttour 2020<br><\/a><\/strong><a href=\"https:\/\/www.oldtimerfreunde-freising.de\/offpress\/herbstausfahrt-2019\/\"><strong>Herbsttour 2019<\/strong><\/a><br><a href=\"https:\/\/www.oldtimerfreunde-freising.de\/offpress\/herbstausfahrt-2018\/\"><strong>Herbsttour 2018<\/strong><\/a><br><strong><strong><a href=\"https:\/\/www.oldtimerfreunde-freising.de\/offpress\/veranstaltungen\/die-herbstausfahrt\/herbstausfahrt-gardasee-vom-14-09-17-09-2017\/\">Herbsttour 2017<\/a><\/strong><\/strong><br><strong><strong><a href=\"https:\/\/www.oldtimerfreunde-freising.de\/offpress\/veranstaltungen\/die-herbstausfahrt\/rueckblick-herbstausfahrt-vom-15-18-september-2016\/\">Herbsttour 2016<\/a><\/strong><\/strong><br><strong><strong><a href=\"https:\/\/www.oldtimerfreunde-freising.de\/offpress\/veranstaltungen\/die-herbstausfahrt\/review-zur-herbsttour-2015\/\">Herbsttour 2015<\/a><\/strong><\/strong><br><strong><strong><a href=\"https:\/\/www.oldtimerfreunde-freising.de\/offpress\/veranstaltungen\/die-herbstausfahrt\/review-zur-herbsttour-2014\/\">Herbsttour 2014<\/a><\/strong><\/strong><br><strong><strong><a href=\"https:\/\/www.oldtimerfreunde-freising.de\/offpress\/veranstaltungen\/die-herbstausfahrt\/das-war-die-herbstausfahrt-2013\/\">Herbsttour 2013<\/a><\/strong><\/strong><\/p>\n","protected":false},"excerpt":{"rendered":"<p>Ende September, so zu sagen zum Abschluss der Saison, g\u00f6nnen wir unseren Oldies noch einmal einen l\u00e4ngeren Auslauf. Nachdem uns die Herbstausfahrten bis 2013 ins Frankenland gef\u00fchrt hatten, haben wir [&hellip;]<\/p>\n","protected":false},"author":1,"featured_media":0,"parent":54,"menu_order":5,"comment_status":"closed","ping_status":"closed","template":"","meta":{"_EventAllDay":false,"_EventTimezone":"","_EventStartDate":"","_EventEndDate":"","_EventStartDateUTC":"","_EventEndDateUTC":"","_EventShowMap":false,"_EventShowMapLink":false,"_EventURL":"","_EventCost":"","_EventCostDescription":"","_EventCurrencySymbol":"","_EventCurrencyCode":"","_EventCurrencyPosition":"","_EventDateTimeSeparator":"","_EventTimeRangeSeparator":"","_EventOrganizerID":[],"_EventVenueID":[],"_OrganizerEmail":"","_OrganizerPhone":"","_OrganizerWebsite":"","_VenueAddress":"","_VenueCity":"","_VenueCountry":"","_VenueProvince":"","_VenueState":"","_VenueZip":"","_VenuePhone":"","_VenueURL":"","_VenueStateProvince":"","_VenueLat":"","_VenueLng":"","_VenueShowMap":false,"_VenueShowMapLink":false,"_mc_calendar":[],"footnotes":""},"class_list":["post-204","page","type-page","status-publish","hentry","entry"],"_links":{"self":[{"href":"https:\/\/www.oldtimerfreunde-freising.de\/offpress\/wp-json\/wp\/v2\/pages\/204","targetHints":{"allow":["GET"]}}],"collection":[{"href":"https:\/\/www.oldtimerfreunde-freising.de\/offpress\/wp-json\/wp\/v2\/pages"}],"about":[{"href":"https:\/\/www.oldtimerfreunde-freising.de\/offpress\/wp-json\/wp\/v2\/types\/page"}],"author":[{"embeddable":true,"href":"https:\/\/www.oldtimerfreunde-freising.de\/offpress\/wp-json\/wp\/v2\/users\/1"}],"replies":[{"embeddable":true,"href":"https:\/\/www.oldtimerfreunde-freising.de\/offpress\/wp-json\/wp\/v2\/comments?post=204"}],"version-history":[{"count":10,"href":"https:\/\/www.oldtimerfreunde-freising.de\/offpress\/wp-json\/wp\/v2\/pages\/204\/revisions"}],"predecessor-version":[{"id":10116,"href":"https:\/\/www.oldtimerfreunde-freising.de\/offpress\/wp-json\/wp\/v2\/pages\/204\/revisions\/10116"}],"up":[{"embeddable":true,"href":"https:\/\/www.oldtimerfreunde-freising.de\/offpress\/wp-json\/wp\/v2\/pages\/54"}],"wp:attachment":[{"href":"https:\/\/www.oldtimerfreunde-freising.de\/offpress\/wp-json\/wp\/v2\/media?parent=204"}],"curies":[{"name":"wp","href":"https:\/\/api.w.org\/{rel}","templated":true}]}}