{"id":225,"date":"2019-08-25T12:31:09","date_gmt":"2019-08-25T10:31:09","guid":{"rendered":"https:\/\/www.oldtimerfreunde-freising.de\/offpress\/?page_id=225"},"modified":"2019-11-07T10:34:04","modified_gmt":"2019-11-07T09:34:04","slug":"around-the-world","status":"publish","type":"page","link":"https:\/\/www.oldtimerfreunde-freising.de\/offpress\/bilder-videos\/around-the-world\/","title":{"rendered":"Around the World"},"content":{"rendered":"\n<p>Hier finder ihr Bilder von Oldtimermuseen, Oldtimerveranstaltungen, \nAutoschrottpl\u00e4tzen und zuf\u00e4lligen Begegnungen rund um den Globus.<\/p>\n\n\n\n<h2 class=\"wp-block-heading\">Veranstaltungen<\/h2>\n\n\n\n<ul class=\"wp-block-list\"><li><strong><a href=\"https:\/\/www.oldtimerfreunde-freising.de\/offpress\/bilder-videos\/around-the-world\/19-oldtimertreffen-in-poettmes-2016\/\">19. Oldtimertreffen in P\u00f6ttmes 2016<\/a> (zwischen Augsburg und Neuburg a.d. Donau) <br><\/strong><\/li><li><strong><a href=\"https:\/\/www.oldtimerfreunde-freising.de\/offpress\/bilder-videos\/around-the-world\/voiture-lontan-2015\/\">Oldtimer-Treffen in Entre-Deux 2015<\/a> (Reunion, Frankreich, Indischer Ozean) <\/strong><\/li><li><strong><a href=\"https:\/\/www.oldtimerfreunde-freising.de\/offpress\/bilder-videos\/around-the-world\/dix-mille-tours-2014-in-le-castellet\/\">Dix-Mille-Tours 2014 in Le Castellet<\/a> (Circuit Paul-Ricard, S\u00fcdfrankreich)<\/strong><\/li><li><strong><a href=\"https:\/\/www.oldtimerfreunde-freising.de\/offpress\/bilder-videos\/around-the-world\/65-ausfahrt-der-freunde-alter-fahrzeuge-dachau-2014\/\">65. Ausfahrt der Freunde alter Fahrzeuge Dachau, 2014<\/a> (Dachauer Land)<\/strong><\/li><li><strong><a href=\"https:\/\/www.oldtimerfreunde-freising.de\/offpress\/bilder-videos\/around-the-world\/oldtimer-nutzfahrzeug-treffen-ebenhoeh-2014\/\">Oldtimer-Nutzfahrzeug-Treffen Ebenh\u00f6h, 2014<\/a> (Kirchheim-Pliening bei M\u00fcnchen)<\/strong><\/li><li><strong><a href=\"https:\/\/www.oldtimerfreunde-freising.de\/offpress\/bilder-videos\/around-the-world\/impressionen-der-mille-miglia-2014\/\">Mille Miglia, 2014<\/a> (Italien)<\/strong><\/li><li><strong><a href=\"https:\/\/www.oldtimerfreunde-freising.de\/offpress\/bilder-videos\/around-the-world\/highlands-festival-of-speed-2014\/\">Highlands Festival of Speed, 2014<\/a> (Cromwell, Neuseeland)<\/strong><\/li><li><strong><a href=\"https:\/\/www.oldtimerfreunde-freising.de\/offpress\/bilder-videos\/around-the-world\/oldtimer-nutzfahrzeug-treffen-ebenhoeh-2012\/\">Oldtimer-Nutzfahrzeug-Treffen Ebenh\u00f6h, 2012<\/a> (Kirchheim-Pliening bei M\u00fcnchen)<\/strong><\/li><li><strong><a href=\"https:\/\/www.oldtimerfreunde-freising.de\/offpress\/bilder-videos\/around-the-world\/oldtimer-treffen-sligo-riverstown-2009\/\">Oldtimer-Treffen Sligo\/Riverstown, 2009<\/a> (Republik Irland)<\/strong><\/li><\/ul>\n\n\n\n<h2 class=\"wp-block-heading\">Museen<\/h2>\n\n\n\n<ul class=\"wp-block-list\"><li><strong><a href=\"https:\/\/www.oldtimerfreunde-freising.de\/offpress\/bilder-videos\/around-the-world\/highlands-national-motorsport-museum-2014\/\">Highlands National Motorsport Museum, 2014<\/a> (Cromwell, Neuseeland)<\/strong><\/li><li><strong><a href=\"https:\/\/www.oldtimerfreunde-freising.de\/offpress\/bilder-videos\/around-the-world\/geraldine-vintage-car-machinery-museum-2014\/\">Geraldine Vintage Car and Machinery Museum, 2014<\/a> (Geraldine, Neuseeland)<\/strong><\/li><li><strong><a href=\"https:\/\/www.oldtimerfreunde-freising.de\/offpress\/bilder-videos\/around-the-world\/york-motor-museum-2011\/\">York Motor Museum, 2011<\/a> (York, Westaustralien)<\/strong><\/li><li><strong><a href=\"https:\/\/www.oldtimerfreunde-freising.de\/offpress\/bilder-videos\/around-the-world\/british-motor-heritage-centre-gaydon-2009\/\">British Motor Heritage Centre, 2009<\/a> (Gaydon, England)<\/strong><\/li><li><strong><a href=\"https:\/\/www.oldtimerfreunde-freising.de\/offpress\/bilder-videos\/around-the-world\/wanaka-transport-toy-museum-2006\/\">Wanaka Transport &amp; Toy Museum, 2006<\/a> (Wanaka, Neuseeland)<\/strong><\/li><\/ul>\n\n\n\n<h2 class=\"wp-block-heading\">Autoschrottpl\u00e4tze<\/h2>\n\n\n\n<ul class=\"wp-block-list\"><li><strong><a href=\"https:\/\/www.oldtimerfreunde-freising.de\/offpress\/bilder-videos\/around-the-world\/schrottplatz-irgendwo-in-nevada-2015\/\">Irgendwo in Nevada, 2015<\/a> (USA) <br><\/strong><\/li><li><strong><a href=\"https:\/\/www.oldtimerfreunde-freising.de\/offpress\/bilder-videos\/around-the-world\/historischer-autofriedhof-guerbetal-2008\/\">Historischer Autofriedhof G\u00fcrbetal, 2008<\/a> (Schweiz)<\/strong><\/li><li><strong><a href=\"https:\/\/www.oldtimerfreunde-freising.de\/offpress\/bilder-videos\/around-the-world\/schrottplatz-irgendwo-in-den-vereinigten-staaten-2004\/\">Irgendwo in den Vereinigten Staaten, 2004<\/a> (USA)<\/strong><\/li><\/ul>\n\n\n\n<h2 class=\"wp-block-heading\">Fundsachen und zuf\u00e4llige Begegnungen der nicht dritten Art<\/h2>\n\n\n\n<ul class=\"wp-block-list\"><li><strong><a href=\"https:\/\/www.oldtimerfreunde-freising.de\/offpress\/bilder-videos\/around-the-world\/fundstuecke-am-wegesrand\/\">Fundst\u00fccke am Wegesrand<\/a> (irgendwo und sowieso)<\/strong><\/li><\/ul>\n","protected":false},"excerpt":{"rendered":"<p>Hier finder ihr Bilder von Oldtimermuseen, Oldtimerveranstaltungen, Autoschrottpl\u00e4tzen und zuf\u00e4lligen Begegnungen rund um den Globus. Veranstaltungen 19. Oldtimertreffen in P\u00f6ttmes 2016 (zwischen Augsburg und Neuburg a.d. Donau) Oldtimer-Treffen in Entre-Deux [&hellip;]<\/p>\n","protected":false},"author":1,"featured_media":0,"parent":67,"menu_order":5,"comment_status":"closed","ping_status":"closed","template":"","meta":{"_EventAllDay":false,"_EventTimezone":"","_EventStartDate":"","_EventEndDate":"","_EventStartDateUTC":"","_EventEndDateUTC":"","_EventShowMap":false,"_EventShowMapLink":false,"_EventURL":"","_EventCost":"","_EventCostDescription":"","_EventCurrencySymbol":"","_EventCurrencyCode":"","_EventCurrencyPosition":"","_EventDateTimeSeparator":"","_EventTimeRangeSeparator":"","_EventOrganizerID":[],"_EventVenueID":[],"_OrganizerEmail":"","_OrganizerPhone":"","_OrganizerWebsite":"","_VenueAddress":"","_VenueCity":"","_VenueCountry":"","_VenueProvince":"","_VenueState":"","_VenueZip":"","_VenuePhone":"","_VenueURL":"","_VenueStateProvince":"","_VenueLat":"","_VenueLng":"","_VenueShowMap":false,"_VenueShowMapLink":false,"_mc_calendar":[],"footnotes":""},"class_list":["post-225","page","type-page","status-publish","hentry","entry"],"_links":{"self":[{"href":"https:\/\/www.oldtimerfreunde-freising.de\/offpress\/wp-json\/wp\/v2\/pages\/225","targetHints":{"allow":["GET"]}}],"collection":[{"href":"https:\/\/www.oldtimerfreunde-freising.de\/offpress\/wp-json\/wp\/v2\/pages"}],"about":[{"href":"https:\/\/www.oldtimerfreunde-freising.de\/offpress\/wp-json\/wp\/v2\/types\/page"}],"author":[{"embeddable":true,"href":"https:\/\/www.oldtimerfreunde-freising.de\/offpress\/wp-json\/wp\/v2\/users\/1"}],"replies":[{"embeddable":true,"href":"https:\/\/www.oldtimerfreunde-freising.de\/offpress\/wp-json\/wp\/v2\/comments?post=225"}],"version-history":[{"count":7,"href":"https:\/\/www.oldtimerfreunde-freising.de\/offpress\/wp-json\/wp\/v2\/pages\/225\/revisions"}],"predecessor-version":[{"id":828,"href":"https:\/\/www.oldtimerfreunde-freising.de\/offpress\/wp-json\/wp\/v2\/pages\/225\/revisions\/828"}],"up":[{"embeddable":true,"href":"https:\/\/www.oldtimerfreunde-freising.de\/offpress\/wp-json\/wp\/v2\/pages\/67"}],"wp:attachment":[{"href":"https:\/\/www.oldtimerfreunde-freising.de\/offpress\/wp-json\/wp\/v2\/media?parent=225"}],"curies":[{"name":"wp","href":"https:\/\/api.w.org\/{rel}","templated":true}]}}