{"id":253,"date":"2019-08-25T12:38:07","date_gmt":"2019-08-25T10:38:07","guid":{"rendered":"https:\/\/www.oldtimerfreunde-freising.de\/offpress\/?page_id=253"},"modified":"2019-08-25T13:21:40","modified_gmt":"2019-08-25T11:21:40","slug":"links","status":"publish","type":"page","link":"https:\/\/www.oldtimerfreunde-freising.de\/offpress\/marken-im-club\/links\/","title":{"rendered":"Links"},"content":{"rendered":"\n<h2 class=\"wp-block-heading\">Links zu Automobil, Motorrad und Traktoren<\/h2>\n\n\n\n<h3 class=\"wp-block-heading\">T\u00fcv<\/h3>\n\n\n\n<ul class=\"wp-block-list\"><li><strong><a rel=\"noreferrer noopener\" href=\"http:\/\/www.tuev-sued.de\/auto_fahrzeuge\/bewertungen_gutachten_zertifikate\/oldtimergutachten\/1_vorab_informieren\" target=\"_blank\">Informationen rumd um Oldtimer vom T\u00dcV-S\u00fcd<\/a><\/strong><\/li><\/ul>\n\n\n\n<h3 class=\"wp-block-heading\"> Oldtimer Clubs: <\/h3>\n\n\n\n<ul class=\"wp-block-list\"><li><strong><a href=\"http:\/\/www.oldtimerfreunde.gemeinde-kirchberg.de\/\" target=\"_blank\" rel=\"noreferrer noopener\">Oldtimerfreunde Kirchberg\/Holzland e.V.<\/a><\/strong><\/li><li><strong><a href=\"http:\/\/www.faf-dachau.de\/\" target=\"_blank\" rel=\"noreferrer noopener\">Freunde alter Fahrzeuge Dachau e.V.<\/a><\/strong><\/li><li><strong><a href=\"http:\/\/www.oldtimerfreunde-aresing.de\/\" target=\"_blank\" rel=\"noreferrer noopener\">Oldtimerfreunde Aresing<\/a><\/strong><\/li><li><strong><a href=\"http:\/\/www.oldtimerclub-erding.de\/\" target=\"_blank\" rel=\"noreferrer noopener\">Oldtimerclub Erding<\/a><\/strong><\/li><li><strong><a href=\"http:\/\/www.oldtimerfreunde-koenigsbrunn.de\/\" target=\"_blank\" rel=\"noreferrer noopener\">Oldtimerfreunde K\u00f6nigsbrunn e.V.<\/a><\/strong><\/li><li><strong><a href=\"http:\/\/www.oldtimerfreunde-muehldorf.de\/\" target=\"_blank\" rel=\"noreferrer noopener\">Oldtimerfreunde M\u00fchldorf<\/a><\/strong><\/li><li><strong><a href=\"http:\/\/www.oldtimerfreunde-schleissheim.de\/\" target=\"_blank\" rel=\"noreferrer noopener\">Oldtimerfreunde Schlei\u00dfheim e.V.<\/a><\/strong><\/li><li><strong><a href=\"http:\/\/www.osk-kulmbach.de\/\" target=\"_blank\" rel=\"noreferrer noopener\">Oldtimer Stammtisch Kulmbach<\/a><\/strong><\/li><li><strong><a href=\"http:\/\/www.oldtimerfreunde-aschaffenburg.de\/\" target=\"_blank\" rel=\"noreferrer noopener\">Oldtimerfreunde Aschaffenburg<\/a><\/strong><\/li><\/ul>\n\n\n\n<ul class=\"wp-block-list\"><li><strong><a href=\"http:\/\/www.alfaclub.de\/\" target=\"_blank\" rel=\"noreferrer noopener\">Alfaclub e.V.<\/a><\/strong> (Deutschland)<\/li><li><strong><a href=\"http:\/\/www.alfa-club.de\/\" target=\"_blank\" rel=\"noreferrer noopener\">Alfaclub Alfisti<\/a><\/strong> (Deutschland)<\/li><li><strong><a href=\"http:\/\/www.scuderia-bavarese.net\/\" target=\"_blank\" rel=\"noreferrer noopener\">Scuderia Bavarese (Alfa Romeo)<\/a><\/strong> (Deutschland)<\/li><li><strong><a href=\"http:\/\/www.mgcc.de\/\" target=\"_blank\" rel=\"noreferrer noopener\">MG Car Club<\/a><\/strong> (Deutschland)<\/li><li><strong><a href=\"http:\/\/www.morris-Minor.de\/\" target=\"_blank\" rel=\"noreferrer noopener\">Morris Minor Register<\/a><\/strong> (Deutschland)<\/li><\/ul>\n\n\n\n<h3 class=\"wp-block-heading\"> Oldtimer Magazine Online: <\/h3>\n\n\n\n<ul class=\"wp-block-list\"><li><strong><a href=\"http:\/\/www.sundaygazette.de\/\" target=\"_blank\" rel=\"noreferrer noopener\">Sunday Gazette<\/a><\/strong><\/li><li><strong><a href=\"http:\/\/www.oldtimer-markt.de\/\" target=\"_blank\" rel=\"noreferrer noopener\">Oldtimer Markt<\/a><\/strong><\/li><li><strong><a href=\"http:\/\/www.motor-klassik.de\/\" target=\"_blank\" rel=\"noreferrer noopener\">Motor Klassik<\/a><\/strong><\/li><li><strong><a href=\"http:\/\/www.classicandsportscar.com\/\" target=\"_blank\" rel=\"noreferrer noopener\">Classic and Sports Cars<\/a><\/strong> (englisch)<\/li><li><strong><a href=\"http:\/\/www.classiccar.co.nz\/\" target=\"_blank\" rel=\"noreferrer noopener\">Classic Cars New Zealand<\/a><\/strong> (englisch)<\/li><li><strong><a href=\"http:\/\/www.ccar.com.au\/\" target=\"_blank\" rel=\"noreferrer noopener\">Classic Car Australia<\/a><\/strong> (englisch)<\/li><\/ul>\n\n\n\n<h3 class=\"wp-block-heading\"> Allgemein: <\/h3>\n\n\n\n<ul class=\"wp-block-list\"><li><strong><a href=\"http:\/\/www.motorgifts.co.uk\/500websites\/191111\/\" target=\"_blank\" rel=\"noreferrer noopener\">500 der weltbesten Websites zur Motor-Geschichte<\/a><\/strong> (meist in englisch)<\/li><li><strong><a href=\"http:\/\/www.auto-heritage.co.uk\" target=\"_blank\" rel=\"noreferrer noopener\">The Best in British Motoring History<\/a><\/strong> (englisch)<\/li><li><strong><a href=\"https:\/\/www.fotos-fuers-leben.ch\/fotokurs\/fahrzeugfotografie-autos-fotografieren\/\" target=\"_blank\" rel=\"noreferrer noopener\">Fahrzeugfotografie <\/a><\/strong> (Autos und andere Fahrzeuge dynamisch fotografieren)<\/li><\/ul>\n\n\n\n<h3 class=\"wp-block-heading\"> Museen: <\/h3>\n\n\n\n<ul class=\"wp-block-list\"><li><strong><a href=\"http:\/\/www.freisinger-schlueter-museum.de\/\" target=\"_blank\" rel=\"noreferrer noopener\">Freisinger Schl\u00fcter Museum<\/a><\/strong><\/li><\/ul>\n\n\n\n<ul class=\"wp-block-list\"><li><strong><a href=\"http:\/\/www.meilenwerk.com\" target=\"_blank\" rel=\"noreferrer noopener\">Meilenwerk<\/a><\/strong> (Deutschland)<\/li><li><strong><a href=\"http:\/\/www.citedelautomobile.com\/de\" target=\"_blank\" rel=\"noreferrer noopener\">Schlumpf-Sammlung M\u00fchlhausen<\/a><\/strong> (Frankreich)<\/li><li><strong><a href=\"http:\/\/www.heritage-motor-centre.co.uk\" target=\"_blank\" rel=\"noreferrer noopener\">British Motor Heritage Centre<\/a><\/strong> (England)<\/li><li><strong><a href=\"http:\/\/www.southwardcarmuseum.co.nz\/\" target=\"_blank\" rel=\"noreferrer noopener\">Southward Car Museum<\/a><\/strong> (Neuseeland)<\/li><li><strong><a href=\"http:\/\/www.wanakatransportandtoymuseum.com\" target=\"_blank\" rel=\"noreferrer noopener\">Wanaka Transport &amp; Toy Museum<\/a><\/strong> (Neuseeland)<\/li><li><strong><a href=\"https:\/\/www.transportworld.co.nz\" target=\"_blank\" rel=\"noreferrer noopener\">Invercargill Transport World<\/a><\/strong> (Neuseeland)<\/li><li><strong><a href=\"http:\/\/www.yorkwa.com.au\/Motor.Museum\" target=\"_blank\" rel=\"noreferrer noopener\">York Motor Museum<\/a><\/strong> (Westaustralien)<\/li><\/ul>\n","protected":false},"excerpt":{"rendered":"<p>Links zu Automobil, Motorrad und Traktoren T\u00fcv Informationen rumd um Oldtimer vom T\u00dcV-S\u00fcd Oldtimer Clubs: Oldtimerfreunde Kirchberg\/Holzland e.V. Freunde alter Fahrzeuge Dachau e.V. Oldtimerfreunde Aresing Oldtimerclub Erding Oldtimerfreunde K\u00f6nigsbrunn e.V. [&hellip;]<\/p>\n","protected":false},"author":1,"featured_media":0,"parent":69,"menu_order":1,"comment_status":"closed","ping_status":"closed","template":"","meta":{"_EventAllDay":false,"_EventTimezone":"","_EventStartDate":"","_EventEndDate":"","_EventStartDateUTC":"","_EventEndDateUTC":"","_EventShowMap":false,"_EventShowMapLink":false,"_EventURL":"","_EventCost":"","_EventCostDescription":"","_EventCurrencySymbol":"","_EventCurrencyCode":"","_EventCurrencyPosition":"","_EventDateTimeSeparator":"","_EventTimeRangeSeparator":"","_EventOrganizerID":[],"_EventVenueID":[],"_OrganizerEmail":"","_OrganizerPhone":"","_OrganizerWebsite":"","_VenueAddress":"","_VenueCity":"","_VenueCountry":"","_VenueProvince":"","_VenueState":"","_VenueZip":"","_VenuePhone":"","_VenueURL":"","_VenueStateProvince":"","_VenueLat":"","_VenueLng":"","_VenueShowMap":false,"_VenueShowMapLink":false,"_mc_calendar":[],"footnotes":""},"class_list":["post-253","page","type-page","status-publish","hentry","entry"],"_links":{"self":[{"href":"https:\/\/www.oldtimerfreunde-freising.de\/offpress\/wp-json\/wp\/v2\/pages\/253","targetHints":{"allow":["GET"]}}],"collection":[{"href":"https:\/\/www.oldtimerfreunde-freising.de\/offpress\/wp-json\/wp\/v2\/pages"}],"about":[{"href":"https:\/\/www.oldtimerfreunde-freising.de\/offpress\/wp-json\/wp\/v2\/types\/page"}],"author":[{"embeddable":true,"href":"https:\/\/www.oldtimerfreunde-freising.de\/offpress\/wp-json\/wp\/v2\/users\/1"}],"replies":[{"embeddable":true,"href":"https:\/\/www.oldtimerfreunde-freising.de\/offpress\/wp-json\/wp\/v2\/comments?post=253"}],"version-history":[{"count":5,"href":"https:\/\/www.oldtimerfreunde-freising.de\/offpress\/wp-json\/wp\/v2\/pages\/253\/revisions"}],"predecessor-version":[{"id":277,"href":"https:\/\/www.oldtimerfreunde-freising.de\/offpress\/wp-json\/wp\/v2\/pages\/253\/revisions\/277"}],"up":[{"embeddable":true,"href":"https:\/\/www.oldtimerfreunde-freising.de\/offpress\/wp-json\/wp\/v2\/pages\/69"}],"wp:attachment":[{"href":"https:\/\/www.oldtimerfreunde-freising.de\/offpress\/wp-json\/wp\/v2\/media?parent=253"}],"curies":[{"name":"wp","href":"https:\/\/api.w.org\/{rel}","templated":true}]}}