{"id":7086,"date":"2019-12-29T18:44:28","date_gmt":"2019-12-29T17:44:28","guid":{"rendered":"https:\/\/www.oldtimerfreunde-freising.de\/offpress\/?page_id=7086"},"modified":"2024-01-03T13:50:46","modified_gmt":"2024-01-03T12:50:46","slug":"hopfentour-2020","status":"publish","type":"page","link":"https:\/\/www.oldtimerfreunde-freising.de\/offpress\/veranstaltungen\/die-hopfentour\/hopfentour-2020\/","title":{"rendered":"Kein Stelldichein der Oldtimer in der Domstadt Freising"},"content":{"rendered":"\n<h2 class=\"wp-block-heading\">Die 23. Hopfentour der Oldtimerfreunde Freising f\u00e4llt aus.<\/h2>\n\n\n\n<p>F\u00fcr Sonntag, den 21. Juni 2020, war die 23. Hopfentour der Oldtimerfreunde Freising geplant. Durch die aktuelle Pandemie r\u00fcckt jedoch der Schutz der Gesundheit in den Vordergrund, weshalb wir dieses Jahr keine Hopfentour anbieten werden. So sehr uns allen unsere mobilen Sch\u00e4tzchen am Herzen liegen sind wir \u00fcberzeugt, mit dieser Entscheidung auf eine breite Zustimmung bei allen Oldtimerfreunden zu sto\u00dfen. Bleiben Sie bitte gesund und freuen Sie sich mit uns auf eine Entspannung der Lage und auf die 23. Hopfentour im Jahre 2021 &#8211; hoffentlich.<\/p>\n\n\n\n<p>Folgende E-Mail wurde an die angemeldeten Teilnehmer verschickt. Leider hat sie nicht alle erreicht, wir suchen noch nach dem Fehler und verschicken sie erneut:<br> <br><\/p>\n\n\n\n<p>Liebe&nbsp;Freunde&nbsp;der&nbsp;Hopfentour,<\/p>\n\n\n\n<p>die Gesundheit unserer Veranstaltungsteilnehmer, aller Oldtimerfreunde und unserer gern gesehenen G\u00e4ste hat bei der aktuellen Verbreitung des Coronavirus SARS-CoV-2 die oberste Priorit\u00e4t. Aus diesem Grund folgt der Vorstand der Oldtimerfreunde Freising e.V. den Vorgaben der Bayerischen Staatsregierung und den Empfehlungen renommierter Fachstellen wie dem Robert Koch Institut. Dar\u00fcber hinaus hat die Stadt Freising s\u00e4mtliche Veranstaltungen f\u00fcr Juni 2020 untersagt.<\/p>\n\n\n\n<p>Aufgrund dieser Entwicklung findet 2020 keine Hopfentour der Oldtimerfreunde Freising statt. So sehr uns allen unsere mobilen Sch\u00e4tzchen am Herzen liegen sind wir \u00fcberzeugt, mit dieser Entscheidung auf eine breite Zustimmung bei allen Oldtimerfreunden zu sto\u00dfen. Wir hoffen auf die Wirksamkeit der laufenden Gesundheitsma\u00dfnahmen und medizinische Fortschritte, weshalb wir mit der Planung der Hopfentour f\u00fcr 2021 begonnen haben. Bitte merken Sie sich hierf\u00fcr den&nbsp;<strong>13. Juni 2021<\/strong>&nbsp;vor.<\/p>\n\n\n\n<p>Ihr f\u00fcr 2020 \u00fcberwiesener Teilnahmebeitrag bleibt Ihnen erhalten. Wir haben ihn f\u00fcr das n\u00e4chste Jahr in unserem System vermerkt. Bitte beachten Sie dabei, dass Sie sich zur Hopfentour 2021 aus organisatorischen Gr\u00fcnden ab ca. Dezember 2020 neu anmelden m\u00fcssen. Ihr Beitrag sichert uns als kleinen Verein die bereits get\u00e4tigten Ausgaben und die Vorbereitungen f\u00fcr n\u00e4chstes Jahr ab. Sollten Sie mit dieser Regelung nicht einverstanden sein, nehmen Sie bitte unter&nbsp;<a href=\"mailto:hopfentour@oldtimerfreunde-freising.de\">hopfentour@oldtimerfreunde-freising.de<\/a>&nbsp;bis zum 19. Juni 2020 mit uns Kontakt auf. Bitte geben Sie dabei Ihre Bankverbindung (IBAN) an, dann \u00fcberweisen wir Ihnen den Teilnahmebeitrag zur\u00fcck.<\/p>\n\n\n\n<p>Wir w\u00fcnschen Ihnen und Ihren Angeh\u00f6rigen Gesundheit und die ein oder andere kleinere Gelegenheit, Ihren Oldtimer auch dieses Jahr zu genie\u00dfen.<\/p>\n\n\n\n<p>Herzliche&nbsp;Gr\u00fc\u00dfe<\/p>\n\n\n\n<p>Dietmar Eisele, Brigitte Leitmeier, Peter Krayer, Rupert Feller und Karl Wolf<\/p>\n\n\n\n<p>(Vorstand&nbsp;der&nbsp;Oldtimerfreunde&nbsp;Freising&nbsp;e.V.)<\/p>\n","protected":false},"excerpt":{"rendered":"<p>Die 23. Hopfentour der Oldtimerfreunde Freising f\u00e4llt aus. F\u00fcr Sonntag, den 21. Juni 2020, war die 23. Hopfentour der Oldtimerfreunde Freising geplant. Durch die aktuelle Pandemie r\u00fcckt jedoch der Schutz [&hellip;]<\/p>\n","protected":false},"author":1,"featured_media":0,"parent":57,"menu_order":0,"comment_status":"closed","ping_status":"closed","template":"","meta":{"_EventAllDay":false,"_EventTimezone":"","_EventStartDate":"","_EventEndDate":"","_EventStartDateUTC":"","_EventEndDateUTC":"","_EventShowMap":false,"_EventShowMapLink":false,"_EventURL":"","_EventCost":"","_EventCostDescription":"","_EventCurrencySymbol":"","_EventCurrencyCode":"","_EventCurrencyPosition":"","_EventDateTimeSeparator":"","_EventTimeRangeSeparator":"","_EventOrganizerID":[],"_EventVenueID":[],"_OrganizerEmail":"","_OrganizerPhone":"","_OrganizerWebsite":"","_VenueAddress":"","_VenueCity":"","_VenueCountry":"","_VenueProvince":"","_VenueState":"","_VenueZip":"","_VenuePhone":"","_VenueURL":"","_VenueStateProvince":"","_VenueLat":"","_VenueLng":"","_VenueShowMap":false,"_VenueShowMapLink":false,"_mc_calendar":[],"footnotes":""},"class_list":["post-7086","page","type-page","status-publish","hentry","entry"],"_links":{"self":[{"href":"https:\/\/www.oldtimerfreunde-freising.de\/offpress\/wp-json\/wp\/v2\/pages\/7086","targetHints":{"allow":["GET"]}}],"collection":[{"href":"https:\/\/www.oldtimerfreunde-freising.de\/offpress\/wp-json\/wp\/v2\/pages"}],"about":[{"href":"https:\/\/www.oldtimerfreunde-freising.de\/offpress\/wp-json\/wp\/v2\/types\/page"}],"author":[{"embeddable":true,"href":"https:\/\/www.oldtimerfreunde-freising.de\/offpress\/wp-json\/wp\/v2\/users\/1"}],"replies":[{"embeddable":true,"href":"https:\/\/www.oldtimerfreunde-freising.de\/offpress\/wp-json\/wp\/v2\/comments?post=7086"}],"version-history":[{"count":16,"href":"https:\/\/www.oldtimerfreunde-freising.de\/offpress\/wp-json\/wp\/v2\/pages\/7086\/revisions"}],"predecessor-version":[{"id":11660,"href":"https:\/\/www.oldtimerfreunde-freising.de\/offpress\/wp-json\/wp\/v2\/pages\/7086\/revisions\/11660"}],"up":[{"embeddable":true,"href":"https:\/\/www.oldtimerfreunde-freising.de\/offpress\/wp-json\/wp\/v2\/pages\/57"}],"wp:attachment":[{"href":"https:\/\/www.oldtimerfreunde-freising.de\/offpress\/wp-json\/wp\/v2\/media?parent=7086"}],"curies":[{"name":"wp","href":"https:\/\/api.w.org\/{rel}","templated":true}]}}