{"id":73,"date":"2019-06-23T17:33:48","date_gmt":"2019-06-23T15:33:48","guid":{"rendered":"https:\/\/www.oldtimerfreunde-freising.de\/offpress\/?page_id=73"},"modified":"2024-04-17T06:32:07","modified_gmt":"2024-04-17T04:32:07","slug":"kontakt","status":"publish","type":"page","link":"https:\/\/www.oldtimerfreunde-freising.de\/offpress\/kontakt\/","title":{"rendered":"Kontakt"},"content":{"rendered":"\n<h2 class=\"wp-block-heading\" id=\"schreiben-sie-uns-wir-freuen-uns-auf-ihre-nachricht\">Schreiben Sie uns, wir freuen uns auf Ihre Nachricht<\/h2>\n\n\n\n<p style=\"font-size:18px\">Sollten Sie eine Anfrage an alle Mitglieder des Vereins haben, erkl\u00e4ren Sie sich mit dem Absenden des Kontaktformulars damit einverstanden, dass Ihre Anfrage ver\u00f6ffentlicht wird. Die Ver\u00f6ffentlichung erfolgt unter Angabe Ihres Anliegens und Ihrer Kontaktdaten per Mail an alle Mitglieder des Oldtimerfreunde Freising e.V.<\/p>\n\n\n\n<p class=\"has-small-font-size\">N\u00e4here Angaben zur Verwendung Ihrer pers\u00f6nlichen Daten finden Sie in der <a href=\"https:\/\/www.oldtimerfreunde-freising.de\/offpress\/datenschutzerklaerung\/\">Datenschutzerkl\u00e4rung<\/a>.<br><br><\/p>\n\n\n\n<div class=\"wpcf7 no-js\" id=\"wpcf7-f274-o1\" lang=\"de-DE\" dir=\"ltr\" data-wpcf7-id=\"274\">\n<div class=\"screen-reader-response\"><p role=\"status\" aria-live=\"polite\" aria-atomic=\"true\"><\/p> <ul><\/ul><\/div>\n<form action=\"\/offpress\/wp-json\/wp\/v2\/pages\/73#wpcf7-f274-o1\" method=\"post\" class=\"wpcf7-form init\" aria-label=\"Kontaktformular\" novalidate=\"novalidate\" data-status=\"init\">\n<fieldset class=\"hidden-fields-container\"><input type=\"hidden\" name=\"_wpcf7\" value=\"274\" \/><input type=\"hidden\" name=\"_wpcf7_version\" value=\"6.1.5\" \/><input type=\"hidden\" name=\"_wpcf7_locale\" value=\"de_DE\" \/><input type=\"hidden\" name=\"_wpcf7_unit_tag\" value=\"wpcf7-f274-o1\" \/><input type=\"hidden\" name=\"_wpcf7_container_post\" value=\"0\" \/><input type=\"hidden\" name=\"_wpcf7_posted_data_hash\" value=\"\" \/>\n<\/fieldset>\n<p><label> Anrede<br \/>\n<span class=\"wpcf7-form-control-wrap\" data-name=\"title\"><select class=\"wpcf7-form-control wpcf7-select\" aria-invalid=\"false\" name=\"title\"><option value=\"Herr\">Herr<\/option><option value=\"Frau\">Frau<\/option><\/select><\/span> <\/label>\n<\/p>\n<p><label> Name (Pflichtfeld)<br \/>\n<span class=\"wpcf7-form-control-wrap\" data-name=\"lastname\"><input size=\"40\" maxlength=\"400\" class=\"wpcf7-form-control wpcf7-text wpcf7-validates-as-required\" aria-required=\"true\" aria-invalid=\"false\" value=\"\" type=\"text\" name=\"lastname\" \/><\/span> <\/label>\n<\/p>\n<p><label> Vorname (Pflichtfeld)<br \/>\n<span class=\"wpcf7-form-control-wrap\" data-name=\"firstname\"><input size=\"40\" maxlength=\"400\" class=\"wpcf7-form-control wpcf7-text wpcf7-validates-as-required\" aria-required=\"true\" aria-invalid=\"false\" value=\"\" type=\"text\" name=\"firstname\" \/><\/span> <\/label>\n<\/p>\n<p><label> E-Mail (Pflichtfeld)<br \/>\n<span class=\"wpcf7-form-control-wrap\" data-name=\"email\"><input size=\"40\" maxlength=\"400\" class=\"wpcf7-form-control wpcf7-email wpcf7-validates-as-required wpcf7-text wpcf7-validates-as-email\" aria-required=\"true\" aria-invalid=\"false\" value=\"\" type=\"email\" name=\"email\" \/><\/span> <\/label>\n<\/p>\n<p><label> Kommentar (Pflichtfeld)<br \/>\n<span class=\"wpcf7-form-control-wrap\" data-name=\"comment\"><textarea cols=\"40\" rows=\"10\" maxlength=\"2000\" class=\"wpcf7-form-control wpcf7-textarea wpcf7-validates-as-required\" aria-required=\"true\" aria-invalid=\"false\" name=\"comment\"><\/textarea><\/span> <\/label><br \/>\n<span id=\"wpcf7-69e33dc471476-wrapper\" class=\"wpcf7-form-control-wrap additionalcontent-wrap\" style=\"display:none !important; visibility:hidden !important;\"><label for=\"wpcf7-69e33dc471476-field\" class=\"hp-message\">Bitte lasse dieses Feld leer.<\/label><input id=\"wpcf7-69e33dc471476-field\"  class=\"wpcf7-form-control wpcf7-text\" type=\"text\" name=\"additionalcontent\" value=\"\" size=\"40\" tabindex=\"-1\" autocomplete=\"new-password\" \/><\/span>\n<\/p>\n<figure class=\"wp-block-image size-full\">\n\t<p><img loading=\"lazy\" decoding=\"async\" width=\"257\" height=\"84\" src=\"https:\/\/www.oldtimerfreunde-freising.de\/offpress\/wp-content\/uploads\/2022\/01\/image-1.png\" alt=\"\" class=\"wp-image-10028\" \/>\n\t<\/p>\n<\/figure>\n<p><span class=\"wpcf7-form-control-wrap\" data-name=\"quiz-763\"><label><span class=\"wpcf7-quiz-label\">Bitte geben Sie die abgebildete Zeichenfolge ein, um zu best\u00e4tigen, dass Sie kein Roboter sind:<\/span> <input size=\"40\" maxlength=\"4\" class=\"wpcf7-form-control wpcf7-quiz\" autocomplete=\"off\" aria-required=\"true\" aria-invalid=\"false\" type=\"text\" name=\"quiz-763\" \/><\/label><input type=\"hidden\" name=\"_wpcf7_quiz_answer_quiz-763\" value=\"6650b74f7f19a8680f3928af5ddd269d\" \/><\/span>\n<\/p>\n<p><input class=\"wpcf7-form-control wpcf7-submit has-spinner\" type=\"submit\" value=\"Senden\" \/>\n<\/p><div class=\"wpcf7-response-output\" aria-hidden=\"true\"><\/div>\n<\/form>\n<\/div>\n\n\n\n\n<h2 class=\"wp-block-heading\" id=\"oder-per-post\">oder per Post an die<\/h2>\n\n\n\n<p style=\"font-size:18px\">Oldtimerfreunde Freising e.V.<br>Postfach 1537<br>85315 Freising<\/p>\n","protected":false},"excerpt":{"rendered":"<p>Schreiben Sie uns, wir freuen uns auf Ihre Nachricht Sollten Sie eine Anfrage an alle Mitglieder des Vereins haben, erkl\u00e4ren Sie sich mit dem Absenden des Kontaktformulars damit einverstanden, dass [&hellip;]<\/p>\n","protected":false},"author":1,"featured_media":0,"parent":0,"menu_order":0,"comment_status":"closed","ping_status":"closed","template":"","meta":{"_EventAllDay":false,"_EventTimezone":"","_EventStartDate":"","_EventEndDate":"","_EventStartDateUTC":"","_EventEndDateUTC":"","_EventShowMap":false,"_EventShowMapLink":false,"_EventURL":"","_EventCost":"","_EventCostDescription":"","_EventCurrencySymbol":"","_EventCurrencyCode":"","_EventCurrencyPosition":"","_EventDateTimeSeparator":"","_EventTimeRangeSeparator":"","_EventOrganizerID":[],"_EventVenueID":[],"_OrganizerEmail":"","_OrganizerPhone":"","_OrganizerWebsite":"","_VenueAddress":"","_VenueCity":"","_VenueCountry":"","_VenueProvince":"","_VenueState":"","_VenueZip":"","_VenuePhone":"","_VenueURL":"","_VenueStateProvince":"","_VenueLat":"","_VenueLng":"","_VenueShowMap":false,"_VenueShowMapLink":false,"_mc_calendar":[],"footnotes":""},"class_list":["post-73","page","type-page","status-publish","hentry","entry"],"_links":{"self":[{"href":"https:\/\/www.oldtimerfreunde-freising.de\/offpress\/wp-json\/wp\/v2\/pages\/73","targetHints":{"allow":["GET"]}}],"collection":[{"href":"https:\/\/www.oldtimerfreunde-freising.de\/offpress\/wp-json\/wp\/v2\/pages"}],"about":[{"href":"https:\/\/www.oldtimerfreunde-freising.de\/offpress\/wp-json\/wp\/v2\/types\/page"}],"author":[{"embeddable":true,"href":"https:\/\/www.oldtimerfreunde-freising.de\/offpress\/wp-json\/wp\/v2\/users\/1"}],"replies":[{"embeddable":true,"href":"https:\/\/www.oldtimerfreunde-freising.de\/offpress\/wp-json\/wp\/v2\/comments?post=73"}],"version-history":[{"count":21,"href":"https:\/\/www.oldtimerfreunde-freising.de\/offpress\/wp-json\/wp\/v2\/pages\/73\/revisions"}],"predecessor-version":[{"id":11858,"href":"https:\/\/www.oldtimerfreunde-freising.de\/offpress\/wp-json\/wp\/v2\/pages\/73\/revisions\/11858"}],"wp:attachment":[{"href":"https:\/\/www.oldtimerfreunde-freising.de\/offpress\/wp-json\/wp\/v2\/media?parent=73"}],"curies":[{"name":"wp","href":"https:\/\/api.w.org\/{rel}","templated":true}]}}