{"id":8059,"date":"2020-01-28T16:30:21","date_gmt":"2020-01-28T15:30:21","guid":{"rendered":"https:\/\/www.oldtimerfreunde-freising.de\/offpress\/?page_id=8059"},"modified":"2020-05-19T12:46:23","modified_gmt":"2020-05-19T10:46:23","slug":"informationen-und-anmeldung-zur-alpentour-2020","status":"publish","type":"page","link":"https:\/\/www.oldtimerfreunde-freising.de\/offpress\/veranstaltungen\/die-alpentour\/informationen-und-anmeldung-zur-alpentour-2020\/","title":{"rendered":"Informationen zur abgesagten Alpentour 2020"},"content":{"rendered":"\n<figure class=\"wp-block-image size-large tour-header\"><img loading=\"lazy\" decoding=\"async\" width=\"1000\" height=\"400\" src=\"https:\/\/www.oldtimerfreunde-freising.de\/offpress\/wp-content\/uploads\/2020\/01\/Alpentour_2020_infoanmeld-1.png\" alt=\"\" class=\"wp-image-8069\" srcset=\"https:\/\/www.oldtimerfreunde-freising.de\/offpress\/wp-content\/uploads\/2020\/01\/Alpentour_2020_infoanmeld-1.png 1000w, https:\/\/www.oldtimerfreunde-freising.de\/offpress\/wp-content\/uploads\/2020\/01\/Alpentour_2020_infoanmeld-1-300x120.png 300w, https:\/\/www.oldtimerfreunde-freising.de\/offpress\/wp-content\/uploads\/2020\/01\/Alpentour_2020_infoanmeld-1-768x307.png 768w\" sizes=\"auto, (max-width: 1000px) 100vw, 1000px\" \/><figcaption>22. Alpentour &#8211; abgesagt<\/figcaption><\/figure>\n\n\n\n<p>&#8222;Die Drei-L\u00e4nder-Tour\u201c vom 02.07. &#8211; 05.07.2020<\/p>\n\n\n\n<p>Auch die traditionelle Alpentour der Oldtimerfreunde Freising muss leider abgesagt werden. Um die Vorfreude auf die Alpentour 2021 hoch zu halten, finden Sie hier die urspr\u00fcnglich geplanten Details zur Alpentour 2020:<\/p>\n\n\n\n<p>Die Alpentour 2020 h\u00e4tte uns wieder durch drei L\u00e4nder f\u00fchren sollen, Startpunkt w\u00e4re diesmal das Hotel <a href=\"http:\/\/www.Arlbergerhof.at\">www.Arlbergerhof.at<\/a> direkt am Weissensee in K\u00e4rnten gewesen. Von dort aus w\u00e4ren wir unsere beiden Genusstouren durch \u00d6sterreich, Slowenien und Italien gefahren.<\/p>\n\n\n\n<p><strong>Tour 1<\/strong><\/p>\n\n\n\n<p>Die erste Tour starten wir Richtung S\u00fcden nach Hermagor. Von dort aus geht es \u00fcber das Nassfeld Richtung Italien. Durch den Nationalpark&nbsp;Val Alba \u00fcber Ponteppa, dem Fluss Fiume Fella nach Chiusaforte folgend. Weiter nach Westen \u00fcber Tolmezzo und Ampezzo geht es in die Julischen Alpen nach Sauris im Grenzgebiet zwischen Friaul und Ventien sind wir abseits aller Hauptstra\u00dfen. Nach dieser kurvenreichen Etappe geht es Richtung&nbsp;Nord-Osten zur\u00fcck \u00fcber den Pl\u00f6ckenpass nach K\u00e4rnten. Von K\u00f6tschach Mauten durch das Gailtal&nbsp; immer am Fluss entlang, gelangen wir wieder zur\u00fcck in unser Hotel.<\/p>\n\n\n\n<p><strong>Tour 2<\/strong><\/p>\n\n\n\n<p>Am zweiten Tag fahren wir Richtung Osten, vorbei am Pressegersee \u00fcber Feistritz an der Gail bis Arnoldstein. Wir \u00fcberqueren die Grenze nach Slowenien fahren \u00fcber Kranjska Gora in den Nationalpark&nbsp;Mala Pisnica. F\u00fcr viele sicherlich noch ein unbekanntes Terrain! Der kurvenreichen Stra\u00dfe folgen wir weiter in das Socatal, eines der sch\u00f6nsten Naturreservate in Slowenien mit herrlichem Bergpanorama. Wir folgen dem Fluss Isonzo bis Kal-Koritnica. Hier ist das Eldorado der Kajak- und Raffting-Fans mit allen Schwierigkeitsgraden! Wir bleiben aber auf der Stra\u00dfe und fahren wieder Richtung Norden nach Italien. Bevor wir die \u201eGrenze nach Italien\u201c erreichen, gibt es noch auf Wunsch (nur bei sch\u00f6nem Wetter) eine Bergwertung auf den Mangartsattel. Ein herrlicher Aussichtspunkt mit einem 360\u00b0 Blick nach Italien und Slowenien. Vorbei am Lago del Predil folgen wir der SS 54 immer am Fluss Rio del Lago entlang bis wir Coccau Valico erreichen. Kurz darauf sind wir wieder in K\u00e4rnten und es geht ab Feistritz auf kleinen Nebenstrecken zur\u00fcck in unser Hotel.<\/p>\n\n\n\n<p>Anmeldegeb\u00fchr:<br>15 \u20ac pro Person (Clubmitglieder + Beifahrer\/in)<br>30 \u20ac pro Person (Nichtmitglieder)<br>inklusiv Roadbook, Streckenplanung, Reservierungen usw.<br>zuz\u00fcglich Hotelanzahlung:\u00a0 15 \u20ac pro Person<\/p>\n\n\n\n<p>Achtung! Die Teilnehmerzahl ist auf 18 Fahrzeuge begrenzt, die Anmeldung erfolgt \u00fcber das Anmeldeformular auf unserer OFF- Website. Bei Eingang der Anmeldegeb\u00fchr + Hotelanzahlung bis 30.04.2020 ist die Teilnahme an der Alpentour 2020 gesichert und gebucht.<\/p>\n\n\n\n<p>Hotel:&nbsp; www.arlbergerhof.at<br>Preis: 89,00 \u20ac \/HP\/Person im DPZ<br>Preis: 99,00 \u20ac \/HP\/Person im EZ (Solofahrer)&nbsp;&nbsp;&nbsp;&nbsp;&nbsp;&nbsp;&nbsp;&nbsp;&nbsp;&nbsp;&nbsp;&nbsp;&nbsp;&nbsp;&nbsp;&nbsp;&nbsp;&nbsp;&nbsp;&nbsp;&nbsp;&nbsp;&nbsp;&nbsp;&nbsp;&nbsp;&nbsp;&nbsp;&nbsp;&nbsp;&nbsp;&nbsp;  <\/p>\n\n\n\n<p>Hinweis: Diese Streckenbeschreibung ist nicht verbindlich. Der genaue Stra\u00dfenverlauf, sowie die Restaurants, Haltepunkte und \u00dcberraschungen sind im Roadbook dokumentiert das jeder Teilnehmer am Start erh\u00e4lt. \u00c4nderungen vorbehalten!<\/p>\n\n\n\n<p>Wir w\u00fcnschen allen Teilnehmern eine entspannte Genusstour.<\/p>\n\n\n\n<p>Haftungsausschluss<br>Es  handelt sich bei dieser Ausfahrt um eine rein touristische Veranstaltung ohne jegliche Wertungspr\u00fcfungen oder Sonderaufgaben. Der Veranstalter Oldtimerfreunde Freising e.V. lehnt gegen\u00fcber den Teilnehmern jede Haftung f\u00fcr Personen, Sach- und Verm\u00f6genssch\u00e4den ab, die vor, w\u00e4hrend und nach der Ausfahrt eintreten. Die Teilnehmer nehmen auf eigene Gefahr an dieser Ausfahrt teil und tragen die zivile und strafrechtliche Verantwortung f\u00fcr alle von Ihnen und Ihrem Fahrzeug verursachten Sch\u00e4den. Es gilt die deutsche StVZO f\u00fcr alle Fahrzeuge, sowie die StVO der jeweiligen L\u00e4nder.<\/p>\n","protected":false},"excerpt":{"rendered":"<p>&#8222;Die Drei-L\u00e4nder-Tour\u201c vom 02.07. &#8211; 05.07.2020 Auch die traditionelle Alpentour der Oldtimerfreunde Freising muss leider abgesagt werden. Um die Vorfreude auf die Alpentour 2021 hoch zu halten, finden Sie hier [&hellip;]<\/p>\n","protected":false},"author":4,"featured_media":0,"parent":202,"menu_order":0,"comment_status":"closed","ping_status":"closed","template":"","meta":{"_EventAllDay":false,"_EventTimezone":"","_EventStartDate":"","_EventEndDate":"","_EventStartDateUTC":"","_EventEndDateUTC":"","_EventShowMap":false,"_EventShowMapLink":false,"_EventURL":"","_EventCost":"","_EventCostDescription":"","_EventCurrencySymbol":"","_EventCurrencyCode":"","_EventCurrencyPosition":"","_EventDateTimeSeparator":"","_EventTimeRangeSeparator":"","_EventOrganizerID":[],"_EventVenueID":[],"_OrganizerEmail":"","_OrganizerPhone":"","_OrganizerWebsite":"","_VenueAddress":"","_VenueCity":"","_VenueCountry":"","_VenueProvince":"","_VenueState":"","_VenueZip":"","_VenuePhone":"","_VenueURL":"","_VenueStateProvince":"","_VenueLat":"","_VenueLng":"","_VenueShowMap":false,"_VenueShowMapLink":false,"_mc_calendar":[],"footnotes":""},"class_list":["post-8059","page","type-page","status-publish","hentry","entry"],"_links":{"self":[{"href":"https:\/\/www.oldtimerfreunde-freising.de\/offpress\/wp-json\/wp\/v2\/pages\/8059","targetHints":{"allow":["GET"]}}],"collection":[{"href":"https:\/\/www.oldtimerfreunde-freising.de\/offpress\/wp-json\/wp\/v2\/pages"}],"about":[{"href":"https:\/\/www.oldtimerfreunde-freising.de\/offpress\/wp-json\/wp\/v2\/types\/page"}],"author":[{"embeddable":true,"href":"https:\/\/www.oldtimerfreunde-freising.de\/offpress\/wp-json\/wp\/v2\/users\/4"}],"replies":[{"embeddable":true,"href":"https:\/\/www.oldtimerfreunde-freising.de\/offpress\/wp-json\/wp\/v2\/comments?post=8059"}],"version-history":[{"count":20,"href":"https:\/\/www.oldtimerfreunde-freising.de\/offpress\/wp-json\/wp\/v2\/pages\/8059\/revisions"}],"predecessor-version":[{"id":8596,"href":"https:\/\/www.oldtimerfreunde-freising.de\/offpress\/wp-json\/wp\/v2\/pages\/8059\/revisions\/8596"}],"up":[{"embeddable":true,"href":"https:\/\/www.oldtimerfreunde-freising.de\/offpress\/wp-json\/wp\/v2\/pages\/202"}],"wp:attachment":[{"href":"https:\/\/www.oldtimerfreunde-freising.de\/offpress\/wp-json\/wp\/v2\/media?parent=8059"}],"curies":[{"name":"wp","href":"https:\/\/api.w.org\/{rel}","templated":true}]}}