{"id":847,"date":"2019-11-07T10:54:43","date_gmt":"2019-11-07T09:54:43","guid":{"rendered":"https:\/\/www.oldtimerfreunde-freising.de\/offpress\/?page_id=847"},"modified":"2019-11-11T19:49:23","modified_gmt":"2019-11-11T18:49:23","slug":"das-war-die-herbstausfahrt-2013","status":"publish","type":"page","link":"https:\/\/www.oldtimerfreunde-freising.de\/offpress\/veranstaltungen\/die-herbstausfahrt\/das-war-die-herbstausfahrt-2013\/","title":{"rendered":"Das war die Herbstausfahrt 2013"},"content":{"rendered":"\n<figure class=\"wp-block-image\"><img loading=\"lazy\" decoding=\"async\" width=\"942\" height=\"360\" src=\"https:\/\/www.oldtimerfreunde-freising.de\/offpress\/wp-content\/uploads\/2019\/11\/herbst-2013-header.jpg\" alt=\"\" class=\"wp-image-5766\" srcset=\"https:\/\/www.oldtimerfreunde-freising.de\/offpress\/wp-content\/uploads\/2019\/11\/herbst-2013-header.jpg 942w, https:\/\/www.oldtimerfreunde-freising.de\/offpress\/wp-content\/uploads\/2019\/11\/herbst-2013-header-300x115.jpg 300w, https:\/\/www.oldtimerfreunde-freising.de\/offpress\/wp-content\/uploads\/2019\/11\/herbst-2013-header-768x294.jpg 768w\" sizes=\"auto, (max-width: 942px) 100vw, 942px\" \/><\/figure>\n\n\n\n<p>Der 20. September pr\u00e4sentierte sich in M\u00fcnchen mit Nebel, Nieselregen\n und Temperaturen unter 10 Grad \u2013 der richtige Tag um das Weite zu \nsuchen. 6 Fahrzeuge versammelten sich in Forstenried und begannen die \nFahrt nach S\u00fcden Richtung Garmisch. Wir lie\u00dfen die schneebedeckte \nZugspitze gerne hinter uns und \u00fcberquerten den Fernpass, wo sich bereits\n erste blaue Flecken in der Wolkendecke zeigten. Im Inntal war\u2019s dann \nschon sonnig und Richtung Reschenpass wurde es auch immer w\u00e4rmer. Nach \ndem Mittagessen in Nauders hatten wir schon fast vergessen, dass es so \netwas wie tr\u00fcbes kaltes Wetter \u00fcberhaupt gab.<\/p>\n\n\n\n<p>Der Weg vom Reschenpass bis Meran zieht sich immer etwas und man wird\n manchmal auch von Holl\u00e4ndern im Schneckentempo aufgehalten, aber wir \ngenossen die Sonne auch so. Unser Quartier im Schneeburghof in Dorf \nTirol hoch \u00fcber Meran erwies sich als einfach und gut \u2013 und bei dem \nPreis konnte man ohnehin nicht meckern. Zwei \u201eAusgelagerte\u201c logierten \netwas vornehmer (und nat\u00fcrlich auch teurer), aber so ist das in S\u00fcdtirol\n im Herbst \u2013 die Nachfrage an Zimmern ist gro\u00df und erfordert fr\u00fche \nBuchungen.<\/p>\n\n\n\n<p>Beim Abendessen in der Pizzeria genossen wir italienische \nSpezialit\u00e4ten und reichlich Wein, aber es fand jeder noch den Weg zu Fu\u00df\n nach Hause ins Hotel, also war\u2019s ok.<\/p>\n\n\n\n<p>Der n\u00e4chste Morgen brachte wieder viel Sonne und angenehme \nTemperaturen und wir machten uns fr\u00fch auf zu unserer Runde. Alle waren \np\u00fcnktlich am Treffpunkt und manche sogar zu fr\u00fch \u2013 sehr lobenswert! Die \nFahrt \u00fcber den Jaufenpass war zwar sch\u00f6n, aber behindert durch zwei \nDinge: zu viele Touristen (warum fahren die blo\u00df alle so langsam?) und \neiskalten Wind auf dem Pass. Daher machten wir uns bald wieder auf Weg \nhinunter nach Sterzing.<\/p>\n\n\n\n<p>Von dort erklommen wir das Penser Joch und diesmal ohne jeden \nNachteil \u2013 freie Fahrt bis oben, kein Wind auf dem Pass und angenehme \nTemperaturen auch noch in 2211 m H\u00f6he. Klar hat uns Dietmar wieder als \nMaterialschinder betitelt, aber unserem \u201eMaterial\u201c hat es sichtlich Spa\u00df\n gemacht, das Joch hinauf zu brettern. Den Insassen auch.<\/p>\n\n\n\n<p>Ins Sarntal runter lie\u00dfen wir es dann wieder ruhiger angehen und \npausierten bei Kaffee und Tankstelle neben der Pension \u201eFreisinger Hof\u201c.\n Welch ein Zufall. Das Sarntal rollten wir entspannt hinunter ohne viel \nVerkehr, aber kurz vor Bozen ging\u2019s wieder aufw\u00e4rts nach Jenesien \n(Chinesien?). Eine gigantische Aussicht hat man von dort oben.<\/p>\n\n\n\n<p>Wir waren sp\u00e4t dran und kehrten spontan in einer Gastwirtschaft am \nWeg ein, wo es ganz k\u00f6stliche Speckkn\u00f6del gab. Die Stra\u00dfen am \nTsch\u00f6gglberg (der Bergzug zw. Meran und Bozen) sind klein und eng und \nwundersch\u00f6n, da sollten wir auf einer der n\u00e4chsten Touren noch mal hin \nund das genauer untersuchen. Schon wegen der Aussicht.<\/p>\n\n\n\n<p>Aber dieses Mal fuhren wir wieder Richtung Meran und Schloss \nTrauttmannsdorff um dort die G\u00e4rten zu besichtigen. Wo einst Kaiserin \nSissi ihre Lungenkrankheit kurierte, kommt heute jedermann in den Genuss\n dieser wundersch\u00f6nen Anlage an einem Berghang \u00f6stlich von Meran. 3 \nStunden waren l\u00e4ngst nicht genug um alle Ecken und Winkel zu erkunden. \nWelch eine Pracht!<\/p>\n\n\n\n<p>Manche hatten daf\u00fcr aber kein Auge und widmeten sich stattdessen auf \ndem Parkplatz ihren quietschenden Bremsen. Kleine Reparaturen erledigt \nman gerne mal zwischendurch.<\/p>\n\n\n\n<p>Danach waren wir zwar kaputt aber immer noch fit genug f\u00fcr den \nGrillabend, der im Schneeburghof veranstaltet wurde. Drau\u00dfen nat\u00fcrlich \u2013\n denn auch als es dunkel wurde war\u2019s noch immer angenehm warm. Wieder \nhatten wir viel Spa\u00df, diverse Weinchen und evtl. das ein oder anders \nSchnapserl \u2013 war ja nicht weit bis ins Bett.<\/p>\n\n\n\n<p>Und schon war es wieder Sonntag und der Tag der Heimreise. Aber \nw\u00e4hrend die meisten heim ins immer noch tr\u00fcbe Bayern fuhren, machten \nsich zwei auf den weiteren Weg nach S\u00fcdwesten um weiterhin die Sonne zu \ngenie\u00dfen. Die erweiterte Herbsttour (bzw. der anschlie\u00dfende Urlaub) \nf\u00fchrte ein paar von uns \u00fcber den Lago Maggiore und die Cote d\u2019Azur in \ndie Provence \u2013 aber das ist eine andere Geschichte.<\/p>\n\n\n\n<p>Die Herbsttour war auf alle F\u00e4lle ein voller Erfolg und wir danken dem Wettergott ganz herzlich f\u00fcr die wunderbar warme Sonne.<\/p>\n\n\n\n<figure class=\"wp-block-image\"><img loading=\"lazy\" decoding=\"async\" width=\"942\" height=\"392\" src=\"https:\/\/www.oldtimerfreunde-freising.de\/offpress\/wp-content\/uploads\/2019\/11\/herbst-002.jpg\" alt=\"\" class=\"wp-image-5767\" srcset=\"https:\/\/www.oldtimerfreunde-freising.de\/offpress\/wp-content\/uploads\/2019\/11\/herbst-002.jpg 942w, https:\/\/www.oldtimerfreunde-freising.de\/offpress\/wp-content\/uploads\/2019\/11\/herbst-002-300x125.jpg 300w, https:\/\/www.oldtimerfreunde-freising.de\/offpress\/wp-content\/uploads\/2019\/11\/herbst-002-768x320.jpg 768w\" sizes=\"auto, (max-width: 942px) 100vw, 942px\" \/><\/figure>\n\n\n\n<p><a href=\"https:\/\/www.oldtimerfreunde-freising.de\/offpress\/bilder-videos\/bilder-touren\/impressionen-der-herbsttour-2013\/\">Bilder der Herbsttour 2013<\/a> <br><a href=\"https:\/\/www.oldtimerfreunde-freising.de\/offpress\/bilder-videos\/bilder-touren\/impressionen-der-erweiterten-herbsttour-2013\/\">Bilder der erweiterten Herbsttour 2013<\/a><br><a href=\"http:\/\/touren.kiwikars.de\/?page_id=816\" target=\"_blank\" rel=\"noreferrer noopener\" aria-label=\"Route der Herbsttour 2013 (\u00f6ffnet in neuem Tab)\">Route der Herbsttour 2013<\/a><\/p>\n","protected":false},"excerpt":{"rendered":"<p>Der 20. September pr\u00e4sentierte sich in M\u00fcnchen mit Nebel, Nieselregen und Temperaturen unter 10 Grad \u2013 der richtige Tag um das Weite zu suchen. 6 Fahrzeuge versammelten sich in Forstenried [&hellip;]<\/p>\n","protected":false},"author":1,"featured_media":0,"parent":204,"menu_order":0,"comment_status":"closed","ping_status":"closed","template":"","meta":{"_EventAllDay":false,"_EventTimezone":"","_EventStartDate":"","_EventEndDate":"","_EventStartDateUTC":"","_EventEndDateUTC":"","_EventShowMap":false,"_EventShowMapLink":false,"_EventURL":"","_EventCost":"","_EventCostDescription":"","_EventCurrencySymbol":"","_EventCurrencyCode":"","_EventCurrencyPosition":"","_EventDateTimeSeparator":"","_EventTimeRangeSeparator":"","_EventOrganizerID":[],"_EventVenueID":[],"_OrganizerEmail":"","_OrganizerPhone":"","_OrganizerWebsite":"","_VenueAddress":"","_VenueCity":"","_VenueCountry":"","_VenueProvince":"","_VenueState":"","_VenueZip":"","_VenuePhone":"","_VenueURL":"","_VenueStateProvince":"","_VenueLat":"","_VenueLng":"","_VenueShowMap":false,"_VenueShowMapLink":false,"_mc_calendar":[],"footnotes":""},"class_list":["post-847","page","type-page","status-publish","hentry","entry"],"_links":{"self":[{"href":"https:\/\/www.oldtimerfreunde-freising.de\/offpress\/wp-json\/wp\/v2\/pages\/847","targetHints":{"allow":["GET"]}}],"collection":[{"href":"https:\/\/www.oldtimerfreunde-freising.de\/offpress\/wp-json\/wp\/v2\/pages"}],"about":[{"href":"https:\/\/www.oldtimerfreunde-freising.de\/offpress\/wp-json\/wp\/v2\/types\/page"}],"author":[{"embeddable":true,"href":"https:\/\/www.oldtimerfreunde-freising.de\/offpress\/wp-json\/wp\/v2\/users\/1"}],"replies":[{"embeddable":true,"href":"https:\/\/www.oldtimerfreunde-freising.de\/offpress\/wp-json\/wp\/v2\/comments?post=847"}],"version-history":[{"count":2,"href":"https:\/\/www.oldtimerfreunde-freising.de\/offpress\/wp-json\/wp\/v2\/pages\/847\/revisions"}],"predecessor-version":[{"id":5768,"href":"https:\/\/www.oldtimerfreunde-freising.de\/offpress\/wp-json\/wp\/v2\/pages\/847\/revisions\/5768"}],"up":[{"embeddable":true,"href":"https:\/\/www.oldtimerfreunde-freising.de\/offpress\/wp-json\/wp\/v2\/pages\/204"}],"wp:attachment":[{"href":"https:\/\/www.oldtimerfreunde-freising.de\/offpress\/wp-json\/wp\/v2\/media?parent=847"}],"curies":[{"name":"wp","href":"https:\/\/api.w.org\/{rel}","templated":true}]}}