{"id":889,"date":"2019-11-07T20:28:09","date_gmt":"2019-11-07T19:28:09","guid":{"rendered":"https:\/\/www.oldtimerfreunde-freising.de\/offpress\/?page_id=889"},"modified":"2019-11-11T20:17:11","modified_gmt":"2019-11-11T19:17:11","slug":"review-zur-voralpentour-2013","status":"publish","type":"page","link":"https:\/\/www.oldtimerfreunde-freising.de\/offpress\/veranstaltungen\/die-voralpentour\/review-zur-voralpentour-2013\/","title":{"rendered":"Review zur Voralpentour 2013"},"content":{"rendered":"\n<figure class=\"wp-block-image\"><img loading=\"lazy\" decoding=\"async\" width=\"942\" height=\"271\" src=\"https:\/\/www.oldtimerfreunde-freising.de\/offpress\/wp-content\/uploads\/2019\/11\/vat-2013-header.jpg\" alt=\"\" class=\"wp-image-5811\" srcset=\"https:\/\/www.oldtimerfreunde-freising.de\/offpress\/wp-content\/uploads\/2019\/11\/vat-2013-header.jpg 942w, https:\/\/www.oldtimerfreunde-freising.de\/offpress\/wp-content\/uploads\/2019\/11\/vat-2013-header-300x86.jpg 300w, https:\/\/www.oldtimerfreunde-freising.de\/offpress\/wp-content\/uploads\/2019\/11\/vat-2013-header-768x221.jpg 768w\" sizes=\"auto, (max-width: 942px) 100vw, 942px\" \/><\/figure>\n\n\n\n<p>Am Pfingstmontag, dem 20. Mai, machten wir uns auf zur 5. \nVoralpentour der Oldtimerfreunde Freising. Ausnahmsweise schien sogar \nfast die Sonne, was im Mai 2013 ein durchaus ungew\u00f6hnliches Ereignis war\n \u2013 allerdings lie\u00dfen die Temperaturen sehr zu w\u00fcnschen \u00fcbrig. Zu den 16 \nClubmitgliedern gesellte sich \u00fcberraschenderweise auch ein wundersch\u00f6ner\n Vorkriegs-Ford, dessen Besitzer von unserer Tour gelesen hatten und \nspontan dazu stie\u00dfen.<\/p>\n\n\n\n<p>Wir starteten nord\u00f6stlich von M\u00fcnchen und fuhren auf kleinen und \nkleinsten Stra\u00dfen durch das Dachauer Hinterland Richtung S\u00fcden. Beim \nersten Pausenstopp am Windachspeicher trafen uns ein paar Regentropfen, \nwas aber keinen der Cabriofahrer veranlasste, das Verdeck zu schlie\u00dfen.<\/p>\n\n\n\n<p>Irgendwann im weiteren Verlauf verloren wir den Ford aus den Augen, \naber dank Navi und Roadbook fanden sie uns sp\u00e4ter wieder. Je n\u00e4her wir \nden Ostallg\u00e4uer Alpen kamen, desto finsterer zeigte sich das Wetter, \naber wir blieben trocken, was im sog. Fr\u00fchling 2013 durchaus nicht \nselbstverst\u00e4ndlich war.<\/p>\n\n\n\n<p>Und weil das Gl\u00fcck mit den t\u00fcchtigen Oldtimerfreunden ist, zeigte \nsich bei der Anfahrt zum Auerberg wieder die Sonne und blieb uns \u00fcber \ndie Mittagspause treu.<\/p>\n\n\n\n<p>Die Gastst\u00e4tte am Auerberg ist eine typische Ausflugsgastst\u00e4tte, aber\n wir wurden sehr positiv \u00fcberrascht von freundlicher Bedienung, \nschnellem Service und extra f\u00fcr uns reserviertem Parkplatz. Es blieb \nnoch reichlich Zeit, die Aussichtsplattform der Kapelle zu erklimmen \n(damit war das Essen fast schon wieder abtrainiert) und die grandiose \nAussicht auf die Ostallg\u00e4uer Berge zu genie\u00dfen. W\u00e4hrend wir im \nSonnenschein standen, zogen sehr dunkle Regenwolken am Rand der Berge \nentlang. &nbsp;<\/p>\n\n\n\n<p>Der Ford wollte lieber am Auerberg bleiben und weigerte sich \nanzuspringen; aber mit vereinten Schiebekr\u00e4ften und mit Hilfe des \nnat\u00fcrlichen Gef\u00e4lles fuhr er dann doch noch.<\/p>\n\n\n\n<p>Weiter ging\u2019s vorbei am Hohenpeissenberg Richtung Starnberger See, wo\n wir in der Schlossgastst\u00e4tte Hohenberg bei Seeshaupt unseren Kaffee \ngenossen.<\/p>\n\n\n\n<p>Im Biergarten w\u00e4re es zwar sch\u00f6ner gewesen, aber da war\u2019s uns doch \netwas zu frisch. Daf\u00fcr wurde drau\u00dfen die Holzkegelbahn ausprobiert, so \nwas macht auch warm.<\/p>\n\n\n\n<p>Zwischen Starnberger und Ammersee fuhren wir dann zur\u00fcck nach \nUnterpfaffenhofen, wo wir den Tag in der Pizzeria Napoli abschlossen. \nTrotz des k\u00fchlen Novemberwetters im Mai hatten wir das Gl\u00fcck, dass wir \nnicht nass wurden und die wenigen sonnigen Flecken optimal ausnutzen \nkonnten. Es war wieder eine sehr sch\u00f6ne Tour, die allen viel Spa\u00df \ngemacht hat.<\/p>\n\n\n\n<p>Wir, d.h. Claudia und Hans, werden auch n\u00e4chstes Jahr wieder eine \nVoralpentour machen, allerdings bezweifeln wir, dass uns die \nOldtimerfreunde Freising dann folgen werden \u2013 unsere Tour wird n\u00e4mlich \nam gegen\u00fcberliegenden Ende des Planeten vor den neuseel\u00e4ndischen \nS\u00fcdalpen stattfinden. Auch dort gibt\u2019s sch\u00f6ne Stra\u00dfen \u2026<\/p>\n\n\n\n<p>Statt der bayrischen Voralpentour wird es 2014 wahrscheinlich wieder \neine Altm\u00fchltaltour von Dietmar geben und wir hoffen nat\u00fcrlich, dass \ndann genau so viele dabei sind wie 2013. &nbsp;<\/p>\n\n\n\n<p><a href=\"https:\/\/www.oldtimerfreunde-freising.de\/offpress\/bilder-videos\/bilder-touren\/impressionen-der-voralpentour-2013\/\">Bilder der Voralpentour 2013<\/a><br><a rel=\"noreferrer noopener\" aria-label=\"Route der Voralpentour 2013 (\u00f6ffnet in neuem Tab)\" href=\"http:\/\/touren.kiwikars.de\/?page_id=146\" target=\"_blank\">Route der Voralpentour 2013<\/a><\/p>\n","protected":false},"excerpt":{"rendered":"<p>Am Pfingstmontag, dem 20. Mai, machten wir uns auf zur 5. Voralpentour der Oldtimerfreunde Freising. Ausnahmsweise schien sogar fast die Sonne, was im Mai 2013 ein durchaus ungew\u00f6hnliches Ereignis war [&hellip;]<\/p>\n","protected":false},"author":1,"featured_media":0,"parent":60,"menu_order":0,"comment_status":"closed","ping_status":"closed","template":"","meta":{"_EventAllDay":false,"_EventTimezone":"","_EventStartDate":"","_EventEndDate":"","_EventStartDateUTC":"","_EventEndDateUTC":"","_EventShowMap":false,"_EventShowMapLink":false,"_EventURL":"","_EventCost":"","_EventCostDescription":"","_EventCurrencySymbol":"","_EventCurrencyCode":"","_EventCurrencyPosition":"","_EventDateTimeSeparator":"","_EventTimeRangeSeparator":"","_EventOrganizerID":[],"_EventVenueID":[],"_OrganizerEmail":"","_OrganizerPhone":"","_OrganizerWebsite":"","_VenueAddress":"","_VenueCity":"","_VenueCountry":"","_VenueProvince":"","_VenueState":"","_VenueZip":"","_VenuePhone":"","_VenueURL":"","_VenueStateProvince":"","_VenueLat":"","_VenueLng":"","_VenueShowMap":false,"_VenueShowMapLink":false,"_mc_calendar":[],"footnotes":""},"class_list":["post-889","page","type-page","status-publish","hentry","entry"],"_links":{"self":[{"href":"https:\/\/www.oldtimerfreunde-freising.de\/offpress\/wp-json\/wp\/v2\/pages\/889","targetHints":{"allow":["GET"]}}],"collection":[{"href":"https:\/\/www.oldtimerfreunde-freising.de\/offpress\/wp-json\/wp\/v2\/pages"}],"about":[{"href":"https:\/\/www.oldtimerfreunde-freising.de\/offpress\/wp-json\/wp\/v2\/types\/page"}],"author":[{"embeddable":true,"href":"https:\/\/www.oldtimerfreunde-freising.de\/offpress\/wp-json\/wp\/v2\/users\/1"}],"replies":[{"embeddable":true,"href":"https:\/\/www.oldtimerfreunde-freising.de\/offpress\/wp-json\/wp\/v2\/comments?post=889"}],"version-history":[{"count":2,"href":"https:\/\/www.oldtimerfreunde-freising.de\/offpress\/wp-json\/wp\/v2\/pages\/889\/revisions"}],"predecessor-version":[{"id":5812,"href":"https:\/\/www.oldtimerfreunde-freising.de\/offpress\/wp-json\/wp\/v2\/pages\/889\/revisions\/5812"}],"up":[{"embeddable":true,"href":"https:\/\/www.oldtimerfreunde-freising.de\/offpress\/wp-json\/wp\/v2\/pages\/60"}],"wp:attachment":[{"href":"https:\/\/www.oldtimerfreunde-freising.de\/offpress\/wp-json\/wp\/v2\/media?parent=889"}],"curies":[{"name":"wp","href":"https:\/\/api.w.org\/{rel}","templated":true}]}}