{"id":894,"date":"2019-11-07T20:33:34","date_gmt":"2019-11-07T19:33:34","guid":{"rendered":"https:\/\/www.oldtimerfreunde-freising.de\/offpress\/?page_id=894"},"modified":"2020-02-06T16:49:05","modified_gmt":"2020-02-06T15:49:05","slug":"6-off-voralpentour-am-sonntag-den-31-mai-2015","status":"publish","type":"page","link":"https:\/\/www.oldtimerfreunde-freising.de\/offpress\/veranstaltungen\/die-voralpentour\/6-off-voralpentour-am-sonntag-den-31-mai-2015\/","title":{"rendered":"Die 6. Voralpentour am Sonntag, den 31. Mai 2015"},"content":{"rendered":"\n<figure class=\"wp-block-image\"><img loading=\"lazy\" decoding=\"async\" width=\"930\" height=\"420\" src=\"https:\/\/www.oldtimerfreunde-freising.de\/offpress\/wp-content\/uploads\/2019\/11\/Start.bda0f09f2676c44e3b2d9de570dcc474153.jpg\" alt=\"\" class=\"wp-image-5809\" srcset=\"https:\/\/www.oldtimerfreunde-freising.de\/offpress\/wp-content\/uploads\/2019\/11\/Start.bda0f09f2676c44e3b2d9de570dcc474153.jpg 930w, https:\/\/www.oldtimerfreunde-freising.de\/offpress\/wp-content\/uploads\/2019\/11\/Start.bda0f09f2676c44e3b2d9de570dcc474153-300x135.jpg 300w, https:\/\/www.oldtimerfreunde-freising.de\/offpress\/wp-content\/uploads\/2019\/11\/Start.bda0f09f2676c44e3b2d9de570dcc474153-768x347.jpg 768w\" sizes=\"auto, (max-width: 930px) 100vw, 930px\" \/><\/figure>\n\n\n\n<p>Am <strong>31. Mai 2015<\/strong> ist es wieder so weit. Die Oldtimerfreunde Freising laden ein zur 6. Voralpentour. Wir treffen uns  ab 09.00 Uhr auf dem Penny-Parkplatz in Hallbergmoos &#8211; Gewerbegebiet Sp\u00f6ckwiesen. In der gegen\u00fcber liegenden OMV-Tankstelle konnen sowohl Fahrzeug als die Insassen des selben mit entsprechenden Fl\u00fcssigkeiten versogt werden. Da die Vormittagsstrecke mit ca. 125 km dieses Jahr etwas l\u00e4nger ist starten wir <strong>Punkt 09:15 Uhr<\/strong> zu unserer Tour.<\/p>\n\n\n\n<p>Vom Start in Hallbergmoos geht es auf kleinen Strassen zu einem Zwischenstopp\/Kaffepause nach Gars ins <a rel=\"noreferrer noopener\" href=\"http:\/\/www.klostergars.de\/klosterkafe.html\" target=\"_blank\">Klosterkaffee<\/a>. Weiter geht es auf verschlungenen Pfaden zum Mittagessen in Chieming in der <a rel=\"noreferrer noopener\" href=\"http:\/\/www.aldente-chieming.de\" target=\"_blank\">Pizzaria Al Dente<\/a> um 12:45 Uhr. Bitte den Parkplatzobulus von 2 Euro entrichtem. Da das Strandbad direkt neben der Pizzaria liegt k\u00f6nnen sich Mutige bei einem Sprung in den Chiemsee erfrischen, es bleibt gen\u00fcgend Zeit daf\u00fcr.<\/p>\n\n\n\n<p>Nach dem Mittagessen geht es auf zum Teil noch kleineren Strassen weiter nach Rott am Inn. Bei einem kurzen Stopp bei der <a rel=\"noreferrer noopener\" href=\"http:\/\/www.confiserie-dengel.de\" target=\"_blank\">Confiserie Dengel<\/a> bleibt Zeit f\u00fcr Shopping und Kaffee. Nachdem sich wahrscheinlich die Meisten mit &#8222;gutem Zeug&#8220; eingedeckt haben geht es auf zu unserem Endziel, der <a rel=\"noreferrer noopener\" href=\"http:\/\/www.ebersberger-alm.de\" target=\"_blank\">Ebersberger-Alm<\/a>. Erfrischungen sind k\u00e4uflich zu erwerben und wer immer noch Hunger hat kann diesen hier auch noch stillen.<\/p>\n\n\n\n<p>Die Voralpentour ist prim\u00e4r eine Veranstaltung f\u00fcr die Clubmitglieder  der Oldtimerfreunde Freising und f\u00fcr alle Teilnehmer kostenfrei (Benzin, Essen, Getr\u00e4nke etc. zahlt nat\u00fcrlich jeder selbst). G\u00e4ste sind uns dabei immer jederzeit herzlich willkommen.<\/p>\n\n\n\n<p>Verbindlicher Anmeldeschluss ist Dienstag der <strong>21. April 2015<\/strong>. Bitte teilt uns bei der Anmeldung mit ob ihr abends mit zum Essen geht (wegen Reservierung). Die Anzahl der Teilnehmer ist auf max. 15 Fahrzeuge begrenzt. Anmeldung bei:<\/p>\n\n\n\n<p>Hans &amp; Claudia Burger<br>089-4485604 (abends)<br><a href=\"mailto:CHBurger@t-online.de?subject=OFF-Voralpentour%202015\">eMail an Hans &amp; Claudia<\/a><\/p>\n\n\n\n<p><strong>Haftung<\/strong><br>Es  handelt sich bei dieser Ausfahrt um eine rein touristische Veranstaltung ohne jegliche Wertungspr\u00fcfungen oder Sonderaufgaben. Der Veranstalter Oldtimerfreunde Freising e.V. lehnt gegen\u00fcber den Teilnehmern jede Haftung f\u00fcr Personen, Sach- und Verm\u00f6genssch\u00e4den ab, die vor, w\u00e4hrend und nach der Ausfahrt eintreten. Die Teilnehmer nehmen auf eigene Gefahr an dieser Ausfahrt teil und tragen die zivile und strafrechtliche Verantwortung f\u00fcr alle von Ihnen und Ihrem Fahrzeug verursachten Sch\u00e4den. Es gilt die STVZO f\u00fcr alle Fahrzeuge, sowie die STVO.<\/p>\n\n\n\n<p>Downloads<br><a href=\"https:\/\/www.oldtimerfreunde-freising.de\/uploads\/bilder\/voralpentour-2015\/VAT2015-aktuell.pdf\" target=\"_blank\" rel=\"noreferrer noopener\" aria-label=\"Roadbook Voralpentour 2015 (\u00f6ffnet in neuem Tab)\">Roadbook Voralpentour 2015<\/a><br><a rel=\"noreferrer noopener\" aria-label=\"GPX-Datei Strecke vormittag (\u00f6ffnet in neuem Tab)\" href=\"https:\/\/www.oldtimerfreunde-freising.de\/uploads\/bilder\/voralpentour-2015\/VAT2015-01.gpx\" target=\"_blank\">GPX-Datei Strecke vormittag<\/a><br><a rel=\"noreferrer noopener\" aria-label=\" (\u00f6ffnet in neuem Tab)\" href=\"https:\/\/www.oldtimerfreunde-freising.de\/uploads\/bilder\/voralpentour-2015\/VAT2015-02.gpx\" target=\"_blank\">GPX-Datei Strecke nachmittag<\/a><br><a href=\"https:\/\/www.oldtimerfreunde-freising.de\/offpress\/bilder-videos\/bilder-touren\/impressionen-der-voralpentour-2015\/\">Bilder Vorlapentour 2015<\/a><\/p>\n","protected":false},"excerpt":{"rendered":"<p>Am 31. Mai 2015 ist es wieder so weit. Die Oldtimerfreunde Freising laden ein zur 6. Voralpentour. Wir treffen uns ab 09.00 Uhr auf dem Penny-Parkplatz in Hallbergmoos &#8211; Gewerbegebiet [&hellip;]<\/p>\n","protected":false},"author":1,"featured_media":0,"parent":60,"menu_order":0,"comment_status":"closed","ping_status":"closed","template":"","meta":{"_EventAllDay":false,"_EventTimezone":"","_EventStartDate":"","_EventEndDate":"","_EventStartDateUTC":"","_EventEndDateUTC":"","_EventShowMap":false,"_EventShowMapLink":false,"_EventURL":"","_EventCost":"","_EventCostDescription":"","_EventCurrencySymbol":"","_EventCurrencyCode":"","_EventCurrencyPosition":"","_EventDateTimeSeparator":"","_EventTimeRangeSeparator":"","_EventOrganizerID":[],"_EventVenueID":[],"_OrganizerEmail":"","_OrganizerPhone":"","_OrganizerWebsite":"","_VenueAddress":"","_VenueCity":"","_VenueCountry":"","_VenueProvince":"","_VenueState":"","_VenueZip":"","_VenuePhone":"","_VenueURL":"","_VenueStateProvince":"","_VenueLat":"","_VenueLng":"","_VenueShowMap":false,"_VenueShowMapLink":false,"_mc_calendar":[],"footnotes":""},"class_list":["post-894","page","type-page","status-publish","hentry","entry"],"_links":{"self":[{"href":"https:\/\/www.oldtimerfreunde-freising.de\/offpress\/wp-json\/wp\/v2\/pages\/894","targetHints":{"allow":["GET"]}}],"collection":[{"href":"https:\/\/www.oldtimerfreunde-freising.de\/offpress\/wp-json\/wp\/v2\/pages"}],"about":[{"href":"https:\/\/www.oldtimerfreunde-freising.de\/offpress\/wp-json\/wp\/v2\/types\/page"}],"author":[{"embeddable":true,"href":"https:\/\/www.oldtimerfreunde-freising.de\/offpress\/wp-json\/wp\/v2\/users\/1"}],"replies":[{"embeddable":true,"href":"https:\/\/www.oldtimerfreunde-freising.de\/offpress\/wp-json\/wp\/v2\/comments?post=894"}],"version-history":[{"count":3,"href":"https:\/\/www.oldtimerfreunde-freising.de\/offpress\/wp-json\/wp\/v2\/pages\/894\/revisions"}],"predecessor-version":[{"id":8350,"href":"https:\/\/www.oldtimerfreunde-freising.de\/offpress\/wp-json\/wp\/v2\/pages\/894\/revisions\/8350"}],"up":[{"embeddable":true,"href":"https:\/\/www.oldtimerfreunde-freising.de\/offpress\/wp-json\/wp\/v2\/pages\/60"}],"wp:attachment":[{"href":"https:\/\/www.oldtimerfreunde-freising.de\/offpress\/wp-json\/wp\/v2\/media?parent=894"}],"curies":[{"name":"wp","href":"https:\/\/api.w.org\/{rel}","templated":true}]}}