{"id":905,"date":"2019-11-07T20:39:44","date_gmt":"2019-11-07T19:39:44","guid":{"rendered":"https:\/\/www.oldtimerfreunde-freising.de\/offpress\/?page_id=905"},"modified":"2020-02-06T16:53:42","modified_gmt":"2020-02-06T15:53:42","slug":"8-off-voralpentour-am-samstag-den-05-mai-2018","status":"publish","type":"page","link":"https:\/\/www.oldtimerfreunde-freising.de\/offpress\/veranstaltungen\/die-voralpentour\/8-off-voralpentour-am-samstag-den-05-mai-2018\/","title":{"rendered":"Die 8. Voralpentour am Samstag, den 05. Mai 2018"},"content":{"rendered":"\n<figure class=\"wp-block-image\"><img loading=\"lazy\" decoding=\"async\" width=\"930\" height=\"352\" src=\"https:\/\/www.oldtimerfreunde-freising.de\/offpress\/wp-content\/uploads\/2019\/11\/vat2018-page.jpg\" alt=\"\" class=\"wp-image-5803\" srcset=\"https:\/\/www.oldtimerfreunde-freising.de\/offpress\/wp-content\/uploads\/2019\/11\/vat2018-page.jpg 930w, https:\/\/www.oldtimerfreunde-freising.de\/offpress\/wp-content\/uploads\/2019\/11\/vat2018-page-300x114.jpg 300w, https:\/\/www.oldtimerfreunde-freising.de\/offpress\/wp-content\/uploads\/2019\/11\/vat2018-page-768x291.jpg 768w\" sizes=\"auto, (max-width: 930px) 100vw, 930px\" \/><figcaption> \u00a9 Von Gras-Ober, Wikipedia\/Wikimedia Commons (cc-by-sa-3.0), CC BY-SA   3.0, https:\/\/commons.wikimedia.org\/w\/index.php?curid=33058191<br>\u00a9  Von  luckyprof &#8211; Eigenes Werk (Originaltext: eigenes Foto), CC BY-SA  3.0,  https:\/\/commons.wikimedia.org\/w\/index.php?curid=35382788<\/figcaption><\/figure>\n\n\n\n<p><strong><a href=\"https:\/\/www.oldtimerfreunde-freising.de\/offpress\/bilder-videos\/bilder-touren\/impressionen-der-voralpentour-2018\/\">Hier geht&#8217;s zur Galerie der Voralpentour 2018<\/a><\/strong><\/p>\n\n\n\n<p>von Freising \u00fcber Pleiskirchen zur\u00fcck nach Freising<\/p>\n\n\n\n<p>Start ist um 10:00 Uhr beim Br\u00e4ust\u00fcberl in Weihenstephan. Wir fahren \u00fcber Buch am Erlbach, Altfraunhofen und Geisenhausen nach Pleiskirchen. Dort besichtigen wir auf Schloss Klebing die private Autosammlung des Schlossherren.<\/p>\n\n\n\n<p>Im Sternerestaurant <a rel=\"noreferrer noopener\" href=\"http:\/\/www.huber-wirt.de\" target=\"_blank\">Huberwirt<\/a> (Hofmark 3, 84568 Pleiskirchen, Tel. 08635 201) werden wir anschlie\u00dfend ein Feinschmeckermen\u00fc genie\u00dfen (28,00 \u20ac pro Person, zuz\u00fcglich Getr\u00e4nke).<\/p>\n\n\n\n<figure class=\"wp-block-image\"><img loading=\"lazy\" decoding=\"async\" width=\"931\" height=\"391\" src=\"https:\/\/www.oldtimerfreunde-freising.de\/offpress\/wp-content\/uploads\/2019\/11\/vat2018-huberwirt.jpg\" alt=\"\" class=\"wp-image-5801\" srcset=\"https:\/\/www.oldtimerfreunde-freising.de\/offpress\/wp-content\/uploads\/2019\/11\/vat2018-huberwirt.jpg 931w, https:\/\/www.oldtimerfreunde-freising.de\/offpress\/wp-content\/uploads\/2019\/11\/vat2018-huberwirt-300x126.jpg 300w, https:\/\/www.oldtimerfreunde-freising.de\/offpress\/wp-content\/uploads\/2019\/11\/vat2018-huberwirt-768x323.jpg 768w\" sizes=\"auto, (max-width: 931px) 100vw, 931px\" \/><figcaption> \u00a9 <a rel=\"noreferrer noopener\" href=\"https:\/\/www.innsalzach24.de\/service\/restaurant-tipp\/bilder-restaurant-test-pleiskirchen-huberwirt-3864026.html\" target=\"_blank\">innsalzach24.de<\/a><\/figcaption><\/figure>\n\n\n\n<p>Gut gest\u00e4rkt fahren wir dann eine kurze Strecken ins <a rel=\"noreferrer noopener\" href=\"https:\/\/www.freilichtmuseum.de\/\" target=\"_blank\">Freilichtmuseum Massing<\/a> (Steinb\u00fcchl 1, 84323 Massing, Tel. 08724-96030) zum rasten, herumgehen, besichtigen und\/oder Kaffee trinken.<\/p>\n\n\n\n<figure class=\"wp-block-image\"><img loading=\"lazy\" decoding=\"async\" width=\"930\" height=\"407\" src=\"https:\/\/www.oldtimerfreunde-freising.de\/offpress\/wp-content\/uploads\/2019\/11\/vat2018-massing.jpg\" alt=\"\" class=\"wp-image-5802\" srcset=\"https:\/\/www.oldtimerfreunde-freising.de\/offpress\/wp-content\/uploads\/2019\/11\/vat2018-massing.jpg 930w, https:\/\/www.oldtimerfreunde-freising.de\/offpress\/wp-content\/uploads\/2019\/11\/vat2018-massing-300x131.jpg 300w, https:\/\/www.oldtimerfreunde-freising.de\/offpress\/wp-content\/uploads\/2019\/11\/vat2018-massing-768x336.jpg 768w\" sizes=\"auto, (max-width: 930px) 100vw, 930px\" \/><figcaption> \u00a9 Freilichtmuseum Massing <\/figcaption><\/figure>\n\n\n\n<p>Ausgeruht und hellwach (dank Kaffee) treten wir \u00fcber Neumatkt-St.Veit, Buchbach, Taufkirchen und Erding die R\u00fcckreise nach Freising an.<\/p>\n\n\n\n<p>Haftung<br>Es handelt sich bei dieser Ausfahrt um eine rein touristische Veranstaltung ohne jegliche Wertungspr\u00fcfungen oder Sonderaufgaben. Der Veranstalter Oldtimerfreunde Freising e.V. lehnt gegen\u00fcber den Teilnehmern jede Haftung f\u00fcr Personen, Sach- und Verm\u00f6genssch\u00e4den ab, die vor, w\u00e4hrend und nach der Ausfahrt eintreten. Die Teilnehmer nehmen auf eigene Gefahr an dieser Ausfahrt teil und tragen die zivile und strafrechtliche Verantwortung f\u00fcr alle von Ihnen und Ihrem Fahrzeug verursachten Sch\u00e4den. Es gilt die StVZO f\u00fcr alle Fahrzeuge, sowie die StVO.<\/p>\n","protected":false},"excerpt":{"rendered":"<p>Hier geht&#8217;s zur Galerie der Voralpentour 2018 von Freising \u00fcber Pleiskirchen zur\u00fcck nach Freising Start ist um 10:00 Uhr beim Br\u00e4ust\u00fcberl in Weihenstephan. Wir fahren \u00fcber Buch am Erlbach, Altfraunhofen [&hellip;]<\/p>\n","protected":false},"author":1,"featured_media":0,"parent":60,"menu_order":0,"comment_status":"closed","ping_status":"closed","template":"","meta":{"_EventAllDay":false,"_EventTimezone":"","_EventStartDate":"","_EventEndDate":"","_EventStartDateUTC":"","_EventEndDateUTC":"","_EventShowMap":false,"_EventShowMapLink":false,"_EventURL":"","_EventCost":"","_EventCostDescription":"","_EventCurrencySymbol":"","_EventCurrencyCode":"","_EventCurrencyPosition":"","_EventDateTimeSeparator":"","_EventTimeRangeSeparator":"","_EventOrganizerID":[],"_EventVenueID":[],"_OrganizerEmail":"","_OrganizerPhone":"","_OrganizerWebsite":"","_VenueAddress":"","_VenueCity":"","_VenueCountry":"","_VenueProvince":"","_VenueState":"","_VenueZip":"","_VenuePhone":"","_VenueURL":"","_VenueStateProvince":"","_VenueLat":"","_VenueLng":"","_VenueShowMap":false,"_VenueShowMapLink":false,"_mc_calendar":[],"footnotes":""},"class_list":["post-905","page","type-page","status-publish","hentry","entry"],"_links":{"self":[{"href":"https:\/\/www.oldtimerfreunde-freising.de\/offpress\/wp-json\/wp\/v2\/pages\/905","targetHints":{"allow":["GET"]}}],"collection":[{"href":"https:\/\/www.oldtimerfreunde-freising.de\/offpress\/wp-json\/wp\/v2\/pages"}],"about":[{"href":"https:\/\/www.oldtimerfreunde-freising.de\/offpress\/wp-json\/wp\/v2\/types\/page"}],"author":[{"embeddable":true,"href":"https:\/\/www.oldtimerfreunde-freising.de\/offpress\/wp-json\/wp\/v2\/users\/1"}],"replies":[{"embeddable":true,"href":"https:\/\/www.oldtimerfreunde-freising.de\/offpress\/wp-json\/wp\/v2\/comments?post=905"}],"version-history":[{"count":4,"href":"https:\/\/www.oldtimerfreunde-freising.de\/offpress\/wp-json\/wp\/v2\/pages\/905\/revisions"}],"predecessor-version":[{"id":8353,"href":"https:\/\/www.oldtimerfreunde-freising.de\/offpress\/wp-json\/wp\/v2\/pages\/905\/revisions\/8353"}],"up":[{"embeddable":true,"href":"https:\/\/www.oldtimerfreunde-freising.de\/offpress\/wp-json\/wp\/v2\/pages\/60"}],"wp:attachment":[{"href":"https:\/\/www.oldtimerfreunde-freising.de\/offpress\/wp-json\/wp\/v2\/media?parent=905"}],"curies":[{"name":"wp","href":"https:\/\/api.w.org\/{rel}","templated":true}]}}