{"id":913,"date":"2019-11-07T20:47:06","date_gmt":"2019-11-07T19:47:06","guid":{"rendered":"https:\/\/www.oldtimerfreunde-freising.de\/offpress\/?page_id=913"},"modified":"2019-11-08T15:16:51","modified_gmt":"2019-11-08T14:16:51","slug":"schwarzwaldtour-alpentour-vom-26-29-juni-2014","status":"publish","type":"page","link":"https:\/\/www.oldtimerfreunde-freising.de\/offpress\/veranstaltungen\/die-alpentour\/schwarzwaldtour-alpentour-vom-26-29-juni-2014\/","title":{"rendered":"Schwarzwaldtour (Alpentour) vom 26. &#8211; 29. Juni 2014"},"content":{"rendered":"\n<p>Die diesj\u00e4hrige &#8222;Alpentour&#8220; der Oldtimerfreunde f\u00fchrte die Teilnehmer\n diesmal nicht \u00fcber angrenzende L\u00e4nder, P\u00e4sse und Serpentinen mit \nAltschneefeldern. Nein, diesmal machten sich 15 Oldtimer \nunterschiedlicher Altersklassen auf, das gr\u00f6\u00dfte und h\u00f6chste \nzusammenh\u00e4ngende Mittelgebirge Deutschlands zu erkunden \u2013 den \nSchwarzwald.<\/p>\n\n\n\n<p>Am 26.06.2014 trafen sich die unerschrockenen Teilnehmerinnen und \nTeilnehmer im Schlosshotel Hornberg. Hochgelegen auf einem Fels mit \neinem herrlichen Ausblick \u00fcber das Tal erwartete uns in der Abendsonne \nein Haus voller Geschichten und interessanten Eindr\u00fccken. Am Abend \nverfolgen wir das Spiel unserer Nationalhelden gegen die US Boys.<\/p>\n\n\n\n<p>Freitag morgen, die Sonne scheint noch zaghaft, aber wir wissen \nbereits jetzt, das wird ein Tag zum offen Fahren! Wir starten die erste \nTour in Richtung Schonach \u2013 Triberg. Auf kleinen kurvenreichen Stra\u00dfen \nerreichen wir unseren ersten Haltepunkt. An der Bregquelle, dem \nDonauursprung, genie\u00dfen wir bei herrlichem Sonnenschein im Kolmenhof \nunseren Kaffee und die idyllische Lage.<\/p>\n\n\n\n<p>Nachdem alle Bilder im Kasten sind, geht\u2019s weiter, kurvenreich, durch\n schattige W\u00e4lder. Die Sonne hat sich durchgesetzt, der Spa\u00dffaktor \nsteigt mit jedem Kilometer. Am Schluchsee vorbei fahren wir Richtung \nTitisee, der malerisch zwischen den gr\u00fcnen Bergkuppen liegt, der \ns\u00fcdlichste Punkt unserer Tour. Hier pulsiert der Tourismus mit all \nseinen Facetten, wir bevorzugen die kleinen Nebenstra\u00dfen und erreichen \nHeiligenbrunnen. Im gleichnamigen Gasthaus bewirtet man uns abseits des \nTourismus mit Schwarzw\u00e4lder K\u00fcche.<\/p>\n\n\n\n<p>Auf der Schwarzwaldpanoramastra\u00dfe fahren wir auf langgezogenen Kurven\n bis auf 1240 m H\u00f6he, weiter Richtung Waldkirch, Elzach durch endlose \nW\u00e4lder zur\u00fcck nach Hornberg. Ein herrlicher Tag, im Biergarten des \nHotels lassen wir den Tag Revue passieren, bevor uns ein Shuttledienst \nabholt und in ein entlegenes Tal im Schwarzwald f\u00e4hrt.<\/p>\n\n\n\n<p>Im M\u00fcllerj\u00f6rgenhof mit seiner 400 j\u00e4hrigen Geschichte, wundersch\u00f6n am\n Ende eines Seitentals gelegen, serviert uns die Familie W\u00f6hrle mit \nherzlicher Gastfreundschaft hausgemachte Schwarzw\u00e4lder Spezialit\u00e4ten. Es\n gibt viel zu erz\u00e4hlen an diesem Abend, interessante Geschichten von \nfr\u00fcher, Erlebnisse aus dem Schwarzwald und nat\u00fcrlich werden bei dem \neinen oder anderen &#8222;Selbstgebrannten&#8220; die vielen Eindr\u00fccke des Tages \nausgetauscht.<\/p>\n\n\n\n<p>Der zweite Tag erwartet uns am Morgen mit bedecktem Himmel und grauen\n Regenwolken. Das Verdeck bleibt zu, wir fahren in n\u00f6rdliche Richtung \nauf der deutschen Fachwerkstra\u00dfe. Hier im Hintertal kann man die \n\u00e4ltesten Fachwerkh\u00e4user bestaunen. Urspr\u00fcnglich schl\u00e4ngelt sich die \nStra\u00dfe auf den Brandenkopf mit ihren herrlichen Ausblicken. Bergab nach \nKirnbach und weiter nach Bad Peterstal fahren wir auf engen Serpentinen \nden L\u00f6cherberg hinauf. Der Regen hat bereits eingesetzt, wir st\u00e4rken uns\n am Kiosk mit Kaffee und Schwarzw\u00e4lder Kirsch. Die anfangs m\u00fcrrisch und \nresolut wirkende Besitzerin, entpuppte sich nach kurzer Zeit als \ngesellige Unterhalterin und w\u00fcnschte uns eine trockene Weiterfahrt.<\/p>\n\n\n\n<p>Die Fahrt verl\u00e4uft weiter Richtung B28, auf der Alexanderschanze \n\u00fcberqueren wir eine Passh\u00f6he von 930m. Diese Stra\u00dfe verbindet die \nRheinebene von Stra\u00dfburg mit dem Neckartal und geht in Ihrem Ursprung \nweit in die R\u00f6merzeit zur\u00fcck. Heute n\u00fctzen Drachenflieger diesen \nStandort um in das Tal zu gleiten. Leider ist die Sicht heute mehr als \nbescheiden, wir starten die Motoren und fahren Richtung Oppenau.<\/p>\n\n\n\n<p>Auf der sehr beliebten Schwarzwaldhochstra\u00dfe werfen wir im \nVorbeifahren einen Blick auf den Mummelsee, einen touristischen \nAnziehungspunkt mit gro\u00dfem Busparkplatz und vielen Touristen. Nichts f\u00fcr\n uns! Wir fahren sofort weiter nach Sasbachwalden, der einer der \nbekanntesten Weinorte im n\u00f6rdlichen Schwarzwald ist. In der \nKlostersch\u00e4nke Schelzberg mitten in den Weinbergen, gut gesch\u00fctzt unter \nSonnenschirmen genie\u00dfen wir die ausgedehnte Mittagspause bei Flammkuchen\n und leichtem Regen.<\/p>\n\n\n\n<p>Es geht wieder zur\u00fcck auf die B500 nach Bad Rippoldsau; wir haben uns\n f\u00fcr eine Routen\u00e4nderung entschieden, um noch Zeit f\u00fcr das Automuseum \nSteim in Schramberg zu haben. Dort angekommen serviert man uns Kaffee \nund Kuchen, danach werden die Schmuckst\u00fccke des privaten Sammlers \nbestaunt. Hier in Schramberg befindet sich auch das Uhrenmuseum und ein \nweiteres Auto- und Eisenbahnmuseum, ein Grund mehr, wieder hierher zu \nkommen.<\/p>\n\n\n\n<p>Nach dem sehr interessanten Museumsbesuch starten wir ein letztes Mal\n (z.T. mit offenem Verdeck!) unsere eigenen Schmuckst\u00fccke, die ohne \nPanne die beiden Tage durchgehalten haben und fahren zur\u00fcck auf den \nSchlossberg, der zu unserem Erstaunen von der Abendsonne angestrahlt \nwird. Wir lassen im Biergarten bei einem Feierabendbier oder Cocktail \nden Abend ausklingen und genie\u00dfen das tolle Abendessen im Hotel. Zwei \nsch\u00f6ne Tage im Schwarzwald mit vielen Erlebnissen und Eindr\u00fccken liegen \nhinter uns!<\/p>\n\n\n\n<p>Dann bis n\u00e4chstes Jahr, vom 18.-21.06.2015, wo es auch immer hingehen mag.<\/p>\n\n\n\n<p><a href=\"https:\/\/www.oldtimerfreunde-freising.de\/offpress\/bilder-videos\/bilder-touren\/impressionen-der-alpentour-2014\/\">Bilder der Schwarzwaldtour 2014<\/a><br><a rel=\"noreferrer noopener\" aria-label=\"Route der Schwarzwaldtour 2014 (\u00f6ffnet in neuem Tab)\" href=\"http:\/\/touren.kiwikars.de\/?page_id=504\" target=\"_blank\">Route der Schwarzwaldtour 2014<\/a><\/p>\n","protected":false},"excerpt":{"rendered":"<p>Die diesj\u00e4hrige &#8222;Alpentour&#8220; der Oldtimerfreunde f\u00fchrte die Teilnehmer diesmal nicht \u00fcber angrenzende L\u00e4nder, P\u00e4sse und Serpentinen mit Altschneefeldern. Nein, diesmal machten sich 15 Oldtimer unterschiedlicher Altersklassen auf, das gr\u00f6\u00dfte und [&hellip;]<\/p>\n","protected":false},"author":1,"featured_media":0,"parent":202,"menu_order":0,"comment_status":"closed","ping_status":"closed","template":"","meta":{"_EventAllDay":false,"_EventTimezone":"","_EventStartDate":"","_EventEndDate":"","_EventStartDateUTC":"","_EventEndDateUTC":"","_EventShowMap":false,"_EventShowMapLink":false,"_EventURL":"","_EventCost":"","_EventCostDescription":"","_EventCurrencySymbol":"","_EventCurrencyCode":"","_EventCurrencyPosition":"","_EventDateTimeSeparator":"","_EventTimeRangeSeparator":"","_EventOrganizerID":[],"_EventVenueID":[],"_OrganizerEmail":"","_OrganizerPhone":"","_OrganizerWebsite":"","_VenueAddress":"","_VenueCity":"","_VenueCountry":"","_VenueProvince":"","_VenueState":"","_VenueZip":"","_VenuePhone":"","_VenueURL":"","_VenueStateProvince":"","_VenueLat":"","_VenueLng":"","_VenueShowMap":false,"_VenueShowMapLink":false,"_mc_calendar":[],"footnotes":""},"class_list":["post-913","page","type-page","status-publish","hentry","entry"],"_links":{"self":[{"href":"https:\/\/www.oldtimerfreunde-freising.de\/offpress\/wp-json\/wp\/v2\/pages\/913","targetHints":{"allow":["GET"]}}],"collection":[{"href":"https:\/\/www.oldtimerfreunde-freising.de\/offpress\/wp-json\/wp\/v2\/pages"}],"about":[{"href":"https:\/\/www.oldtimerfreunde-freising.de\/offpress\/wp-json\/wp\/v2\/types\/page"}],"author":[{"embeddable":true,"href":"https:\/\/www.oldtimerfreunde-freising.de\/offpress\/wp-json\/wp\/v2\/users\/1"}],"replies":[{"embeddable":true,"href":"https:\/\/www.oldtimerfreunde-freising.de\/offpress\/wp-json\/wp\/v2\/comments?post=913"}],"version-history":[{"count":1,"href":"https:\/\/www.oldtimerfreunde-freising.de\/offpress\/wp-json\/wp\/v2\/pages\/913\/revisions"}],"predecessor-version":[{"id":914,"href":"https:\/\/www.oldtimerfreunde-freising.de\/offpress\/wp-json\/wp\/v2\/pages\/913\/revisions\/914"}],"up":[{"embeddable":true,"href":"https:\/\/www.oldtimerfreunde-freising.de\/offpress\/wp-json\/wp\/v2\/pages\/202"}],"wp:attachment":[{"href":"https:\/\/www.oldtimerfreunde-freising.de\/offpress\/wp-json\/wp\/v2\/media?parent=913"}],"curies":[{"name":"wp","href":"https:\/\/api.w.org\/{rel}","templated":true}]}}