{"id":934,"date":"2019-11-07T21:04:10","date_gmt":"2019-11-07T20:04:10","guid":{"rendered":"https:\/\/www.oldtimerfreunde-freising.de\/offpress\/?page_id=934"},"modified":"2020-02-06T16:59:28","modified_gmt":"2020-02-06T15:59:28","slug":"alpentour-2018","status":"publish","type":"page","link":"https:\/\/www.oldtimerfreunde-freising.de\/offpress\/veranstaltungen\/die-alpentour\/alpentour-2018\/","title":{"rendered":"Alpentour 2018"},"content":{"rendered":"\n<p>&#8222;Die Drei-L\u00e4nder-Tour\u201c vom 28.06. &#8211; 01.07.2018<\/p>\n\n\n\n<p><a href=\"https:\/\/www.oldtimerfreunde-freising.de\/offpress\/bilder-videos\/bilder-touren\/impressionen-der-alpentour-2018\/\">Bilder zur Alpentour 2018<\/a><br><a href=\"http:\/\/touren.kiwikars.de\/?page_id=964\" target=\"_blank\" rel=\"noreferrer noopener\" aria-label=\"Route der Alpentour 2018 (\u00f6ffnet in neuem Tab)\">Route der Alpentour 2018<\/a><\/p>\n\n\n\n<p>Treffpunkt der \u201eDrei-L\u00e4nder-Tour\u201c ist das Sporthotel Tirolerhof in Nauders. Von hier aus starten wir zu zwei abwechslungsreichen Touren in die \u00f6sterreichischen, schweizerischen und italienischen Alpen.<\/p>\n\n\n\n<p><strong>Tour 1 \u2013 29.06.2018<\/strong><\/p>\n\n\n\n<p>Vom Sporthotel Tirolerhof starten wir Richtung Norden und fahren auf der B 180 \u00fcber Pfunds\/Stuben weiter nach Landeck. Am Schloss Landeck vorbei halten wir uns in westliche Richtung und fahren auf die B  171.<\/p>\n\n\n\n<p>Dann Richtung S\u00fcden auf der B188 durch das Paznauntal an Ischgl vorbei ,bis wir Galt\u00fcr erreichen. Nun geht es die Silvretta-Hochalpenstra\u00dfe rauf auf die Bielerh\u00f6he. Wir genie\u00dfen die Panorama-Aussicht und fahren anschlie\u00dfend weiter bergab nach Partenen.<\/p>\n\n\n\n<p>Nach der verdienten Mittagspause geht es zur\u00fcck auf die B 188 Richtung Montafon. Vor\u00a0 Bludenz nordostw\u00e4rts\u00a0 auf kleinen kurvigen Nebenstra\u00dfen Richtung Arlberg. In St. Anton am Arlberg ist ein Kaffee-Stopp mit Sonnenterasse und\u00a0 anschlie\u00dfendem Spaziergang vorgesehen.<\/p>\n\n\n\n<p>Die letzte Etappe geht weiter Richtung Landeck. Wer schneller  m Hotel sein m\u00f6chte f\u00e4hrt auf die Arlberg-Schnellstra\u00dfe oder genie\u00dft weiter die Nebenstra\u00dfen bis zum Abzweig auf die B 316, die uns wieder in H\u00f6he Plans zur B 188 f\u00fchrt. Von dort aus zur\u00fcck zum Hotel.<\/p>\n\n\n\n<figure class=\"wp-block-image\"><img loading=\"lazy\" decoding=\"async\" width=\"951\" height=\"316\" src=\"https:\/\/www.oldtimerfreunde-freising.de\/offpress\/wp-content\/uploads\/2019\/11\/at_2018_diavolezza.jpg\" alt=\"\" class=\"wp-image-5797\" srcset=\"https:\/\/www.oldtimerfreunde-freising.de\/offpress\/wp-content\/uploads\/2019\/11\/at_2018_diavolezza.jpg 951w, https:\/\/www.oldtimerfreunde-freising.de\/offpress\/wp-content\/uploads\/2019\/11\/at_2018_diavolezza-300x100.jpg 300w, https:\/\/www.oldtimerfreunde-freising.de\/offpress\/wp-content\/uploads\/2019\/11\/at_2018_diavolezza-768x255.jpg 768w\" sizes=\"auto, (max-width: 951px) 100vw, 951px\" \/><\/figure>\n\n\n\n<p><strong>Tour 2 \u2013 30.06.2018<\/strong><\/p>\n\n\n\n<p>Wir starten nach S\u00fcden auf der SS40 zum Reschensee. Nach Taufers geht\u2019s auf der B 28 durch den Schweizer Nationalpark. Sehr kurvenreich fahren wir weiter bis zum Lago di Livigno, wir erreichen Italien! Kurzer Stopp am See mit herrlichem Panorama f\u00fcr das Fotoalbum. Am See entlang folgen wir der Stra\u00dfe bis Livigno und genie\u00dfen die Mittagspause.<\/p>\n\n\n\n<p>Auf kleinen Nebenstra\u00dfen kurven wir Richtung S\u00fcden zum Bernina-Pass. Weiter auf der B 28, erreichen wir den Lago de la Cruseta. Kurzer Stopp f\u00fcrs Fotoalbum mit Aussicht auf den gegen\u00fcberliegenden Lago di Bianco.<\/p>\n\n\n\n<p>Die Fahrt geht weiter in eines der sch\u00f6nsten Skigebiete der Schweiz nach Diavolezza ( St.Moritz ). Nach Pontresina fahren wir weiter Richtung Norden auf der B 29 ins Engadin. Links und rechts der Stra\u00dfe ragen nun die 3000er in die H\u00f6he. Am St. Moritzsee machen wir eine Kaffeepause und hoffen auf viele Sonnenstrahlen auf der Terrasse.\u00a0 Zur letzten Etappe \u00a0folgen wir der B 27 weiter Richtung Zernez. Parallel zur Stra\u00dfe begleitet uns ein guter Bekannter, der Inn. Vom Ursprung dem Lago dal Lunghin flie\u00dft der Inn durch den Silvaplana-, Champfer- u.  St.Moritz-See und schl\u00e4ngelt sich durch das Engadin Richtung \u00d6sterreich. Auf der B 27 durchfahren wir kleine sch\u00f6ne Engadiner Ortschaften.  Direkt an der Schweiz-\u00f6sterreichischen Grenze verlassen wir die Bundesstr. und folgen der B 185. Jetzt geht es \u00fcber Serpentinen auf der Martinsbrucker-Stra\u00dfe zur\u00fcck zum Hotel.<\/p>\n\n\n\n<p>Hinweis: Diese Streckenbeschreibung ist nicht verbindlich. Der genaue Stra\u00dfenverlauf, sowie die Restaurants, Haltepunkte und \u00dcberraschungen \u00a0sind \u00a0im Roadbook dokumentiert das jeder Teilnehmer am Start erh\u00e4lt. \u00c4nderungen vorbehalten.<\/p>\n\n\n\n<p>Haftung<br>Es handelt sich bei dieser Ausfahrt um eine rein touristische Veranstaltung ohne jegliche Wertungspr\u00fcfungen oder Sonderaufgaben. Der Veranstalter Oldtimerfreunde Freising e.V. lehnt gegen\u00fcber den Teilnehmern jede Haftung f\u00fcr Personen, Sach- und Verm\u00f6genssch\u00e4den ab, die vor, w\u00e4hrend und nach der Ausfahrt eintreten. Die Teilnehmer nehmen auf eigene Gefahr an dieser Ausfahrt teil und tragen die zivile und strafrechtliche Verantwortung f\u00fcr alle von Ihnen und Ihrem Fahrzeug verursachten Sch\u00e4den. Es gilt die deutsche StVZO f\u00fcr alle Fahrzeuge, sowie die StVO der jeweiligen L\u00e4nder.<\/p>\n","protected":false},"excerpt":{"rendered":"<p>&#8222;Die Drei-L\u00e4nder-Tour\u201c vom 28.06. &#8211; 01.07.2018 Bilder zur Alpentour 2018Route der Alpentour 2018 Treffpunkt der \u201eDrei-L\u00e4nder-Tour\u201c ist das Sporthotel Tirolerhof in Nauders. Von hier aus starten wir zu zwei abwechslungsreichen [&hellip;]<\/p>\n","protected":false},"author":1,"featured_media":0,"parent":202,"menu_order":0,"comment_status":"closed","ping_status":"closed","template":"","meta":{"_EventAllDay":false,"_EventTimezone":"","_EventStartDate":"","_EventEndDate":"","_EventStartDateUTC":"","_EventEndDateUTC":"","_EventShowMap":false,"_EventShowMapLink":false,"_EventURL":"","_EventCost":"","_EventCostDescription":"","_EventCurrencySymbol":"","_EventCurrencyCode":"","_EventCurrencyPosition":"","_EventDateTimeSeparator":"","_EventTimeRangeSeparator":"","_EventOrganizerID":[],"_EventVenueID":[],"_OrganizerEmail":"","_OrganizerPhone":"","_OrganizerWebsite":"","_VenueAddress":"","_VenueCity":"","_VenueCountry":"","_VenueProvince":"","_VenueState":"","_VenueZip":"","_VenuePhone":"","_VenueURL":"","_VenueStateProvince":"","_VenueLat":"","_VenueLng":"","_VenueShowMap":false,"_VenueShowMapLink":false,"_mc_calendar":[],"footnotes":""},"class_list":["post-934","page","type-page","status-publish","hentry","entry"],"_links":{"self":[{"href":"https:\/\/www.oldtimerfreunde-freising.de\/offpress\/wp-json\/wp\/v2\/pages\/934","targetHints":{"allow":["GET"]}}],"collection":[{"href":"https:\/\/www.oldtimerfreunde-freising.de\/offpress\/wp-json\/wp\/v2\/pages"}],"about":[{"href":"https:\/\/www.oldtimerfreunde-freising.de\/offpress\/wp-json\/wp\/v2\/types\/page"}],"author":[{"embeddable":true,"href":"https:\/\/www.oldtimerfreunde-freising.de\/offpress\/wp-json\/wp\/v2\/users\/1"}],"replies":[{"embeddable":true,"href":"https:\/\/www.oldtimerfreunde-freising.de\/offpress\/wp-json\/wp\/v2\/comments?post=934"}],"version-history":[{"count":3,"href":"https:\/\/www.oldtimerfreunde-freising.de\/offpress\/wp-json\/wp\/v2\/pages\/934\/revisions"}],"predecessor-version":[{"id":8357,"href":"https:\/\/www.oldtimerfreunde-freising.de\/offpress\/wp-json\/wp\/v2\/pages\/934\/revisions\/8357"}],"up":[{"embeddable":true,"href":"https:\/\/www.oldtimerfreunde-freising.de\/offpress\/wp-json\/wp\/v2\/pages\/202"}],"wp:attachment":[{"href":"https:\/\/www.oldtimerfreunde-freising.de\/offpress\/wp-json\/wp\/v2\/media?parent=934"}],"curies":[{"name":"wp","href":"https:\/\/api.w.org\/{rel}","templated":true}]}}