{"id":956,"date":"2019-11-07T21:19:03","date_gmt":"2019-11-07T20:19:03","guid":{"rendered":"https:\/\/www.oldtimerfreunde-freising.de\/offpress\/?page_id=956"},"modified":"2020-02-06T17:06:55","modified_gmt":"2020-02-06T16:06:55","slug":"review-der-hopfentour-2015","status":"publish","type":"page","link":"https:\/\/www.oldtimerfreunde-freising.de\/offpress\/veranstaltungen\/die-hopfentour\/review-der-hopfentour-2015\/","title":{"rendered":"Das Stelldichein der Oldtimer in der Domstadt Freising"},"content":{"rendered":"\n<figure class=\"wp-block-image\"><img loading=\"lazy\" decoding=\"async\" width=\"620\" height=\"248\" src=\"https:\/\/www.oldtimerfreunde-freising.de\/offpress\/wp-content\/uploads\/2019\/11\/ht2015-intro.jpg\" alt=\"\" class=\"wp-image-5823\" srcset=\"https:\/\/www.oldtimerfreunde-freising.de\/offpress\/wp-content\/uploads\/2019\/11\/ht2015-intro.jpg 620w, https:\/\/www.oldtimerfreunde-freising.de\/offpress\/wp-content\/uploads\/2019\/11\/ht2015-intro-300x120.jpg 300w\" sizes=\"auto, (max-width: 620px) 100vw, 620px\" \/><\/figure>\n\n\n\n<h2 class=\"wp-block-heading\">Die 18. Hopfentour der Oldtimerfreunde Freising &#8211; 20 Jahre Oldtimerfreunde Freising<\/h2>\n\n\n\n<p>Am 17. Mai startete unsere 18. Hopfentour. Sie stand dieses Mal unter dem besonderen Vorzeichen des 20. Jahrestages des Bestehens unseres Vereins. Sch\u00e4nke, Schirme mussten aufgebaut und positioniert werden. Markierungen f\u00fcr die Parkfl\u00e4chen, den Startbereich und die Sonderpr\u00fcfung, wurden angelegt.<\/p>\n\n\n\n<p>In besonderer Weise wurden wir von unserem Hauptsponsor, der Brauerei  Weihenstephan unterst\u00fctzt. Schirme und Biertischgarnituren wurden zur  Verf\u00fcgung gestellt. Alle Teilnehmern erhielten alkoholfreies Bier, in Flaschen mit Sonderetiketten, sowie diverse Giveaways.<\/p>\n\n\n\n<p>Ganz fr\u00fch auf den Beinen, waren auch die Helfer vom Tierschutzverein Freising. Schon um 8 Uhr stand der Pavillon und hei\u00dfer Kaffee, Butterbrezen, Kuchen und vieles mehr wurde angeboten.<\/p>\n\n\n\n<p>Markierungen f\u00fcr die Parkfl\u00e4chen, den Startbereich und die Sonderpr\u00fcfung, Kabel, Lautsprecher und vieles mehr mussten in k\u00fcrzester Zeit fertig sein.<\/p>\n\n\n\n<p>Gl\u00fccklicherweise wurden wir sehr aktiv durch die Stadt Freising, speziell durch Herrn Br\u00f6ckl, unterst\u00fctzt. Er war auch schon fr\u00fch mit  einem Kollegen auf den Beinen um nach dem Rechten zu schauen. Die Stadt stellte uns u.A. die Lautsprecheranlage zur Verf\u00fcgung.<\/p>\n\n\n\n<p>Und dann kamen sie, die Alfas, Audis, BMWs, Chevis, Fords, Daimlers, MGs, Opels, Porsches, Steyr Puchs &#8230;<\/p>\n\n\n\n<p>Dann war es so weit, der OB der Stadt Freising, Herr Tobias Eschenbacher, nahm die Startflagge in die Hand, ein Moment der Stille, bis die erste Flagge viel. Die Tour war er\u00f6ffnet.<\/p>\n\n\n\n<p>Nach der ersten Sonderpr\u00fcfung, der Fahrer musste mit seinem rechten Hinterrad (bei Linkslenker) den Mittelpunkt einer auf dem Boden liegenden Zielscheibe erwischen, ging es durch die Altstadt. Weiter nach Roadbook durch die Hallertau nach Au, in den Schlossbr\u00e4ukeller, zum Mittagsessen.<\/p>\n\n\n\n<p>Nach dem Essen konnten die Teilnehmer an einer F\u00fchrung durch die Schlossbrauerei teilnehmen.<\/p>\n\n\n\n<p>In der Zwischenzeit musste das Team auf dem Marienplatz alles wieder abbauen und verlasten und den Zieleinlauf auf den Weihenstephaner Berg vorbereiten. Ab 16 Uhr trafen die ersten Fahrzeuge ein. W\u00e4hrend die Teilnehmer im Biergarten des Br\u00e4ust\u00fcberls die Tour ausklingen lie\u00dfen, lief die Auswertung der Unterlagen und Festlegung der Sieger.<\/p>\n\n\n\n<p>Insgesamt erhielten die ersten 4 einen Pokal, das beste Damenteam, das \u00e4lteste Fahrzeug und der beste Motorradteilnehmer.<\/p>\n\n\n\n<p>Damit endete die 18.Hopfentour.<\/p>\n\n\n\n<p>Am Ende gilt mein Dank, allen Teilnehmer, der Stadt Freising und allen Sponsoren, dem Cateringteam vom Tierschutzverein und nicht zuletzt dem Team unseres Vereins.<\/p>\n\n\n\n<p>Na dann, bis zur 19. Hopfentour am <strong>05. Juni 2016<\/strong>.<\/p>\n\n\n\n<p>Dietmar Eisele<br>Oldtimerfreunde Freising<\/p>\n\n\n\n<p><a href=\"https:\/\/www.oldtimerfreunde-freising.de\/offpress\/bilder-videos\/bilder-touren\/hopfentour-2015-werbesamstag-und-tour\/\">Bildergalerie Hopfentour 2015<\/a><br><a rel=\"noreferrer noopener\" aria-label=\"Route der Hopfentour 2015 (\u00f6ffnet in neuem Tab)\" href=\"http:\/\/touren.kiwikars.de\/?page_id=551\" target=\"_blank\">Route der Hopfentour 2015<\/a><\/p>\n","protected":false},"excerpt":{"rendered":"<p>Die 18. Hopfentour der Oldtimerfreunde Freising &#8211; 20 Jahre Oldtimerfreunde Freising Am 17. Mai startete unsere 18. Hopfentour. Sie stand dieses Mal unter dem besonderen Vorzeichen des 20. Jahrestages des [&hellip;]<\/p>\n","protected":false},"author":1,"featured_media":0,"parent":57,"menu_order":0,"comment_status":"closed","ping_status":"closed","template":"","meta":{"_EventAllDay":false,"_EventTimezone":"","_EventStartDate":"","_EventEndDate":"","_EventStartDateUTC":"","_EventEndDateUTC":"","_EventShowMap":false,"_EventShowMapLink":false,"_EventURL":"","_EventCost":"","_EventCostDescription":"","_EventCurrencySymbol":"","_EventCurrencyCode":"","_EventCurrencyPosition":"","_EventDateTimeSeparator":"","_EventTimeRangeSeparator":"","_EventOrganizerID":[],"_EventVenueID":[],"_OrganizerEmail":"","_OrganizerPhone":"","_OrganizerWebsite":"","_VenueAddress":"","_VenueCity":"","_VenueCountry":"","_VenueProvince":"","_VenueState":"","_VenueZip":"","_VenuePhone":"","_VenueURL":"","_VenueStateProvince":"","_VenueLat":"","_VenueLng":"","_VenueShowMap":false,"_VenueShowMapLink":false,"_mc_calendar":[],"footnotes":""},"class_list":["post-956","page","type-page","status-publish","hentry","entry"],"_links":{"self":[{"href":"https:\/\/www.oldtimerfreunde-freising.de\/offpress\/wp-json\/wp\/v2\/pages\/956","targetHints":{"allow":["GET"]}}],"collection":[{"href":"https:\/\/www.oldtimerfreunde-freising.de\/offpress\/wp-json\/wp\/v2\/pages"}],"about":[{"href":"https:\/\/www.oldtimerfreunde-freising.de\/offpress\/wp-json\/wp\/v2\/types\/page"}],"author":[{"embeddable":true,"href":"https:\/\/www.oldtimerfreunde-freising.de\/offpress\/wp-json\/wp\/v2\/users\/1"}],"replies":[{"embeddable":true,"href":"https:\/\/www.oldtimerfreunde-freising.de\/offpress\/wp-json\/wp\/v2\/comments?post=956"}],"version-history":[{"count":4,"href":"https:\/\/www.oldtimerfreunde-freising.de\/offpress\/wp-json\/wp\/v2\/pages\/956\/revisions"}],"predecessor-version":[{"id":8360,"href":"https:\/\/www.oldtimerfreunde-freising.de\/offpress\/wp-json\/wp\/v2\/pages\/956\/revisions\/8360"}],"up":[{"embeddable":true,"href":"https:\/\/www.oldtimerfreunde-freising.de\/offpress\/wp-json\/wp\/v2\/pages\/57"}],"wp:attachment":[{"href":"https:\/\/www.oldtimerfreunde-freising.de\/offpress\/wp-json\/wp\/v2\/media?parent=956"}],"curies":[{"name":"wp","href":"https:\/\/api.w.org\/{rel}","templated":true}]}}