{"id":972,"date":"2023-08-27T14:47:01","date_gmt":"2023-08-27T12:47:01","guid":{"rendered":"https:\/\/www.oldtimerfreunde-freising.de\/offpress\/?page_id=972"},"modified":"2023-08-27T14:48:48","modified_gmt":"2023-08-27T12:48:48","slug":"sommerfest-2023","status":"publish","type":"page","link":"https:\/\/www.oldtimerfreunde-freising.de\/offpress\/veranstaltungen\/sommerfest-2023\/","title":{"rendered":"Sommerfest 2023"},"content":{"rendered":"\n<h2 class=\"wp-block-heading\" id=\"strahlendes-wetter-und-strahlende-gesichter-bei-der-jubilaumshopfentour--728b7475-0de6-49b7-8ecf-d4463f885f2f\">&#8230; nach Wolkenbruch doch noch sch\u00f6nes Wetter und strahlende Gesichter beim Sommerfest.<\/h2>\n\n\n\n<p>Am 25. August 2023 trafen wir uns in z\u00fcnftiger Runde zum Sommerfest beim Mooswirt &nbsp;in Eittingermoos.<\/p>\n\n\n\n<p>Nachdem ein Platzregen um 17 Uhr schlimmes ahnen lie\u00df, hatte der Wettergott doch ein Einsehen und so lachte p\u00fcnktlich zu Beginn um 18 Uhr die Sonne hinter den Wolken hervor.&nbsp;<br>Leider kamen nicht alle standesgem\u00e4\u00df &nbsp;im Oldtimer, aber wir konnten 40 gutgelaunte Teilnehmer z\u00e4hlen.<\/p>\n\n\n\n<p>Schon beim Begr\u00fc\u00dfungstrunk und durch unseren Akkordeonspieler Joe Aigner kam gute Stimmung auf.<\/p>\n\n\n\n<p>Der Duft &nbsp;vom Steckerlfisch regte den Appetit an und bei guten Benzingespr\u00e4chen kam die Unterhaltung gut in Schwung. Siehe Bilder im Anhang.<\/p>\n\n\n\n<p>Erst nach 23 Uhr machten sich die letzten G\u00e4ste auf den Heimweg und wir haben wohl den Hochsommer geb\u00fchrend verabschiedet.<\/p>\n\n\n\n<figure class=\"wp-block-gallery has-nested-images columns-default is-cropped wp-block-gallery-1 is-layout-flex wp-block-gallery-is-layout-flex\">\n<figure class=\"wp-block-image size-large\"><img loading=\"lazy\" decoding=\"async\" width=\"640\" height=\"480\" data-id=\"11616\" src=\"https:\/\/www.oldtimerfreunde-freising.de\/offpress\/wp-content\/uploads\/2023\/08\/IMG_7579-1.jpg\" alt=\"\" class=\"wp-image-11616\" srcset=\"https:\/\/www.oldtimerfreunde-freising.de\/offpress\/wp-content\/uploads\/2023\/08\/IMG_7579-1.jpg 640w, https:\/\/www.oldtimerfreunde-freising.de\/offpress\/wp-content\/uploads\/2023\/08\/IMG_7579-1-300x225.jpg 300w\" sizes=\"auto, (max-width: 640px) 100vw, 640px\" \/><\/figure>\n\n\n\n<figure class=\"wp-block-image size-large\"><img loading=\"lazy\" decoding=\"async\" width=\"640\" height=\"480\" data-id=\"11615\" src=\"https:\/\/www.oldtimerfreunde-freising.de\/offpress\/wp-content\/uploads\/2023\/08\/IMG_7578-1.jpg\" alt=\"\" class=\"wp-image-11615\" srcset=\"https:\/\/www.oldtimerfreunde-freising.de\/offpress\/wp-content\/uploads\/2023\/08\/IMG_7578-1.jpg 640w, https:\/\/www.oldtimerfreunde-freising.de\/offpress\/wp-content\/uploads\/2023\/08\/IMG_7578-1-300x225.jpg 300w\" sizes=\"auto, (max-width: 640px) 100vw, 640px\" \/><\/figure>\n\n\n\n<figure class=\"wp-block-image size-large\"><img loading=\"lazy\" decoding=\"async\" width=\"480\" height=\"640\" data-id=\"11613\" src=\"https:\/\/www.oldtimerfreunde-freising.de\/offpress\/wp-content\/uploads\/2023\/08\/IMG_7576-1-rotated.jpg\" alt=\"\" class=\"wp-image-11613\" srcset=\"https:\/\/www.oldtimerfreunde-freising.de\/offpress\/wp-content\/uploads\/2023\/08\/IMG_7576-1-rotated.jpg 480w, https:\/\/www.oldtimerfreunde-freising.de\/offpress\/wp-content\/uploads\/2023\/08\/IMG_7576-1-225x300.jpg 225w\" sizes=\"auto, (max-width: 480px) 100vw, 480px\" \/><\/figure>\n\n\n\n<figure class=\"wp-block-image size-large\"><img loading=\"lazy\" decoding=\"async\" width=\"480\" height=\"640\" data-id=\"11614\" src=\"https:\/\/www.oldtimerfreunde-freising.de\/offpress\/wp-content\/uploads\/2023\/08\/IMG_7577-1-rotated.jpg\" alt=\"\" class=\"wp-image-11614\" srcset=\"https:\/\/www.oldtimerfreunde-freising.de\/offpress\/wp-content\/uploads\/2023\/08\/IMG_7577-1-rotated.jpg 480w, https:\/\/www.oldtimerfreunde-freising.de\/offpress\/wp-content\/uploads\/2023\/08\/IMG_7577-1-225x300.jpg 225w\" sizes=\"auto, (max-width: 480px) 100vw, 480px\" \/><\/figure>\n\n\n\n<figure class=\"wp-block-image size-large\"><img loading=\"lazy\" decoding=\"async\" width=\"480\" height=\"640\" data-id=\"11612\" src=\"https:\/\/www.oldtimerfreunde-freising.de\/offpress\/wp-content\/uploads\/2023\/08\/IMG_7575-1-rotated.jpg\" alt=\"\" class=\"wp-image-11612\" srcset=\"https:\/\/www.oldtimerfreunde-freising.de\/offpress\/wp-content\/uploads\/2023\/08\/IMG_7575-1-rotated.jpg 480w, https:\/\/www.oldtimerfreunde-freising.de\/offpress\/wp-content\/uploads\/2023\/08\/IMG_7575-1-225x300.jpg 225w\" sizes=\"auto, (max-width: 480px) 100vw, 480px\" \/><\/figure>\n\n\n\n<figure class=\"wp-block-image size-large\"><img loading=\"lazy\" decoding=\"async\" width=\"480\" height=\"640\" data-id=\"11611\" src=\"https:\/\/www.oldtimerfreunde-freising.de\/offpress\/wp-content\/uploads\/2023\/08\/IMG_7574-1-rotated.jpg\" alt=\"\" class=\"wp-image-11611\" srcset=\"https:\/\/www.oldtimerfreunde-freising.de\/offpress\/wp-content\/uploads\/2023\/08\/IMG_7574-1-rotated.jpg 480w, https:\/\/www.oldtimerfreunde-freising.de\/offpress\/wp-content\/uploads\/2023\/08\/IMG_7574-1-225x300.jpg 225w\" sizes=\"auto, (max-width: 480px) 100vw, 480px\" \/><\/figure>\n\n\n\n<figure class=\"wp-block-image size-large\"><img loading=\"lazy\" decoding=\"async\" width=\"480\" height=\"640\" data-id=\"11610\" src=\"https:\/\/www.oldtimerfreunde-freising.de\/offpress\/wp-content\/uploads\/2023\/08\/IMG_7572-1-rotated.jpg\" alt=\"\" class=\"wp-image-11610\" srcset=\"https:\/\/www.oldtimerfreunde-freising.de\/offpress\/wp-content\/uploads\/2023\/08\/IMG_7572-1-rotated.jpg 480w, https:\/\/www.oldtimerfreunde-freising.de\/offpress\/wp-content\/uploads\/2023\/08\/IMG_7572-1-225x300.jpg 225w\" sizes=\"auto, (max-width: 480px) 100vw, 480px\" \/><\/figure>\n<\/figure>\n","protected":false},"excerpt":{"rendered":"<p>&#8230; nach Wolkenbruch doch noch sch\u00f6nes Wetter und strahlende Gesichter beim Sommerfest. Am 25. August 2023 trafen wir uns in z\u00fcnftiger Runde zum Sommerfest beim Mooswirt &nbsp;in Eittingermoos. Nachdem ein [&hellip;]<\/p>\n","protected":false},"author":4,"featured_media":0,"parent":54,"menu_order":0,"comment_status":"closed","ping_status":"closed","template":"","meta":{"_EventAllDay":false,"_EventTimezone":"","_EventStartDate":"","_EventEndDate":"","_EventStartDateUTC":"","_EventEndDateUTC":"","_EventShowMap":false,"_EventShowMapLink":false,"_EventURL":"","_EventCost":"","_EventCostDescription":"","_EventCurrencySymbol":"","_EventCurrencyCode":"","_EventCurrencyPosition":"","_EventDateTimeSeparator":"","_EventTimeRangeSeparator":"","_EventOrganizerID":[],"_EventVenueID":[],"_OrganizerEmail":"","_OrganizerPhone":"","_OrganizerWebsite":"","_VenueAddress":"","_VenueCity":"","_VenueCountry":"","_VenueProvince":"","_VenueState":"","_VenueZip":"","_VenuePhone":"","_VenueURL":"","_VenueStateProvince":"","_VenueLat":"","_VenueLng":"","_VenueShowMap":false,"_VenueShowMapLink":false,"_mc_calendar":[],"footnotes":""},"class_list":["post-972","page","type-page","status-publish","hentry","entry"],"_links":{"self":[{"href":"https:\/\/www.oldtimerfreunde-freising.de\/offpress\/wp-json\/wp\/v2\/pages\/972","targetHints":{"allow":["GET"]}}],"collection":[{"href":"https:\/\/www.oldtimerfreunde-freising.de\/offpress\/wp-json\/wp\/v2\/pages"}],"about":[{"href":"https:\/\/www.oldtimerfreunde-freising.de\/offpress\/wp-json\/wp\/v2\/types\/page"}],"author":[{"embeddable":true,"href":"https:\/\/www.oldtimerfreunde-freising.de\/offpress\/wp-json\/wp\/v2\/users\/4"}],"replies":[{"embeddable":true,"href":"https:\/\/www.oldtimerfreunde-freising.de\/offpress\/wp-json\/wp\/v2\/comments?post=972"}],"version-history":[{"count":8,"href":"https:\/\/www.oldtimerfreunde-freising.de\/offpress\/wp-json\/wp\/v2\/pages\/972\/revisions"}],"predecessor-version":[{"id":11622,"href":"https:\/\/www.oldtimerfreunde-freising.de\/offpress\/wp-json\/wp\/v2\/pages\/972\/revisions\/11622"}],"up":[{"embeddable":true,"href":"https:\/\/www.oldtimerfreunde-freising.de\/offpress\/wp-json\/wp\/v2\/pages\/54"}],"wp:attachment":[{"href":"https:\/\/www.oldtimerfreunde-freising.de\/offpress\/wp-json\/wp\/v2\/media?parent=972"}],"curies":[{"name":"wp","href":"https:\/\/api.w.org\/{rel}","templated":true}]}}