{"id":978,"date":"2019-11-07T21:39:01","date_gmt":"2019-11-07T20:39:01","guid":{"rendered":"https:\/\/www.oldtimerfreunde-freising.de\/offpress\/?page_id=978"},"modified":"2019-11-16T18:22:09","modified_gmt":"2019-11-16T17:22:09","slug":"das-stelldichein-der-oldtimer-in-der-domstadt-freising","status":"publish","type":"page","link":"https:\/\/www.oldtimerfreunde-freising.de\/offpress\/veranstaltungen\/die-hopfentour\/das-stelldichein-der-oldtimer-in-der-domstadt-freising\/","title":{"rendered":"Das Stelldichein der Oldtimer in der Domstadt Freising!"},"content":{"rendered":"\n<figure class=\"wp-block-image\"><img loading=\"lazy\" decoding=\"async\" width=\"951\" height=\"331\" src=\"https:\/\/www.oldtimerfreunde-freising.de\/offpress\/wp-content\/uploads\/2019\/11\/teaser_ht2018_main.jpg\" alt=\"\" class=\"wp-image-5813\" srcset=\"https:\/\/www.oldtimerfreunde-freising.de\/offpress\/wp-content\/uploads\/2019\/11\/teaser_ht2018_main.jpg 951w, https:\/\/www.oldtimerfreunde-freising.de\/offpress\/wp-content\/uploads\/2019\/11\/teaser_ht2018_main-300x104.jpg 300w, https:\/\/www.oldtimerfreunde-freising.de\/offpress\/wp-content\/uploads\/2019\/11\/teaser_ht2018_main-768x267.jpg 768w\" sizes=\"auto, (max-width: 951px) 100vw, 951px\" \/><\/figure>\n\n\n\n<h2 class=\"wp-block-heading\">21. Hopfentour der Oldtimerfreunde Freising.<\/h2>\n\n\n\n<p>Am Sonntag den 10. Juni 2018 fand die 21. Hopfentour der \nOldtimerfreunde Freising statt. Bei wundersch\u00f6nen Wetter kamen 83 ebenso\n sch\u00f6ne klassische Fahrzeuge auf den Marienplatz nach Freising. \nHerzlichen Dank an alle Teilnehmer f\u00fcr die bunte Mischung von Fahrzeugen\n aller Art.<\/p>\n\n\n\n<p>Die diesj\u00e4hrige Tour f\u00fchrte uns zum Kloster Weltenburg und \u00fcber \nSiegenburg mit einer k\u00fchlenden Kugel Eis wieder zur\u00fcck nach Freising. \nDie Siegerehrung fand im Br\u00e4ust\u00fcberl von Weihenstephan statt.<\/p>\n\n\n\n<p>Fotos von unseren Fotographen Claudia Burger und Bernd Kerscher sind <strong><a href=\"https:\/\/www.oldtimerfreunde-freising.de\/offpress\/bilder-videos\/bilder-touren\/hopfentour-2018\/\">hier<\/a><\/strong> zu finden. Besten Dank an unsere Fotographen.<\/p>\n\n\n\n<p>Das Video der Hopfentour 2018 ist <strong><a href=\"https:\/\/www.oldtimerfreunde-freising.de\/offpress\/bilder-videos\/bilder-touren\/hopfentour-2018\/video-der-hopfentour-2018\/\">hier<\/a><\/strong> zu finden. Besten Dank an unseren Kameramann Hermann D\u00f6rre.<\/p>\n\n\n\n<p>Die Route der Hopfentour 2018 (mit GPX-Download) ist <a href=\"http:\/\/touren.kiwikars.de\/?page_id=903\" target=\"_blank\" rel=\"noreferrer noopener\"><strong>hier<\/strong><\/a> zu finden.<\/p>\n\n\n\n<p>Und dies ist das Ergebnis:<\/p>\n\n\n\n<figure class=\"wp-block-image\"><img loading=\"lazy\" decoding=\"async\" width=\"951\" height=\"2318\" src=\"https:\/\/www.oldtimerfreunde-freising.de\/offpress\/wp-content\/uploads\/2019\/11\/Wertung_Hopfentour_2018.jpg\" alt=\"\" class=\"wp-image-5814\" srcset=\"https:\/\/www.oldtimerfreunde-freising.de\/offpress\/wp-content\/uploads\/2019\/11\/Wertung_Hopfentour_2018.jpg 951w, https:\/\/www.oldtimerfreunde-freising.de\/offpress\/wp-content\/uploads\/2019\/11\/Wertung_Hopfentour_2018-123x300.jpg 123w, https:\/\/www.oldtimerfreunde-freising.de\/offpress\/wp-content\/uploads\/2019\/11\/Wertung_Hopfentour_2018-768x1872.jpg 768w, https:\/\/www.oldtimerfreunde-freising.de\/offpress\/wp-content\/uploads\/2019\/11\/Wertung_Hopfentour_2018-420x1024.jpg 420w\" sizes=\"auto, (max-width: 951px) 100vw, 951px\" \/><\/figure>\n\n\n\n<p><strong>Haftung<\/strong><\/p>\n\n\n\n<p>Es handelt sich bei dieser Ausfahrt um eine rein touristische \nVeranstaltung mit Geschicklichkeitspr\u00fcfungen aber ohne gezeitete \nWertungs- oder Sonderpr\u00fcfungen. Der Veranstalter OFF (Oldtimerfreunde \nFreising) lehnt gegen\u00fcber den Teilnehmern jede Haftung f\u00fcr Personen, \nSach- u. Verm\u00f6genssch\u00e4den ab, die vor, w\u00e4hrend und nach der Ausfahrt \neintreten. Die Teilnehmer nehmen auf eigene Gefahr an dieser Ausfahrt \nteil und tragen die zivile und strafrechtliche Verantwortung f\u00fcr alle \nvon Ihnen und Ihrem Fahrzeug verursachten Sch\u00e4den. Es gilt die StVZO f\u00fcr\n alle Fahrzeuge, sowie die StVO von Deutschland. Weiteres siehe \nTeilnahmebedingungen.<\/p>\n","protected":false},"excerpt":{"rendered":"<p>21. Hopfentour der Oldtimerfreunde Freising. Am Sonntag den 10. Juni 2018 fand die 21. Hopfentour der Oldtimerfreunde Freising statt. Bei wundersch\u00f6nen Wetter kamen 83 ebenso sch\u00f6ne klassische Fahrzeuge auf den [&hellip;]<\/p>\n","protected":false},"author":1,"featured_media":0,"parent":57,"menu_order":0,"comment_status":"closed","ping_status":"closed","template":"","meta":{"_EventAllDay":false,"_EventTimezone":"","_EventStartDate":"","_EventEndDate":"","_EventStartDateUTC":"","_EventEndDateUTC":"","_EventShowMap":false,"_EventShowMapLink":false,"_EventURL":"","_EventCost":"","_EventCostDescription":"","_EventCurrencySymbol":"","_EventCurrencyCode":"","_EventCurrencyPosition":"","_EventDateTimeSeparator":"","_EventTimeRangeSeparator":"","_EventOrganizerID":[],"_EventVenueID":[],"_OrganizerEmail":"","_OrganizerPhone":"","_OrganizerWebsite":"","_VenueAddress":"","_VenueCity":"","_VenueCountry":"","_VenueProvince":"","_VenueState":"","_VenueZip":"","_VenuePhone":"","_VenueURL":"","_VenueStateProvince":"","_VenueLat":"","_VenueLng":"","_VenueShowMap":false,"_VenueShowMapLink":false,"_mc_calendar":[],"footnotes":""},"class_list":["post-978","page","type-page","status-publish","hentry","entry"],"_links":{"self":[{"href":"https:\/\/www.oldtimerfreunde-freising.de\/offpress\/wp-json\/wp\/v2\/pages\/978","targetHints":{"allow":["GET"]}}],"collection":[{"href":"https:\/\/www.oldtimerfreunde-freising.de\/offpress\/wp-json\/wp\/v2\/pages"}],"about":[{"href":"https:\/\/www.oldtimerfreunde-freising.de\/offpress\/wp-json\/wp\/v2\/types\/page"}],"author":[{"embeddable":true,"href":"https:\/\/www.oldtimerfreunde-freising.de\/offpress\/wp-json\/wp\/v2\/users\/1"}],"replies":[{"embeddable":true,"href":"https:\/\/www.oldtimerfreunde-freising.de\/offpress\/wp-json\/wp\/v2\/comments?post=978"}],"version-history":[{"count":3,"href":"https:\/\/www.oldtimerfreunde-freising.de\/offpress\/wp-json\/wp\/v2\/pages\/978\/revisions"}],"predecessor-version":[{"id":5828,"href":"https:\/\/www.oldtimerfreunde-freising.de\/offpress\/wp-json\/wp\/v2\/pages\/978\/revisions\/5828"}],"up":[{"embeddable":true,"href":"https:\/\/www.oldtimerfreunde-freising.de\/offpress\/wp-json\/wp\/v2\/pages\/57"}],"wp:attachment":[{"href":"https:\/\/www.oldtimerfreunde-freising.de\/offpress\/wp-json\/wp\/v2\/media?parent=978"}],"curies":[{"name":"wp","href":"https:\/\/api.w.org\/{rel}","templated":true}]}}